{"id":3113,"date":"2024-04-05T10:37:26","date_gmt":"2024-04-05T10:37:26","guid":{"rendered":"https:\/\/innovaiot.com\/?page_id=3113"},"modified":"2025-12-16T08:02:04","modified_gmt":"2025-12-16T08:02:04","slug":"industrializacion-y-operaciones-3","status":"publish","type":"page","link":"https:\/\/innovaiot.com\/es\/industrializacion-y-operaciones-3\/","title":{"rendered":"Asesoramiento sobre financiaci\u00f3n t\u00e9cnica e innovaci\u00f3n en I+D"},"content":{"rendered":"\t\t<div data-elementor-type=\"wp-page\" data-elementor-id=\"3113\" class=\"elementor elementor-3113 elementor-3111\" data-elementor-post-type=\"page\">\n\t\t\t\t<div class=\"elementor-element elementor-element-3cea977 e-flex e-con-boxed e-con e-parent\" data-id=\"3cea977\" data-element_type=\"container\" data-e-type=\"container\">\n\t\t\t\t\t<div class=\"e-con-inner\">\n\t\t\t\t\t<\/div>\n\t\t\t\t<\/div>\n\t\t<div class=\"elementor-element elementor-element-25a0e1a e-con-full e-flex e-con e-parent\" data-id=\"25a0e1a\" data-element_type=\"container\" data-e-type=\"container\">\n\t\t<div class=\"elementor-element elementor-element-120e259 e-con-full e-flex e-con e-child\" data-id=\"120e259\" data-element_type=\"container\" data-e-type=\"container\" data-settings=\"{&quot;position&quot;:&quot;fixed&quot;}\">\n\t\t\t\t<div class=\"elementor-element elementor-element-e8e879b elementor-view-default elementor-widget elementor-widget-icon\" data-id=\"e8e879b\" data-element_type=\"widget\" data-e-type=\"widget\" data-widget_type=\"icon.default\">\n\t\t\t\t<div class=\"elementor-widget-container\">\n\t\t\t\t\t\t\t<div class=\"elementor-icon-wrapper\">\n\t\t\t<a class=\"elementor-icon\" href=\"#elementor-action%3Aaction%3Dpopup%3Aopen%26settings%3DeyJpZCI6MjU0MywidG9nZ2xlIjpmYWxzZX0%3D\" rel=\"nofollow\">\n\t\t\t<svg aria-hidden=\"true\" class=\"e-font-icon-svg e-fas-home\" viewBox=\"0 0 576 512\" xmlns=\"http:\/\/www.w3.org\/2000\/svg\"><path d=\"M280.37 148.26L96 300.11V464a16 16 0 0 0 16 16l112.06-.29a16 16 0 0 0 15.92-16V368a16 16 0 0 1 16-16h64a16 16 0 0 1 16 16v95.64a16 16 0 0 0 16 16.05L464 480a16 16 0 0 0 16-16V300L295.67 148.26a12.19 12.19 0 0 0-15.3 0zM571.6 251.47L488 182.56V44.05a12 12 0 0 0-12-12h-56a12 12 0 0 0-12 12v72.61L318.47 43a48 48 0 0 0-61 0L4.34 251.47a12 12 0 0 0-1.6 16.9l25.5 31A12 12 0 0 0 45.15 301l235.22-193.74a12.19 12.19 0 0 1 15.3 0L530.9 301a12 12 0 0 0 16.9-1.6l25.5-31a12 12 0 0 0-1.7-16.93z\"><\/path><\/svg>\t\t\t<\/a>\n\t\t<\/div>\n\t\t\t\t\t\t<\/div>\n\t\t\t\t<\/div>\n\t\t\t\t<\/div>\n\t\t\t\t<\/div>\n\t\t<div class=\"elementor-element elementor-element-58a2a18 e-flex e-con-boxed e-con e-parent\" data-id=\"58a2a18\" data-element_type=\"container\" data-e-type=\"container\">\n\t\t\t\t\t<div class=\"e-con-inner\">\n\t\t<div class=\"elementor-element elementor-element-b3cb6bb e-con-full e-flex e-con e-child\" data-id=\"b3cb6bb\" data-element_type=\"container\" data-e-type=\"container\">\n\t\t<div class=\"elementor-element elementor-element-74a7582 e-con-full e-flex e-con e-child\" data-id=\"74a7582\" data-element_type=\"container\" data-e-type=\"container\">\n\t\t\t\t<div class=\"elementor-element elementor-element-9add7fc elementor-widget elementor-widget-heading\" data-id=\"9add7fc\" data-element_type=\"widget\" data-e-type=\"widget\" data-widget_type=\"heading.default\">\n\t\t\t\t<div class=\"elementor-widget-container\">\n\t\t\t\t\t<h1 class=\"elementor-heading-title elementor-size-default\">Somos asesores tecnol\u00f3gicos dedicados que se han especializado en navegar por las complejidades de asegurar y gestionar Next Generation, CDTi u otra forma de financiaci\u00f3n para sus proyectos.  \n<\/h1>\t\t\t\t<\/div>\n\t\t\t\t<\/div>\n\t\t\t\t<div class=\"elementor-element elementor-element-0b8a9c1 elementor-widget elementor-widget-heading\" data-id=\"0b8a9c1\" data-element_type=\"widget\" data-e-type=\"widget\" data-widget_type=\"heading.default\">\n\t\t\t\t<div class=\"elementor-widget-container\">\n\t\t\t\t\t<h3 class=\"elementor-heading-title elementor-size-default\">Tambi\u00e9n podemos ofrecer el servicio de definici\u00f3n y ejecuci\u00f3n de herramientas para la verificaci\u00f3n de placas electr\u00f3nicas, incluyendo HW y SW de control.<\/h3>\t\t\t\t<\/div>\n\t\t\t\t<\/div>\n\t\t\t\t<\/div>\n\t\t\t\t<\/div>\n\t\t<div class=\"elementor-element elementor-element-a5fcae4 e-con-full e-flex e-con e-child\" data-id=\"a5fcae4\" data-element_type=\"container\" data-e-type=\"container\">\n\t\t<div class=\"elementor-element elementor-element-4eb57e6 e-flex e-con-boxed e-con e-child\" data-id=\"4eb57e6\" data-element_type=\"container\" data-e-type=\"container\" data-settings=\"{&quot;background_background&quot;:&quot;classic&quot;}\">\n\t\t\t\t\t<div class=\"e-con-inner\">\n\t\t\t\t<div class=\"elementor-element elementor-element-8ce311b elementor-widget elementor-widget-image\" data-id=\"8ce311b\" data-element_type=\"widget\" data-e-type=\"widget\" data-widget_type=\"image.default\">\n\t\t\t\t<div class=\"elementor-widget-container\">\n\t\t\t\t\t\t\t\t\t\t\t\t\t\t\t\t<a href=\"https:\/\/innovaiot.com\/wp-content\/uploads\/2024\/04\/female-technician-modern-factory-technical-superv-2023-11-27-05-27-13-utc.jpg\" data-elementor-open-lightbox=\"yes\" data-elementor-lightbox-title=\"female-technician-modern-factory-technical-superv-2023-11-27-05-27-13-utc\" data-e-action-hash=\"#elementor-action%3Aaction%3Dlightbox%26settings%3DeyJpZCI6MzEyMCwidXJsIjoiaHR0cHM6XC9cL2lubm92YWlvdC5jb21cL3dwLWNvbnRlbnRcL3VwbG9hZHNcLzIwMjRcLzA0XC9mZW1hbGUtdGVjaG5pY2lhbi1tb2Rlcm4tZmFjdG9yeS10ZWNobmljYWwtc3VwZXJ2LTIwMjMtMTEtMjctMDUtMjctMTMtdXRjLmpwZyJ9\">\n\t\t\t\t\t\t\t<img fetchpriority=\"high\" decoding=\"async\" width=\"800\" height=\"533\" src=\"https:\/\/innovaiot.com\/wp-content\/uploads\/2024\/04\/female-technician-modern-factory-technical-superv-2023-11-27-05-27-13-utc-1024x682.jpg\" class=\"attachment-large size-large wp-image-3120\" alt=\"\" srcset=\"https:\/\/innovaiot.com\/wp-content\/uploads\/2024\/04\/female-technician-modern-factory-technical-superv-2023-11-27-05-27-13-utc-1024x682.jpg 1024w, https:\/\/innovaiot.com\/wp-content\/uploads\/2024\/04\/female-technician-modern-factory-technical-superv-2023-11-27-05-27-13-utc-300x200.jpg 300w, https:\/\/innovaiot.com\/wp-content\/uploads\/2024\/04\/female-technician-modern-factory-technical-superv-2023-11-27-05-27-13-utc-768x512.jpg 768w, https:\/\/innovaiot.com\/wp-content\/uploads\/2024\/04\/female-technician-modern-factory-technical-superv-2023-11-27-05-27-13-utc.jpg 1280w\" sizes=\"(max-width: 800px) 100vw, 800px\" \/>\t\t\t\t\t\t\t\t<\/a>\n\t\t\t\t\t\t\t\t\t\t\t\t\t\t\t<\/div>\n\t\t\t\t<\/div>\n\t\t\t\t\t<\/div>\n\t\t\t\t<\/div>\n\t\t<div class=\"elementor-element elementor-element-be6ed95 e-con-full e-flex e-con e-child\" data-id=\"be6ed95\" data-element_type=\"container\" data-e-type=\"container\">\n\t\t<div class=\"elementor-element elementor-element-521b036 e-flex e-con-boxed e-con e-child\" data-id=\"521b036\" data-element_type=\"container\" data-e-type=\"container\">\n\t\t\t\t\t<div class=\"e-con-inner\">\n\t\t\t\t<div class=\"elementor-element elementor-element-0b775a4 elementor-widget elementor-widget-text-editor\" data-id=\"0b775a4\" data-element_type=\"widget\" data-e-type=\"widget\" data-widget_type=\"text-editor.default\">\n\t\t\t\t<div class=\"elementor-widget-container\">\n\t\t\t\t\t\t\t\t\t<ul><li>Planificaci\u00f3n estrat\u00e9gica.<\/li><li>Desarrollo de propuestas.<\/li><li>Supervisi\u00f3n de proyectos.<\/li><li>Cumplimiento e informes.<\/li><li>Mitigaci\u00f3n de riesgos.<\/li><\/ul>\t\t\t\t\t\t\t\t<\/div>\n\t\t\t\t<\/div>\n\t\t\t\t<div class=\"elementor-element elementor-element-5b4f5ac elementor-widget elementor-widget-text-editor\" data-id=\"5b4f5ac\" data-element_type=\"widget\" data-e-type=\"widget\" data-widget_type=\"text-editor.default\">\n\t\t\t\t<div class=\"elementor-widget-container\">\n\t\t\t\t\t\t\t\t\t<p><strong>Con nuestra experiencia y nuestro apoyo especializado, podr\u00e1 navegar con confianza por los distintos escenarios de financiaci\u00f3n y maximizar el impacto de sus proyectos.  <\/strong><\/p>\t\t\t\t\t\t\t\t<\/div>\n\t\t\t\t<\/div>\n\t\t\t\t\t<\/div>\n\t\t\t\t<\/div>\n\t\t\t\t<\/div>\n\t\t\t\t<\/div>\n\t\t\t\t\t<\/div>\n\t\t\t\t<\/div>\n\t\t<div class=\"elementor-element elementor-element-15eca0e e-flex e-con-boxed e-con e-parent\" data-id=\"15eca0e\" data-element_type=\"container\" data-e-type=\"container\" data-settings=\"{&quot;background_background&quot;:&quot;classic&quot;}\">\n\t\t\t\t\t<div class=\"e-con-inner\">\n\t\t<div class=\"elementor-element elementor-element-6b39b0a e-flex e-con-boxed e-con e-child\" data-id=\"6b39b0a\" data-element_type=\"container\" data-e-type=\"container\" data-settings=\"{&quot;background_background&quot;:&quot;classic&quot;}\">\n\t\t\t\t\t<div class=\"e-con-inner\">\n\t\t<div class=\"elementor-element elementor-element-2d26436 e-con-full e-flex e-con e-child\" data-id=\"2d26436\" data-element_type=\"container\" data-e-type=\"container\">\n\t\t\t\t<div class=\"elementor-element elementor-element-85d5b25 elementor-widget elementor-widget-text-editor\" data-id=\"85d5b25\" data-element_type=\"widget\" data-e-type=\"widget\" data-widget_type=\"text-editor.default\">\n\t\t\t\t<div class=\"elementor-widget-container\">\n\t\t\t\t\t\t\t\t\t<p><span style=\"color: #ff6600;\"><b>1. Planificaci\u00f3n estrat\u00e9gica:<\/b><\/span><\/p>\t\t\t\t\t\t\t\t<\/div>\n\t\t\t\t<\/div>\n\t\t\t\t<div class=\"elementor-element elementor-element-a6b3ef4 elementor-widget elementor-widget-text-editor\" data-id=\"a6b3ef4\" data-element_type=\"widget\" data-e-type=\"widget\" data-widget_type=\"text-editor.default\">\n\t\t\t\t<div class=\"elementor-widget-container\">\n\t\t\t\t\t\t\t\t\t<p>Trabajamos estrechamente con usted para desarrollar una estrategia de financiaci\u00f3n integral adaptada a las necesidades y objetivos exclusivos de su proyecto. Desde la identificaci\u00f3n de fuentes de financiaci\u00f3n hasta la creaci\u00f3n de una hoja de ruta para la ejecuci\u00f3n, me aseguro de que cada paso est\u00e9 estrat\u00e9gicamente alineado.<\/p>\t\t\t\t\t\t\t\t<\/div>\n\t\t\t\t<\/div>\n\t\t\t\t<\/div>\n\t\t<div class=\"elementor-element elementor-element-0986ea5 e-con-full e-flex e-con e-child\" data-id=\"0986ea5\" data-element_type=\"container\" data-e-type=\"container\" data-settings=\"{&quot;background_background&quot;:&quot;classic&quot;}\">\n\t\t\t\t<div class=\"elementor-element elementor-element-ceb417b elementor-widget elementor-widget-text-editor\" data-id=\"ceb417b\" data-element_type=\"widget\" data-e-type=\"widget\" data-widget_type=\"text-editor.default\">\n\t\t\t\t<div class=\"elementor-widget-container\">\n\t\t\t\t\t\t\t\t\t<p><span style=\"color: #ff6600;\"><b>2. Elaboraci\u00f3n de propuestas:<\/b><\/span><\/p>\t\t\t\t\t\t\t\t<\/div>\n\t\t\t\t<\/div>\n\t\t\t\t<div class=\"elementor-element elementor-element-51318ea elementor-widget elementor-widget-text-editor\" data-id=\"51318ea\" data-element_type=\"widget\" data-e-type=\"widget\" data-widget_type=\"text-editor.default\">\n\t\t\t\t<div class=\"elementor-widget-container\">\n\t\t\t\t\t\t\t\t\t<p>Elaborar propuestas convincentes es clave para conseguir financiaci\u00f3n. Ofrecemos experiencia en el desarrollo de propuestas persuasivas que comuniquen eficazmente la visi\u00f3n, el impacto potencial y la propuesta de valor de su proyecto a inversores y organismos de financiaci\u00f3n.<\/p>\t\t\t\t\t\t\t\t<\/div>\n\t\t\t\t<\/div>\n\t\t\t\t<\/div>\n\t\t\t\t\t<\/div>\n\t\t\t\t<\/div>\n\t\t\t\t\t<\/div>\n\t\t\t\t<\/div>\n\t\t<div class=\"elementor-element elementor-element-d36cf25 e-flex e-con-boxed e-con e-parent\" data-id=\"d36cf25\" data-element_type=\"container\" data-e-type=\"container\" data-settings=\"{&quot;background_background&quot;:&quot;classic&quot;}\">\n\t\t\t\t\t<div class=\"e-con-inner\">\n\t\t<div class=\"elementor-element elementor-element-eb8ba50 e-flex e-con-boxed e-con e-child\" data-id=\"eb8ba50\" data-element_type=\"container\" data-e-type=\"container\" data-settings=\"{&quot;background_background&quot;:&quot;classic&quot;}\">\n\t\t\t\t\t<div class=\"e-con-inner\">\n\t\t<div class=\"elementor-element elementor-element-b5b99e6 e-con-full e-flex e-con e-child\" data-id=\"b5b99e6\" data-element_type=\"container\" data-e-type=\"container\">\n\t\t\t\t<div class=\"elementor-element elementor-element-75438df elementor-widget elementor-widget-text-editor\" data-id=\"75438df\" data-element_type=\"widget\" data-e-type=\"widget\" data-widget_type=\"text-editor.default\">\n\t\t\t\t<div class=\"elementor-widget-container\">\n\t\t\t\t\t\t\t\t\t<p><span style=\"color: #ff6600;\"><b>3. Supervisi\u00f3n del proyecto:<\/b><\/span><\/p>\t\t\t\t\t\t\t\t<\/div>\n\t\t\t\t<\/div>\n\t\t\t\t<div class=\"elementor-element elementor-element-e98a845 elementor-widget elementor-widget-text-editor\" data-id=\"e98a845\" data-element_type=\"widget\" data-e-type=\"widget\" data-widget_type=\"text-editor.default\">\n\t\t\t\t<div class=\"elementor-widget-container\">\n\t\t\t\t\t\t\t\t\t<p>Una vez asegurada la financiaci\u00f3n, proporcionamos apoyo continuo a la gesti\u00f3n del proyecto para garantizar una ejecuci\u00f3n fluida y una entrega puntual. Desde la gesti\u00f3n del presupuesto hasta el seguimiento de los hitos, mantenemos su proyecto en marcha y dentro de su alcance. Tambi\u00e9n podemos ayudarle en la ejecuci\u00f3n de las distintas tareas definidas.<\/p>\t\t\t\t\t\t\t\t<\/div>\n\t\t\t\t<\/div>\n\t\t\t\t<\/div>\n\t\t<div class=\"elementor-element elementor-element-1e6db09 e-con-full e-flex e-con e-child\" data-id=\"1e6db09\" data-element_type=\"container\" data-e-type=\"container\">\n\t\t\t\t<div class=\"elementor-element elementor-element-47e9d9a elementor-widget elementor-widget-text-editor\" data-id=\"47e9d9a\" data-element_type=\"widget\" data-e-type=\"widget\" data-widget_type=\"text-editor.default\">\n\t\t\t\t<div class=\"elementor-widget-container\">\n\t\t\t\t\t\t\t\t\t<p><span style=\"color: #ff6600;\"><b>4. Cumplimiento e informes:<\/b><\/span><\/p>\t\t\t\t\t\t\t\t<\/div>\n\t\t\t\t<\/div>\n\t\t\t\t<div class=\"elementor-element elementor-element-9e6b106 elementor-widget elementor-widget-text-editor\" data-id=\"9e6b106\" data-element_type=\"widget\" data-e-type=\"widget\" data-widget_type=\"text-editor.default\">\n\t\t\t\t<div class=\"elementor-widget-container\">\n\t\t\t\t\t\t\t\t\t<p>Navegar por el panorama normativo puede ser todo un reto. Nos aseguramos de que su proyecto siga cumpliendo los requisitos de financiaci\u00f3n y le ayudamos a preparar informes de progreso exhaustivos para mantener informadas a las partes interesadas.<\/p>\t\t\t\t\t\t\t\t<\/div>\n\t\t\t\t<\/div>\n\t\t\t\t<\/div>\n\t\t<div class=\"elementor-element elementor-element-cbd3d95 e-con-full e-flex e-con e-child\" data-id=\"cbd3d95\" data-element_type=\"container\" data-e-type=\"container\">\n\t\t\t\t<div class=\"elementor-element elementor-element-7367861 elementor-widget elementor-widget-text-editor\" data-id=\"7367861\" data-element_type=\"widget\" data-e-type=\"widget\" data-widget_type=\"text-editor.default\">\n\t\t\t\t<div class=\"elementor-widget-container\">\n\t\t\t\t\t\t\t\t\t<p><span style=\"color: #ff6600;\"><b>5. Mitigaci\u00f3n de riesgos:<\/b><\/span><\/p>\t\t\t\t\t\t\t\t<\/div>\n\t\t\t\t<\/div>\n\t\t\t\t<div class=\"elementor-element elementor-element-6b5d63a elementor-widget elementor-widget-text-editor\" data-id=\"6b5d63a\" data-element_type=\"widget\" data-e-type=\"widget\" data-widget_type=\"text-editor.default\">\n\t\t\t\t<div class=\"elementor-widget-container\">\n\t\t\t\t\t\t\t\t\t<p>Cada proyecto conlleva sus propios riesgos. Identificamos proactivamente los retos potenciales y desarrollamos estrategias de mitigaci\u00f3n de riesgos para salvaguardar el \u00e9xito de su proyecto.<\/p>\t\t\t\t\t\t\t\t<\/div>\n\t\t\t\t<\/div>\n\t\t\t\t<\/div>\n\t\t\t\t\t<\/div>\n\t\t\t\t<\/div>\n\t\t\t\t\t<\/div>\n\t\t\t\t<\/div>\n\t\t\t\t<\/div>\n\t\t","protected":false},"excerpt":{"rendered":"<p>Queremos ayudarle a pasar de hablar de innovaci\u00f3n a hacerla realidad.<\/p>\n","protected":false},"author":1,"featured_media":0,"parent":0,"menu_order":0,"comment_status":"closed","ping_status":"closed","template":"","meta":{"inline_featured_image":false,"footnotes":""},"class_list":["post-3113","page","type-page","status-publish","hentry"],"yoast_head":"<!-- This site is optimized with the Yoast SEO plugin v27.4 - https:\/\/yoast.com\/product\/yoast-seo-wordpress\/ -->\n<title>Asesoramiento sobre financiaci\u00f3n t\u00e9cnica e innovaci\u00f3n en I+D<\/title>\n<meta name=\"description\" content=\"Somos asesores tecnol\u00f3gicos dedicados que se han especializado en navegar por las complejidades de conseguir y gestionar financiaci\u00f3n de Nueva Generaci\u00f3n, CDTi u otras formas de financiaci\u00f3n para tus proyectos. Estamos muy centrados en dar un enfoque Innovador y podr\u00edamos ayudarte en campos como son los siguientes.\" \/>\n<meta name=\"robots\" content=\"index, follow, max-snippet:-1, max-image-preview:large, max-video-preview:-1\" \/>\n<link rel=\"canonical\" href=\"https:\/\/innovaiot.com\/es\/industrializacion-y-operaciones-3\/\" \/>\n<meta property=\"og:locale\" content=\"es_ES\" \/>\n<meta property=\"og:type\" content=\"article\" \/>\n<meta property=\"og:title\" content=\"Asesoramiento sobre financiaci\u00f3n t\u00e9cnica e innovaci\u00f3n en I+D\" \/>\n<meta property=\"og:description\" content=\"Somos asesores tecnol\u00f3gicos dedicados que se han especializado en navegar por las complejidades de conseguir y gestionar financiaci\u00f3n de Nueva Generaci\u00f3n, CDTi u otras formas de financiaci\u00f3n para tus proyectos. Estamos muy centrados en dar un enfoque Innovador y podr\u00edamos ayudarte en campos como son los siguientes.\" \/>\n<meta property=\"og:url\" content=\"https:\/\/innovaiot.com\/es\/industrializacion-y-operaciones-3\/\" \/>\n<meta property=\"og:site_name\" content=\"INNONVA IOT\" \/>\n<meta property=\"article:modified_time\" content=\"2025-12-16T08:02:04+00:00\" \/>\n<meta property=\"og:image\" content=\"https:\/\/innovaiot.com\/wp-content\/uploads\/2024\/04\/female-technician-modern-factory-technical-superv-2023-11-27-05-27-13-utc.jpg\" \/>\n\t<meta property=\"og:image:width\" content=\"1280\" \/>\n\t<meta property=\"og:image:height\" content=\"853\" \/>\n\t<meta property=\"og:image:type\" content=\"image\/jpeg\" \/>\n<script type=\"application\/ld+json\" class=\"yoast-schema-graph\">{\"@context\":\"https:\\\/\\\/schema.org\",\"@graph\":[{\"@type\":\"WebPage\",\"@id\":\"https:\\\/\\\/innovaiot.com\\\/es\\\/industrializacion-y-operaciones-3\\\/\",\"url\":\"https:\\\/\\\/innovaiot.com\\\/es\\\/industrializacion-y-operaciones-3\\\/\",\"name\":\"Asesoramiento sobre financiaci\u00f3n t\u00e9cnica e innovaci\u00f3n en I+D\",\"isPartOf\":{\"@id\":\"https:\\\/\\\/innovaiot.com\\\/es\\\/#website\"},\"primaryImageOfPage\":{\"@id\":\"https:\\\/\\\/innovaiot.com\\\/es\\\/industrializacion-y-operaciones-3\\\/#primaryimage\"},\"image\":{\"@id\":\"https:\\\/\\\/innovaiot.com\\\/es\\\/industrializacion-y-operaciones-3\\\/#primaryimage\"},\"thumbnailUrl\":\"https:\\\/\\\/innovaiot.com\\\/wp-content\\\/uploads\\\/2024\\\/04\\\/female-technician-modern-factory-technical-superv-2023-11-27-05-27-13-utc-1024x682.jpg\",\"datePublished\":\"2024-04-05T10:37:26+00:00\",\"dateModified\":\"2025-12-16T08:02:04+00:00\",\"description\":\"Somos asesores tecnol\u00f3gicos dedicados que se han especializado en navegar por las complejidades de conseguir y gestionar financiaci\u00f3n de Nueva Generaci\u00f3n, CDTi u otras formas de financiaci\u00f3n para tus proyectos. Estamos muy centrados en dar un enfoque Innovador y podr\u00edamos ayudarte en campos como son los siguientes.\",\"breadcrumb\":{\"@id\":\"https:\\\/\\\/innovaiot.com\\\/es\\\/industrializacion-y-operaciones-3\\\/#breadcrumb\"},\"inLanguage\":\"es\",\"potentialAction\":[{\"@type\":\"ReadAction\",\"target\":[\"https:\\\/\\\/innovaiot.com\\\/es\\\/industrializacion-y-operaciones-3\\\/\"]}]},{\"@type\":\"ImageObject\",\"inLanguage\":\"es\",\"@id\":\"https:\\\/\\\/innovaiot.com\\\/es\\\/industrializacion-y-operaciones-3\\\/#primaryimage\",\"url\":\"https:\\\/\\\/innovaiot.com\\\/wp-content\\\/uploads\\\/2024\\\/04\\\/female-technician-modern-factory-technical-superv-2023-11-27-05-27-13-utc-1024x682.jpg\",\"contentUrl\":\"https:\\\/\\\/innovaiot.com\\\/wp-content\\\/uploads\\\/2024\\\/04\\\/female-technician-modern-factory-technical-superv-2023-11-27-05-27-13-utc-1024x682.jpg\"},{\"@type\":\"BreadcrumbList\",\"@id\":\"https:\\\/\\\/innovaiot.com\\\/es\\\/industrializacion-y-operaciones-3\\\/#breadcrumb\",\"itemListElement\":[{\"@type\":\"ListItem\",\"position\":1,\"name\":\"Home\",\"item\":\"https:\\\/\\\/innovaiot.com\\\/es\\\/inicio\\\/\"},{\"@type\":\"ListItem\",\"position\":2,\"name\":\"Asesoramiento sobre financiaci\u00f3n t\u00e9cnica e innovaci\u00f3n en I+D\"}]},{\"@type\":\"WebSite\",\"@id\":\"https:\\\/\\\/innovaiot.com\\\/es\\\/#website\",\"url\":\"https:\\\/\\\/innovaiot.com\\\/es\\\/\",\"name\":\"INNONVA IOT\",\"description\":\"Innovation &amp; Design Tech Consultancy\",\"publisher\":{\"@id\":\"https:\\\/\\\/innovaiot.com\\\/es\\\/#organization\"},\"potentialAction\":[{\"@type\":\"SearchAction\",\"target\":{\"@type\":\"EntryPoint\",\"urlTemplate\":\"https:\\\/\\\/innovaiot.com\\\/es\\\/?s={search_term_string}\"},\"query-input\":{\"@type\":\"PropertyValueSpecification\",\"valueRequired\":true,\"valueName\":\"search_term_string\"}}],\"inLanguage\":\"es\"},{\"@type\":\"Organization\",\"@id\":\"https:\\\/\\\/innovaiot.com\\\/es\\\/#organization\",\"name\":\"INNONVA IOT\",\"url\":\"https:\\\/\\\/innovaiot.com\\\/es\\\/\",\"logo\":{\"@type\":\"ImageObject\",\"inLanguage\":\"es\",\"@id\":\"https:\\\/\\\/innovaiot.com\\\/es\\\/#\\\/schema\\\/logo\\\/image\\\/\",\"url\":\"https:\\\/\\\/innovaiot.com\\\/wp-content\\\/uploads\\\/2024\\\/02\\\/innoviot-logo.png\",\"contentUrl\":\"https:\\\/\\\/innovaiot.com\\\/wp-content\\\/uploads\\\/2024\\\/02\\\/innoviot-logo.png\",\"width\":450,\"height\":166,\"caption\":\"INNONVA IOT\"},\"image\":{\"@id\":\"https:\\\/\\\/innovaiot.com\\\/es\\\/#\\\/schema\\\/logo\\\/image\\\/\"}}]}<\/script>\n<!-- \/ Yoast SEO plugin. -->","yoast_head_json":{"title":"Asesoramiento sobre financiaci\u00f3n t\u00e9cnica e innovaci\u00f3n en I+D","description":"Somos asesores tecnol\u00f3gicos dedicados que se han especializado en navegar por las complejidades de conseguir y gestionar financiaci\u00f3n de Nueva Generaci\u00f3n, CDTi u otras formas de financiaci\u00f3n para tus proyectos. Estamos muy centrados en dar un enfoque Innovador y podr\u00edamos ayudarte en campos como son los siguientes.","robots":{"index":"index","follow":"follow","max-snippet":"max-snippet:-1","max-image-preview":"max-image-preview:large","max-video-preview":"max-video-preview:-1"},"canonical":"https:\/\/innovaiot.com\/es\/industrializacion-y-operaciones-3\/","og_locale":"es_ES","og_type":"article","og_title":"Asesoramiento sobre financiaci\u00f3n t\u00e9cnica e innovaci\u00f3n en I+D","og_description":"Somos asesores tecnol\u00f3gicos dedicados que se han especializado en navegar por las complejidades de conseguir y gestionar financiaci\u00f3n de Nueva Generaci\u00f3n, CDTi u otras formas de financiaci\u00f3n para tus proyectos. Estamos muy centrados en dar un enfoque Innovador y podr\u00edamos ayudarte en campos como son los siguientes.","og_url":"https:\/\/innovaiot.com\/es\/industrializacion-y-operaciones-3\/","og_site_name":"INNONVA IOT","article_modified_time":"2025-12-16T08:02:04+00:00","og_image":[{"width":1280,"height":853,"url":"https:\/\/innovaiot.com\/wp-content\/uploads\/2024\/04\/female-technician-modern-factory-technical-superv-2023-11-27-05-27-13-utc.jpg","type":"image\/jpeg"}],"schema":{"@context":"https:\/\/schema.org","@graph":[{"@type":"WebPage","@id":"https:\/\/innovaiot.com\/es\/industrializacion-y-operaciones-3\/","url":"https:\/\/innovaiot.com\/es\/industrializacion-y-operaciones-3\/","name":"Asesoramiento sobre financiaci\u00f3n t\u00e9cnica e innovaci\u00f3n en I+D","isPartOf":{"@id":"https:\/\/innovaiot.com\/es\/#website"},"primaryImageOfPage":{"@id":"https:\/\/innovaiot.com\/es\/industrializacion-y-operaciones-3\/#primaryimage"},"image":{"@id":"https:\/\/innovaiot.com\/es\/industrializacion-y-operaciones-3\/#primaryimage"},"thumbnailUrl":"https:\/\/innovaiot.com\/wp-content\/uploads\/2024\/04\/female-technician-modern-factory-technical-superv-2023-11-27-05-27-13-utc-1024x682.jpg","datePublished":"2024-04-05T10:37:26+00:00","dateModified":"2025-12-16T08:02:04+00:00","description":"Somos asesores tecnol\u00f3gicos dedicados que se han especializado en navegar por las complejidades de conseguir y gestionar financiaci\u00f3n de Nueva Generaci\u00f3n, CDTi u otras formas de financiaci\u00f3n para tus proyectos. Estamos muy centrados en dar un enfoque Innovador y podr\u00edamos ayudarte en campos como son los siguientes.","breadcrumb":{"@id":"https:\/\/innovaiot.com\/es\/industrializacion-y-operaciones-3\/#breadcrumb"},"inLanguage":"es","potentialAction":[{"@type":"ReadAction","target":["https:\/\/innovaiot.com\/es\/industrializacion-y-operaciones-3\/"]}]},{"@type":"ImageObject","inLanguage":"es","@id":"https:\/\/innovaiot.com\/es\/industrializacion-y-operaciones-3\/#primaryimage","url":"https:\/\/innovaiot.com\/wp-content\/uploads\/2024\/04\/female-technician-modern-factory-technical-superv-2023-11-27-05-27-13-utc-1024x682.jpg","contentUrl":"https:\/\/innovaiot.com\/wp-content\/uploads\/2024\/04\/female-technician-modern-factory-technical-superv-2023-11-27-05-27-13-utc-1024x682.jpg"},{"@type":"BreadcrumbList","@id":"https:\/\/innovaiot.com\/es\/industrializacion-y-operaciones-3\/#breadcrumb","itemListElement":[{"@type":"ListItem","position":1,"name":"Home","item":"https:\/\/innovaiot.com\/es\/inicio\/"},{"@type":"ListItem","position":2,"name":"Asesoramiento sobre financiaci\u00f3n t\u00e9cnica e innovaci\u00f3n en I+D"}]},{"@type":"WebSite","@id":"https:\/\/innovaiot.com\/es\/#website","url":"https:\/\/innovaiot.com\/es\/","name":"INNONVA IOT","description":"Innovation &amp; Design Tech Consultancy","publisher":{"@id":"https:\/\/innovaiot.com\/es\/#organization"},"potentialAction":[{"@type":"SearchAction","target":{"@type":"EntryPoint","urlTemplate":"https:\/\/innovaiot.com\/es\/?s={search_term_string}"},"query-input":{"@type":"PropertyValueSpecification","valueRequired":true,"valueName":"search_term_string"}}],"inLanguage":"es"},{"@type":"Organization","@id":"https:\/\/innovaiot.com\/es\/#organization","name":"INNONVA IOT","url":"https:\/\/innovaiot.com\/es\/","logo":{"@type":"ImageObject","inLanguage":"es","@id":"https:\/\/innovaiot.com\/es\/#\/schema\/logo\/image\/","url":"https:\/\/innovaiot.com\/wp-content\/uploads\/2024\/02\/innoviot-logo.png","contentUrl":"https:\/\/innovaiot.com\/wp-content\/uploads\/2024\/02\/innoviot-logo.png","width":450,"height":166,"caption":"INNONVA IOT"},"image":{"@id":"https:\/\/innovaiot.com\/es\/#\/schema\/logo\/image\/"}}]}},"_links":{"self":[{"href":"https:\/\/innovaiot.com\/es\/wp-json\/wp\/v2\/pages\/3113","targetHints":{"allow":["GET"]}}],"collection":[{"href":"https:\/\/innovaiot.com\/es\/wp-json\/wp\/v2\/pages"}],"about":[{"href":"https:\/\/innovaiot.com\/es\/wp-json\/wp\/v2\/types\/page"}],"author":[{"embeddable":true,"href":"https:\/\/innovaiot.com\/es\/wp-json\/wp\/v2\/users\/1"}],"replies":[{"embeddable":true,"href":"https:\/\/innovaiot.com\/es\/wp-json\/wp\/v2\/comments?post=3113"}],"version-history":[{"count":2,"href":"https:\/\/innovaiot.com\/es\/wp-json\/wp\/v2\/pages\/3113\/revisions"}],"predecessor-version":[{"id":3549,"href":"https:\/\/innovaiot.com\/es\/wp-json\/wp\/v2\/pages\/3113\/revisions\/3549"}],"wp:attachment":[{"href":"https:\/\/innovaiot.com\/es\/wp-json\/wp\/v2\/media?parent=3113"}],"curies":[{"name":"wp","href":"https:\/\/api.w.org\/{rel}","templated":true}]}}