{"id":2943,"date":"2024-02-10T10:38:28","date_gmt":"2024-02-10T10:38:28","guid":{"rendered":"https:\/\/innovaiot.com\/otros-servicios\/"},"modified":"2024-10-01T13:37:36","modified_gmt":"2024-10-01T13:37:36","slug":"otros-servicios","status":"publish","type":"page","link":"https:\/\/innovaiot.com\/es\/otros-servicios\/","title":{"rendered":"Otros servicios"},"content":{"rendered":"\t\t<div data-elementor-type=\"wp-page\" data-elementor-id=\"2943\" class=\"elementor elementor-2943 elementor-938\" data-elementor-post-type=\"page\">\n\t\t\t\t<div class=\"elementor-element elementor-element-c5f57f4 e-con-full e-flex e-con e-parent\" data-id=\"c5f57f4\" data-element_type=\"container\" data-e-type=\"container\" data-settings=\"{&quot;background_background&quot;:&quot;video&quot;,&quot;background_video_link&quot;:&quot;https:\\\/\\\/vimeo.com\\\/752612300?share=copy&quot;,&quot;background_play_on_mobile&quot;:&quot;yes&quot;}\">\n\t\t<div class=\"elementor-background-video-container\">\n\t\t\t\t\t\t\t<div class=\"elementor-background-video-embed\" role=\"presentation\"><\/div>\n\t\t\t\t\t\t<\/div><div class=\"elementor-element elementor-element-f56b7fc e-con-full e-flex e-con e-child\" data-id=\"f56b7fc\" data-element_type=\"container\" data-e-type=\"container\">\n\t\t<div class=\"elementor-element elementor-element-ce8d19f e-flex e-con-boxed e-con e-child\" data-id=\"ce8d19f\" data-element_type=\"container\" data-e-type=\"container\">\n\t\t\t\t\t<div class=\"e-con-inner\">\n\t\t<div class=\"elementor-element elementor-element-13266a5 e-con-full e-flex e-con e-child\" data-id=\"13266a5\" data-element_type=\"container\" data-e-type=\"container\">\n\t\t\t\t<div class=\"elementor-element elementor-element-4b40a59 elementor-align-start elementor-mobile-align-start elementor-icon-list--layout-traditional elementor-list-item-link-full_width elementor-widget elementor-widget-icon-list\" data-id=\"4b40a59\" data-element_type=\"widget\" data-e-type=\"widget\" data-widget_type=\"icon-list.default\">\n\t\t\t\t<div class=\"elementor-widget-container\">\n\t\t\t\t\t\t\t<ul class=\"elementor-icon-list-items\">\n\t\t\t\t\t\t\t<li class=\"elementor-icon-list-item\">\n\t\t\t\t\t\t\t\t\t\t\t<span class=\"elementor-icon-list-icon\">\n\t\t\t\t\t\t\t<svg aria-hidden=\"true\" class=\"e-font-icon-svg e-fas-check\" viewBox=\"0 0 512 512\" xmlns=\"http:\/\/www.w3.org\/2000\/svg\"><path d=\"M173.898 439.404l-166.4-166.4c-9.997-9.997-9.997-26.206 0-36.204l36.203-36.204c9.997-9.998 26.207-9.998 36.204 0L192 312.69 432.095 72.596c9.997-9.997 26.207-9.997 36.204 0l36.203 36.204c9.997 9.997 9.997 26.206 0 36.204l-294.4 294.401c-9.998 9.997-26.207 9.997-36.204-.001z\"><\/path><\/svg>\t\t\t\t\t\t<\/span>\n\t\t\t\t\t\t\t\t\t\t<span class=\"elementor-icon-list-text\">Formaci\u00f3n<\/span>\n\t\t\t\t\t\t\t\t\t<\/li>\n\t\t\t\t\t\t\t\t<li class=\"elementor-icon-list-item\">\n\t\t\t\t\t\t\t\t\t\t\t<span class=\"elementor-icon-list-icon\">\n\t\t\t\t\t\t\t<svg aria-hidden=\"true\" class=\"e-font-icon-svg e-fas-check\" viewBox=\"0 0 512 512\" xmlns=\"http:\/\/www.w3.org\/2000\/svg\"><path d=\"M173.898 439.404l-166.4-166.4c-9.997-9.997-9.997-26.206 0-36.204l36.203-36.204c9.997-9.998 26.207-9.998 36.204 0L192 312.69 432.095 72.596c9.997-9.997 26.207-9.997 36.204 0l36.203 36.204c9.997 9.997 9.997 26.206 0 36.204l-294.4 294.401c-9.998 9.997-26.207 9.997-36.204-.001z\"><\/path><\/svg>\t\t\t\t\t\t<\/span>\n\t\t\t\t\t\t\t\t\t\t<span class=\"elementor-icon-list-text\">Revisi\u00f3n del dise\u00f1o<\/span>\n\t\t\t\t\t\t\t\t\t<\/li>\n\t\t\t\t\t\t\t\t<li class=\"elementor-icon-list-item\">\n\t\t\t\t\t\t\t\t\t\t\t<span class=\"elementor-icon-list-icon\">\n\t\t\t\t\t\t\t<svg aria-hidden=\"true\" class=\"e-font-icon-svg e-fas-check\" viewBox=\"0 0 512 512\" xmlns=\"http:\/\/www.w3.org\/2000\/svg\"><path d=\"M173.898 439.404l-166.4-166.4c-9.997-9.997-9.997-26.206 0-36.204l36.203-36.204c9.997-9.998 26.207-9.998 36.204 0L192 312.69 432.095 72.596c9.997-9.997 26.207-9.997 36.204 0l36.203 36.204c9.997 9.997 9.997 26.206 0 36.204l-294.4 294.401c-9.998 9.997-26.207 9.997-36.204-.001z\"><\/path><\/svg>\t\t\t\t\t\t<\/span>\n\t\t\t\t\t\t\t\t\t\t<span class=\"elementor-icon-list-text\">Interim management<\/span>\n\t\t\t\t\t\t\t\t\t<\/li>\n\t\t\t\t\t\t<\/ul>\n\t\t\t\t\t\t<\/div>\n\t\t\t\t<\/div>\n\t\t\t\t<\/div>\n\t\t<div class=\"elementor-element elementor-element-9e485ce e-con-full e-flex e-con e-child\" data-id=\"9e485ce\" data-element_type=\"container\" data-e-type=\"container\">\n\t\t<div class=\"elementor-element elementor-element-8007e55 e-con-full e-flex e-con e-child\" data-id=\"8007e55\" data-element_type=\"container\" data-e-type=\"container\">\n\t\t\t\t<div class=\"elementor-element elementor-element-ca2e884 elementor-widget elementor-widget-heading\" data-id=\"ca2e884\" data-element_type=\"widget\" data-e-type=\"widget\" data-widget_type=\"heading.default\">\n\t\t\t\t<div class=\"elementor-widget-container\">\n\t\t\t\t\t<h2 class=\"elementor-heading-title elementor-size-default\">Las soluciones que necesita para Innovar y a\u00f1adir valor a su Modelo de Negocio<\/h2>\t\t\t\t<\/div>\n\t\t\t\t<\/div>\n\t\t\t\t<\/div>\n\t\t\t\t<\/div>\n\t\t\t\t\t<\/div>\n\t\t\t\t<\/div>\n\t\t\t\t<\/div>\n\t\t\t\t<\/div>\n\t\t<div class=\"elementor-element elementor-element-f181803 e-grid e-con-boxed e-con e-parent\" data-id=\"f181803\" data-element_type=\"container\" data-e-type=\"container\" data-settings=\"{&quot;background_background&quot;:&quot;classic&quot;}\">\n\t\t\t\t\t<div class=\"e-con-inner\">\n\t\t<div class=\"elementor-element elementor-element-4199ea8 e-con-full e-flex e-con e-child\" data-id=\"4199ea8\" data-element_type=\"container\" data-e-type=\"container\">\n\t\t\t\t<div class=\"elementor-element elementor-element-a3a30a2 elementor-cta--layout-image-above elementor-cta--valign-top elementor-cta--skin-classic elementor-animated-content elementor-bg-transform elementor-bg-transform-zoom-in elementor-widget elementor-widget-call-to-action\" data-id=\"a3a30a2\" data-element_type=\"widget\" data-e-type=\"widget\" data-widget_type=\"call-to-action.default\">\n\t\t\t\t<div class=\"elementor-widget-container\">\n\t\t\t\t\t\t\t<div class=\"elementor-cta\">\n\t\t\t\t\t<div class=\"elementor-cta__bg-wrapper\">\n\t\t\t\t<div class=\"elementor-cta__bg elementor-bg\" style=\"background-image: url(https:\/\/innovaiot.com\/wp-content\/uploads\/2024\/02\/two-friends-secondary-school-students-soldering-together-electronics-circuit-board.jpg);\" role=\"img\" aria-label=\"Two Friends Secondary School Students soldering together electronics circuit board\"><\/div>\n\t\t\t\t<div class=\"elementor-cta__bg-overlay\"><\/div>\n\t\t\t<\/div>\n\t\t\t\t\t\t\t<div class=\"elementor-cta__content\">\n\t\t\t\t\n\t\t\t\t\t\t\t\t\t<h3 class=\"elementor-cta__title elementor-cta__content-item elementor-content-item\">\n\t\t\t\t\t\tFormaci\u00f3n\t\t\t\t\t<\/h3>\n\t\t\t\t\n\t\t\t\t\t\t\t\t\t<div class=\"elementor-cta__description elementor-cta__content-item elementor-content-item\">\n\t\t\t\t\t\t<p>Preparaci\u00f3n de cursos t\u00e9cnicos personalizados.<br \/>\nProfesor t\u00e9cnico.<\/p>\n\t\t\t\t\t<\/div>\n\t\t\t\t\n\t\t\t\t\t\t\t\t\t<div class=\"elementor-cta__button-wrapper elementor-cta__content-item elementor-content-item \">\n\t\t\t\t\t<a class=\"elementor-cta__button elementor-button elementor-size-\" href=\"https:\/\/innovaiot.com\/es\/formacion\/\">\n\t\t\t\t\t\t\u00a1Adelante!\t\t\t\t\t<\/a>\n\t\t\t\t\t<\/div>\n\t\t\t\t\t\t\t<\/div>\n\t\t\t\t\t\t<\/div>\n\t\t\t\t\t\t<\/div>\n\t\t\t\t<\/div>\n\t\t\t\t<\/div>\n\t\t<div class=\"elementor-element elementor-element-90acd01 e-con-full e-flex e-con e-child\" data-id=\"90acd01\" data-element_type=\"container\" data-e-type=\"container\">\n\t\t\t\t<div class=\"elementor-element elementor-element-c97a02c elementor-cta--layout-image-above elementor-cta--valign-top elementor-cta--skin-classic elementor-animated-content elementor-bg-transform elementor-bg-transform-zoom-in elementor-widget elementor-widget-call-to-action\" data-id=\"c97a02c\" data-element_type=\"widget\" data-e-type=\"widget\" data-widget_type=\"call-to-action.default\">\n\t\t\t\t<div class=\"elementor-widget-container\">\n\t\t\t\t\t\t\t<div class=\"elementor-cta\">\n\t\t\t\t\t<div class=\"elementor-cta__bg-wrapper\">\n\t\t\t\t<div class=\"elementor-cta__bg elementor-bg\" style=\"background-image: url(https:\/\/innovaiot.com\/wp-content\/uploads\/2024\/02\/electronic-circuit-blur.jpg);\" role=\"img\" aria-label=\"Electronic circuit blur\"><\/div>\n\t\t\t\t<div class=\"elementor-cta__bg-overlay\"><\/div>\n\t\t\t<\/div>\n\t\t\t\t\t\t\t<div class=\"elementor-cta__content\">\n\t\t\t\t\n\t\t\t\t\t\t\t\t\t<h3 class=\"elementor-cta__title elementor-cta__content-item elementor-content-item\">\n\t\t\t\t\t\tRevisi\u00f3n del dise\u00f1o\t\t\t\t\t<\/h3>\n\t\t\t\t\n\t\t\t\t\t\t\t\t\t<div class=\"elementor-cta__description elementor-cta__content-item elementor-content-item\">\n\t\t\t\t\t\t<p>IoT.<br \/>\nElectr\u00f3nica.<br \/>\nEl\u00e9ctrico.<br \/>\nHW\/FW\/SW.<\/p>\n\t\t\t\t\t<\/div>\n\t\t\t\t\n\t\t\t\t\t\t\t\t\t<div class=\"elementor-cta__button-wrapper elementor-cta__content-item elementor-content-item \">\n\t\t\t\t\t<a class=\"elementor-cta__button elementor-button elementor-size-\" href=\"https:\/\/innovaiot.com\/es\/revision-del-diseno\/\">\n\t\t\t\t\t\tVer casos\t\t\t\t\t<\/a>\n\t\t\t\t\t<\/div>\n\t\t\t\t\t\t\t<\/div>\n\t\t\t\t\t\t<\/div>\n\t\t\t\t\t\t<\/div>\n\t\t\t\t<\/div>\n\t\t\t\t<\/div>\n\t\t<div class=\"elementor-element elementor-element-75ad79f e-con-full e-flex e-con e-child\" data-id=\"75ad79f\" data-element_type=\"container\" data-e-type=\"container\">\n\t\t\t\t<div class=\"elementor-element elementor-element-f2aac38 elementor-cta--layout-image-above elementor-cta--valign-top elementor-cta--skin-classic elementor-animated-content elementor-bg-transform elementor-bg-transform-zoom-in elementor-widget elementor-widget-call-to-action\" data-id=\"f2aac38\" data-element_type=\"widget\" data-e-type=\"widget\" data-widget_type=\"call-to-action.default\">\n\t\t\t\t<div class=\"elementor-widget-container\">\n\t\t\t\t\t\t\t<div class=\"elementor-cta\">\n\t\t\t\t\t<div class=\"elementor-cta__bg-wrapper\">\n\t\t\t\t<div class=\"elementor-cta__bg elementor-bg\" style=\"background-image: url(https:\/\/innovaiot.com\/wp-content\/uploads\/2024\/02\/flow-management-concept-.jpg);\" role=\"img\" aria-label=\"Flow management concept.\"><\/div>\n\t\t\t\t<div class=\"elementor-cta__bg-overlay\"><\/div>\n\t\t\t<\/div>\n\t\t\t\t\t\t\t<div class=\"elementor-cta__content\">\n\t\t\t\t\n\t\t\t\t\t\t\t\t\t<h3 class=\"elementor-cta__title elementor-cta__content-item elementor-content-item\">\n\t\t\t\t\t\tGesti\u00f3n provisional\t\t\t\t\t<\/h3>\n\t\t\t\t\n\t\t\t\t\t\t\t\t\t<div class=\"elementor-cta__description elementor-cta__content-item elementor-content-item\">\n\t\t\t\t\t\t<p>CTO.<br \/>\nDirector de Innovaci\u00f3n.<br \/>\nDirector de I+D.<br \/>\nDirector del proyecto.<br \/>\nPMO.<\/p>\n\t\t\t\t\t<\/div>\n\t\t\t\t\n\t\t\t\t\t\t\t\t\t<div class=\"elementor-cta__button-wrapper elementor-cta__content-item elementor-content-item \">\n\t\t\t\t\t<a class=\"elementor-cta__button elementor-button elementor-size-\" href=\"https:\/\/innovaiot.com\/es\/gestion-provisional\/\">\n\t\t\t\t\t\tVer casos\t\t\t\t\t<\/a>\n\t\t\t\t\t<\/div>\n\t\t\t\t\t\t\t<\/div>\n\t\t\t\t\t\t<\/div>\n\t\t\t\t\t\t<\/div>\n\t\t\t\t<\/div>\n\t\t\t\t<\/div>\n\t\t\t\t\t<\/div>\n\t\t\t\t<\/div>\n\t\t\t\t<\/div>\n\t\t","protected":false},"excerpt":{"rendered":"<p>Formaci\u00f3n Revisi\u00f3n del dise\u00f1o Interim management Las soluciones que necesita para Innovar y a\u00f1adir valor a su Modelo de Negocio Formaci\u00f3n Preparaci\u00f3n de cursos t\u00e9cnicos personalizados. Profesor t\u00e9cnico. \u00a1Adelante! Revisi\u00f3n del dise\u00f1o IoT. Electr\u00f3nica. El\u00e9ctrico. HW\/FW\/SW. Ver casos Gesti\u00f3n provisional CTO. Director de Innovaci\u00f3n. Director de I+D. Director del proyecto. PMO. Ver casos<\/p>\n","protected":false},"author":1,"featured_media":0,"parent":0,"menu_order":0,"comment_status":"closed","ping_status":"closed","template":"","meta":{"inline_featured_image":false,"footnotes":""},"class_list":["post-2943","page","type-page","status-publish","hentry"],"yoast_head":"<!-- This site is optimized with the Yoast SEO plugin v27.3 - https:\/\/yoast.com\/product\/yoast-seo-wordpress\/ -->\n<title>Otros servicios<\/title>\n<meta name=\"robots\" content=\"index, follow, max-snippet:-1, max-image-preview:large, max-video-preview:-1\" \/>\n<link rel=\"canonical\" href=\"https:\/\/innovaiot.com\/es\/otros-servicios\/\" \/>\n<meta property=\"og:locale\" content=\"es_ES\" \/>\n<meta property=\"og:type\" content=\"article\" \/>\n<meta property=\"og:title\" content=\"Otros servicios\" \/>\n<meta property=\"og:description\" content=\"Formaci\u00f3n Revisi\u00f3n del dise\u00f1o Interim management Las soluciones que necesita para Innovar y a\u00f1adir valor a su Modelo de Negocio Formaci\u00f3n Preparaci\u00f3n de cursos t\u00e9cnicos personalizados. Profesor t\u00e9cnico. \u00a1Adelante! Revisi\u00f3n del dise\u00f1o IoT. Electr\u00f3nica. El\u00e9ctrico. HW\/FW\/SW. Ver casos Gesti\u00f3n provisional CTO. Director de Innovaci\u00f3n. Director de I+D. Director del proyecto. PMO. Ver casos\" \/>\n<meta property=\"og:url\" content=\"https:\/\/innovaiot.com\/es\/otros-servicios\/\" \/>\n<meta property=\"og:site_name\" content=\"INNONVA IOT\" \/>\n<meta property=\"article:modified_time\" content=\"2024-10-01T13:37:36+00:00\" \/>\n<script type=\"application\/ld+json\" class=\"yoast-schema-graph\">{\"@context\":\"https:\\\/\\\/schema.org\",\"@graph\":[{\"@type\":\"WebPage\",\"@id\":\"https:\\\/\\\/innovaiot.com\\\/es\\\/otros-servicios\\\/\",\"url\":\"https:\\\/\\\/innovaiot.com\\\/es\\\/otros-servicios\\\/\",\"name\":\"Otros servicios\",\"isPartOf\":{\"@id\":\"https:\\\/\\\/innovaiot.com\\\/es\\\/#website\"},\"datePublished\":\"2024-02-10T10:38:28+00:00\",\"dateModified\":\"2024-10-01T13:37:36+00:00\",\"breadcrumb\":{\"@id\":\"https:\\\/\\\/innovaiot.com\\\/es\\\/otros-servicios\\\/#breadcrumb\"},\"inLanguage\":\"es\",\"potentialAction\":[{\"@type\":\"ReadAction\",\"target\":[\"https:\\\/\\\/innovaiot.com\\\/es\\\/otros-servicios\\\/\"]}]},{\"@type\":\"BreadcrumbList\",\"@id\":\"https:\\\/\\\/innovaiot.com\\\/es\\\/otros-servicios\\\/#breadcrumb\",\"itemListElement\":[{\"@type\":\"ListItem\",\"position\":1,\"name\":\"Home\",\"item\":\"https:\\\/\\\/innovaiot.com\\\/es\\\/inicio\\\/\"},{\"@type\":\"ListItem\",\"position\":2,\"name\":\"Otros servicios\"}]},{\"@type\":\"WebSite\",\"@id\":\"https:\\\/\\\/innovaiot.com\\\/es\\\/#website\",\"url\":\"https:\\\/\\\/innovaiot.com\\\/es\\\/\",\"name\":\"INNONVA IOT\",\"description\":\"Innovation &amp; Design Tech Consultancy\",\"publisher\":{\"@id\":\"https:\\\/\\\/innovaiot.com\\\/es\\\/#organization\"},\"potentialAction\":[{\"@type\":\"SearchAction\",\"target\":{\"@type\":\"EntryPoint\",\"urlTemplate\":\"https:\\\/\\\/innovaiot.com\\\/es\\\/?s={search_term_string}\"},\"query-input\":{\"@type\":\"PropertyValueSpecification\",\"valueRequired\":true,\"valueName\":\"search_term_string\"}}],\"inLanguage\":\"es\"},{\"@type\":\"Organization\",\"@id\":\"https:\\\/\\\/innovaiot.com\\\/es\\\/#organization\",\"name\":\"INNONVA IOT\",\"url\":\"https:\\\/\\\/innovaiot.com\\\/es\\\/\",\"logo\":{\"@type\":\"ImageObject\",\"inLanguage\":\"es\",\"@id\":\"https:\\\/\\\/innovaiot.com\\\/es\\\/#\\\/schema\\\/logo\\\/image\\\/\",\"url\":\"https:\\\/\\\/innovaiot.com\\\/wp-content\\\/uploads\\\/2024\\\/02\\\/innoviot-logo.png\",\"contentUrl\":\"https:\\\/\\\/innovaiot.com\\\/wp-content\\\/uploads\\\/2024\\\/02\\\/innoviot-logo.png\",\"width\":450,\"height\":166,\"caption\":\"INNONVA IOT\"},\"image\":{\"@id\":\"https:\\\/\\\/innovaiot.com\\\/es\\\/#\\\/schema\\\/logo\\\/image\\\/\"}}]}<\/script>\n<!-- \/ Yoast SEO plugin. -->","yoast_head_json":{"title":"Otros servicios","robots":{"index":"index","follow":"follow","max-snippet":"max-snippet:-1","max-image-preview":"max-image-preview:large","max-video-preview":"max-video-preview:-1"},"canonical":"https:\/\/innovaiot.com\/es\/otros-servicios\/","og_locale":"es_ES","og_type":"article","og_title":"Otros servicios","og_description":"Formaci\u00f3n Revisi\u00f3n del dise\u00f1o Interim management Las soluciones que necesita para Innovar y a\u00f1adir valor a su Modelo de Negocio Formaci\u00f3n Preparaci\u00f3n de cursos t\u00e9cnicos personalizados. Profesor t\u00e9cnico. \u00a1Adelante! Revisi\u00f3n del dise\u00f1o IoT. Electr\u00f3nica. El\u00e9ctrico. HW\/FW\/SW. Ver casos Gesti\u00f3n provisional CTO. Director de Innovaci\u00f3n. Director de I+D. Director del proyecto. PMO. Ver casos","og_url":"https:\/\/innovaiot.com\/es\/otros-servicios\/","og_site_name":"INNONVA IOT","article_modified_time":"2024-10-01T13:37:36+00:00","schema":{"@context":"https:\/\/schema.org","@graph":[{"@type":"WebPage","@id":"https:\/\/innovaiot.com\/es\/otros-servicios\/","url":"https:\/\/innovaiot.com\/es\/otros-servicios\/","name":"Otros servicios","isPartOf":{"@id":"https:\/\/innovaiot.com\/es\/#website"},"datePublished":"2024-02-10T10:38:28+00:00","dateModified":"2024-10-01T13:37:36+00:00","breadcrumb":{"@id":"https:\/\/innovaiot.com\/es\/otros-servicios\/#breadcrumb"},"inLanguage":"es","potentialAction":[{"@type":"ReadAction","target":["https:\/\/innovaiot.com\/es\/otros-servicios\/"]}]},{"@type":"BreadcrumbList","@id":"https:\/\/innovaiot.com\/es\/otros-servicios\/#breadcrumb","itemListElement":[{"@type":"ListItem","position":1,"name":"Home","item":"https:\/\/innovaiot.com\/es\/inicio\/"},{"@type":"ListItem","position":2,"name":"Otros servicios"}]},{"@type":"WebSite","@id":"https:\/\/innovaiot.com\/es\/#website","url":"https:\/\/innovaiot.com\/es\/","name":"INNONVA IOT","description":"Innovation &amp; Design Tech Consultancy","publisher":{"@id":"https:\/\/innovaiot.com\/es\/#organization"},"potentialAction":[{"@type":"SearchAction","target":{"@type":"EntryPoint","urlTemplate":"https:\/\/innovaiot.com\/es\/?s={search_term_string}"},"query-input":{"@type":"PropertyValueSpecification","valueRequired":true,"valueName":"search_term_string"}}],"inLanguage":"es"},{"@type":"Organization","@id":"https:\/\/innovaiot.com\/es\/#organization","name":"INNONVA IOT","url":"https:\/\/innovaiot.com\/es\/","logo":{"@type":"ImageObject","inLanguage":"es","@id":"https:\/\/innovaiot.com\/es\/#\/schema\/logo\/image\/","url":"https:\/\/innovaiot.com\/wp-content\/uploads\/2024\/02\/innoviot-logo.png","contentUrl":"https:\/\/innovaiot.com\/wp-content\/uploads\/2024\/02\/innoviot-logo.png","width":450,"height":166,"caption":"INNONVA IOT"},"image":{"@id":"https:\/\/innovaiot.com\/es\/#\/schema\/logo\/image\/"}}]}},"_links":{"self":[{"href":"https:\/\/innovaiot.com\/es\/wp-json\/wp\/v2\/pages\/2943","targetHints":{"allow":["GET"]}}],"collection":[{"href":"https:\/\/innovaiot.com\/es\/wp-json\/wp\/v2\/pages"}],"about":[{"href":"https:\/\/innovaiot.com\/es\/wp-json\/wp\/v2\/types\/page"}],"author":[{"embeddable":true,"href":"https:\/\/innovaiot.com\/es\/wp-json\/wp\/v2\/users\/1"}],"replies":[{"embeddable":true,"href":"https:\/\/innovaiot.com\/es\/wp-json\/wp\/v2\/comments?post=2943"}],"version-history":[{"count":6,"href":"https:\/\/innovaiot.com\/es\/wp-json\/wp\/v2\/pages\/2943\/revisions"}],"predecessor-version":[{"id":3461,"href":"https:\/\/innovaiot.com\/es\/wp-json\/wp\/v2\/pages\/2943\/revisions\/3461"}],"wp:attachment":[{"href":"https:\/\/innovaiot.com\/es\/wp-json\/wp\/v2\/media?parent=2943"}],"curies":[{"name":"wp","href":"https:\/\/api.w.org\/{rel}","templated":true}]}}