{"id":2897,"date":"2024-03-05T22:10:21","date_gmt":"2024-03-05T22:10:21","guid":{"rendered":"https:\/\/innovaiot.com\/automocion\/"},"modified":"2025-12-16T08:02:04","modified_gmt":"2025-12-16T08:02:04","slug":"automocion","status":"publish","type":"page","link":"https:\/\/innovaiot.com\/es\/automocion\/","title":{"rendered":"Automoci\u00f3n"},"content":{"rendered":"\t\t<div data-elementor-type=\"wp-page\" data-elementor-id=\"2897\" class=\"elementor elementor-2897 elementor-1995\" data-elementor-post-type=\"page\">\n\t\t\t\t<div class=\"elementor-element elementor-element-3cea977 e-flex e-con-boxed e-con e-parent\" data-id=\"3cea977\" data-element_type=\"container\" data-e-type=\"container\">\n\t\t\t\t\t<div class=\"e-con-inner\">\n\t\t\t\t\t<\/div>\n\t\t\t\t<\/div>\n\t\t<div class=\"elementor-element elementor-element-6c97d9e e-con-full e-flex e-con e-parent\" data-id=\"6c97d9e\" data-element_type=\"container\" data-e-type=\"container\">\n\t\t<div class=\"elementor-element elementor-element-1852df5 e-con-full e-flex e-con e-child\" data-id=\"1852df5\" data-element_type=\"container\" data-e-type=\"container\" data-settings=\"{&quot;position&quot;:&quot;fixed&quot;}\">\n\t\t\t\t<div class=\"elementor-element elementor-element-61b2bfb elementor-view-default elementor-widget elementor-widget-icon\" data-id=\"61b2bfb\" data-element_type=\"widget\" data-e-type=\"widget\" data-widget_type=\"icon.default\">\n\t\t\t\t<div class=\"elementor-widget-container\">\n\t\t\t\t\t\t\t<div class=\"elementor-icon-wrapper\">\n\t\t\t<a class=\"elementor-icon\" href=\"#elementor-action%3Aaction%3Dpopup%3Aopen%26settings%3DeyJpZCI6MjU5MCwidG9nZ2xlIjpmYWxzZX0%3D\" rel=\"nofollow\">\n\t\t\t<svg aria-hidden=\"true\" class=\"e-font-icon-svg e-fas-home\" viewBox=\"0 0 576 512\" xmlns=\"http:\/\/www.w3.org\/2000\/svg\"><path d=\"M280.37 148.26L96 300.11V464a16 16 0 0 0 16 16l112.06-.29a16 16 0 0 0 15.92-16V368a16 16 0 0 1 16-16h64a16 16 0 0 1 16 16v95.64a16 16 0 0 0 16 16.05L464 480a16 16 0 0 0 16-16V300L295.67 148.26a12.19 12.19 0 0 0-15.3 0zM571.6 251.47L488 182.56V44.05a12 12 0 0 0-12-12h-56a12 12 0 0 0-12 12v72.61L318.47 43a48 48 0 0 0-61 0L4.34 251.47a12 12 0 0 0-1.6 16.9l25.5 31A12 12 0 0 0 45.15 301l235.22-193.74a12.19 12.19 0 0 1 15.3 0L530.9 301a12 12 0 0 0 16.9-1.6l25.5-31a12 12 0 0 0-1.7-16.93z\"><\/path><\/svg>\t\t\t<\/a>\n\t\t<\/div>\n\t\t\t\t\t\t<\/div>\n\t\t\t\t<\/div>\n\t\t\t\t<\/div>\n\t\t\t\t<\/div>\n\t\t<div class=\"elementor-element elementor-element-fccf433 e-flex e-con-boxed e-con e-parent\" data-id=\"fccf433\" data-element_type=\"container\" data-e-type=\"container\">\n\t\t\t\t\t<div class=\"e-con-inner\">\n\t\t<div class=\"elementor-element elementor-element-b2aef75 e-con-full e-flex e-con e-child\" data-id=\"b2aef75\" data-element_type=\"container\" data-e-type=\"container\">\n\t\t\t\t<div class=\"elementor-element elementor-element-9add7fc elementor-widget elementor-widget-heading\" data-id=\"9add7fc\" data-element_type=\"widget\" data-e-type=\"widget\" data-widget_type=\"heading.default\">\n\t\t\t\t<div class=\"elementor-widget-container\">\n\t\t\t\t\t<h1 class=\"elementor-heading-title elementor-size-default\">Tenemos una gran experiencia en I+D de soluciones de conectividad y control inal\u00e1mbrico IoT.<\/h1>\t\t\t\t<\/div>\n\t\t\t\t<\/div>\n\t\t\t\t<div class=\"elementor-element elementor-element-0b8a9c1 elementor-widget elementor-widget-heading\" data-id=\"0b8a9c1\" data-element_type=\"widget\" data-e-type=\"widget\" data-widget_type=\"heading.default\">\n\t\t\t\t<div class=\"elementor-widget-container\">\n\t\t\t\t\t<h3 class=\"elementor-heading-title elementor-size-default\">Esto puede aplicarse para lograr soluciones innovadoras pero fiables para el sector de la automoci\u00f3n en sus diversos aspectos. Abarcando I+D en HW, FW o SW, podemos ofrecer soluciones parciales o completas de principio a fin, desde la aplicaci\u00f3n o creaci\u00f3n de sensores hasta el desarrollo de controladores muy robustos y fiables.<\/h3>\t\t\t\t<\/div>\n\t\t\t\t<\/div>\n\t\t\t\t<\/div>\n\t\t<div class=\"elementor-element elementor-element-1070d6b e-con-full e-flex e-con e-child\" data-id=\"1070d6b\" data-element_type=\"container\" data-e-type=\"container\">\n\t\t<div class=\"elementor-element elementor-element-1568936 e-flex e-con-boxed e-con e-child\" data-id=\"1568936\" data-element_type=\"container\" data-e-type=\"container\">\n\t\t\t\t\t<div class=\"e-con-inner\">\n\t\t\t\t<div class=\"elementor-element elementor-element-8ce311b elementor-widget elementor-widget-image\" data-id=\"8ce311b\" data-element_type=\"widget\" data-e-type=\"widget\" data-widget_type=\"image.default\">\n\t\t\t\t<div class=\"elementor-widget-container\">\n\t\t\t\t\t\t\t\t\t\t\t\t\t\t\t<img fetchpriority=\"high\" decoding=\"async\" width=\"770\" height=\"450\" src=\"https:\/\/innovaiot.com\/wp-content\/uploads\/2024\/03\/1_M0SKpctImpjR6fUMhenLDw.png\" class=\"attachment-large size-large wp-image-2001\" alt=\"\" srcset=\"https:\/\/innovaiot.com\/wp-content\/uploads\/2024\/03\/1_M0SKpctImpjR6fUMhenLDw.png 770w, https:\/\/innovaiot.com\/wp-content\/uploads\/2024\/03\/1_M0SKpctImpjR6fUMhenLDw-300x175.png 300w, https:\/\/innovaiot.com\/wp-content\/uploads\/2024\/03\/1_M0SKpctImpjR6fUMhenLDw-768x449.png 768w\" sizes=\"(max-width: 770px) 100vw, 770px\" \/>\t\t\t\t\t\t\t\t\t\t\t\t\t\t\t<\/div>\n\t\t\t\t<\/div>\n\t\t\t\t\t<\/div>\n\t\t\t\t<\/div>\n\t\t<div class=\"elementor-element elementor-element-cc2de59 e-flex e-con-boxed e-con e-child\" data-id=\"cc2de59\" data-element_type=\"container\" data-e-type=\"container\">\n\t\t\t\t\t<div class=\"e-con-inner\">\n\t\t\t\t<div class=\"elementor-element elementor-element-41d47bd elementor-widget elementor-widget-heading\" data-id=\"41d47bd\" data-element_type=\"widget\" data-e-type=\"widget\" data-widget_type=\"heading.default\">\n\t\t\t\t<div class=\"elementor-widget-container\">\n\t\t\t\t\t<h3 class=\"elementor-heading-title elementor-size-default\">(LoRA\/LoRAWAN, Sigfox, Bluetooth 4 y 5, WiFi, 3G. LTE NB-CatM-Cat1-Cat4, 5G, etc.) o por cable (Ethernet, CAN Bus, Modbus-RTU, Modbus-TCP, Profibus, etc.)<\/h3>\t\t\t\t<\/div>\n\t\t\t\t<\/div>\n\t\t\t\t\t<\/div>\n\t\t\t\t<\/div>\n\t\t\t\t<\/div>\n\t\t\t\t\t<\/div>\n\t\t\t\t<\/div>\n\t\t<div class=\"elementor-element elementor-element-f520944 e-flex e-con-boxed e-con e-parent\" data-id=\"f520944\" data-element_type=\"container\" data-e-type=\"container\" data-settings=\"{&quot;background_background&quot;:&quot;classic&quot;}\">\n\t\t\t\t\t<div class=\"e-con-inner\">\n\t\t<div class=\"elementor-element elementor-element-fd59959 e-flex e-con-boxed e-con e-child\" data-id=\"fd59959\" data-element_type=\"container\" data-e-type=\"container\">\n\t\t\t\t\t<div class=\"e-con-inner\">\n\t\t\t\t<div class=\"elementor-element elementor-element-f9b7c1e elementor-widget elementor-widget-heading\" data-id=\"f9b7c1e\" data-element_type=\"widget\" data-e-type=\"widget\" data-widget_type=\"heading.default\">\n\t\t\t\t<div class=\"elementor-widget-container\">\n\t\t\t\t\t<h5 class=\"elementor-heading-title elementor-size-default\">Algunos ejemplos de soluciones inal\u00e1mbricas de control y conectividad IoT<\/h5>\t\t\t\t<\/div>\n\t\t\t\t<\/div>\n\t\t\t\t\t<\/div>\n\t\t\t\t<\/div>\n\t\t\t\t\t<\/div>\n\t\t\t\t<\/div>\n\t\t<div class=\"elementor-element elementor-element-170aaf6 e-flex e-con-boxed e-con e-parent\" data-id=\"170aaf6\" data-element_type=\"container\" data-e-type=\"container\" data-settings=\"{&quot;background_background&quot;:&quot;classic&quot;}\">\n\t\t\t\t\t<div class=\"e-con-inner\">\n\t\t<div class=\"elementor-element elementor-element-f4103a8 e-con-full e-flex e-con e-child\" data-id=\"f4103a8\" data-element_type=\"container\" data-e-type=\"container\">\n\t\t\t\t<div class=\"elementor-element elementor-element-69ad2f1 elementor-widget elementor-widget-text-editor\" data-id=\"69ad2f1\" data-element_type=\"widget\" data-e-type=\"widget\" data-widget_type=\"text-editor.default\">\n\t\t\t\t<div class=\"elementor-widget-container\">\n\t\t\t\t\t\t\t\t\t<ul><li style=\"text-align: left;\">LoRA\/LoRAWAN<\/li><li style=\"text-align: left;\">Sigfox<\/li><li style=\"text-align: left;\">Bluetooth 4 y 5<\/li><li style=\"text-align: left;\">WiFi<ul><li style=\"text-align: left;\">3G. LTE NB-CatM-Cat1-Cat4, 5G, etc.)  <\/li><\/ul><\/li><li style=\"text-align: left;\">Ethernet,<ul><li style=\"text-align: left;\">CAN Bus, Modbus-RTU, Modbus-TCP, Profibus<\/li><\/ul><\/li><\/ul>\t\t\t\t\t\t\t\t<\/div>\n\t\t\t\t<\/div>\n\t\t\t\t<\/div>\n\t\t\t\t\t<\/div>\n\t\t\t\t<\/div>\n\t\t<div class=\"elementor-element elementor-element-c63ade8 e-flex e-con-boxed e-con e-parent\" data-id=\"c63ade8\" data-element_type=\"container\" data-e-type=\"container\" data-settings=\"{&quot;background_background&quot;:&quot;classic&quot;}\">\n\t\t\t\t\t<div class=\"e-con-inner\">\n\t\t\t\t<div class=\"elementor-element elementor-element-da48139 elementor-widget elementor-widget-image\" data-id=\"da48139\" data-element_type=\"widget\" data-e-type=\"widget\" data-widget_type=\"image.default\">\n\t\t\t\t<div class=\"elementor-widget-container\">\n\t\t\t\t\t\t\t\t\t\t\t\t<figure class=\"wp-caption\">\n\t\t\t\t\t\t\t\t\t\t<img decoding=\"async\" width=\"800\" height=\"540\" src=\"https:\/\/innovaiot.com\/wp-content\/uploads\/2024\/03\/Automotive-sensors.png\" class=\"attachment-large size-large wp-image-2004\" alt=\"\" srcset=\"https:\/\/innovaiot.com\/wp-content\/uploads\/2024\/03\/Automotive-sensors.png 888w, https:\/\/innovaiot.com\/wp-content\/uploads\/2024\/03\/Automotive-sensors-300x202.png 300w, https:\/\/innovaiot.com\/wp-content\/uploads\/2024\/03\/Automotive-sensors-768x518.png 768w\" sizes=\"(max-width: 800px) 100vw, 800px\" \/>\t\t\t\t\t\t\t\t\t\t\t<figcaption class=\"widget-image-caption wp-caption-text\">Controladores robustos y fiables.<\/figcaption>\n\t\t\t\t\t\t\t\t\t\t<\/figure>\n\t\t\t\t\t\t\t\t\t<\/div>\n\t\t\t\t<\/div>\n\t\t\t\t\t<\/div>\n\t\t\t\t<\/div>\n\t\t\t\t<\/div>\n\t\t","protected":false},"excerpt":{"rendered":"<p>Queremos ayudarle a pasar de hablar de innovaci\u00f3n a hacerla realidad.<\/p>\n","protected":false},"author":1,"featured_media":0,"parent":0,"menu_order":0,"comment_status":"closed","ping_status":"closed","template":"","meta":{"inline_featured_image":false,"footnotes":""},"class_list":["post-2897","page","type-page","status-publish","hentry"],"yoast_head":"<!-- This site is optimized with the Yoast SEO plugin v27.4 - https:\/\/yoast.com\/product\/yoast-seo-wordpress\/ -->\n<title>Automoci\u00f3n<\/title>\n<meta name=\"description\" content=\"Tenemos una gran experiencia en I+D de soluciones de conectividad y control inal\u00e1mbrico IoT. Esto puede aplicarse para lograr soluciones innovadoras pero fiables para el sector de la automoci\u00f3n en sus diversos aspectos. Abarcando I+D en HW, FW o SW, podemos ofrecer soluciones parciales o completas de principio a fin, desde la aplicaci\u00f3n o creaci\u00f3n de sensores hasta el desarrollo de controladores muy robustos y fiables.\" \/>\n<meta name=\"robots\" content=\"index, follow, max-snippet:-1, max-image-preview:large, max-video-preview:-1\" \/>\n<link rel=\"canonical\" href=\"https:\/\/innovaiot.com\/es\/automocion\/\" \/>\n<meta property=\"og:locale\" content=\"es_ES\" \/>\n<meta property=\"og:type\" content=\"article\" \/>\n<meta property=\"og:title\" content=\"Automoci\u00f3n\" \/>\n<meta property=\"og:description\" content=\"Tenemos una gran experiencia en I+D de soluciones de conectividad y control inal\u00e1mbrico IoT. Esto puede aplicarse para lograr soluciones innovadoras pero fiables para el sector de la automoci\u00f3n en sus diversos aspectos. Abarcando I+D en HW, FW o SW, podemos ofrecer soluciones parciales o completas de principio a fin, desde la aplicaci\u00f3n o creaci\u00f3n de sensores hasta el desarrollo de controladores muy robustos y fiables.\" \/>\n<meta property=\"og:url\" content=\"https:\/\/innovaiot.com\/es\/automocion\/\" \/>\n<meta property=\"og:site_name\" content=\"INNONVA IOT\" \/>\n<meta property=\"article:modified_time\" content=\"2025-12-16T08:02:04+00:00\" \/>\n<meta property=\"og:image\" content=\"https:\/\/innovaiot.com\/wp-content\/uploads\/2024\/03\/1_M0SKpctImpjR6fUMhenLDw.png\" \/>\n\t<meta property=\"og:image:width\" content=\"770\" \/>\n\t<meta property=\"og:image:height\" content=\"450\" \/>\n\t<meta property=\"og:image:type\" content=\"image\/png\" \/>\n<script type=\"application\/ld+json\" class=\"yoast-schema-graph\">{\"@context\":\"https:\\\/\\\/schema.org\",\"@graph\":[{\"@type\":\"WebPage\",\"@id\":\"https:\\\/\\\/innovaiot.com\\\/es\\\/automocion\\\/\",\"url\":\"https:\\\/\\\/innovaiot.com\\\/es\\\/automocion\\\/\",\"name\":\"Automoci\u00f3n\",\"isPartOf\":{\"@id\":\"https:\\\/\\\/innovaiot.com\\\/es\\\/#website\"},\"primaryImageOfPage\":{\"@id\":\"https:\\\/\\\/innovaiot.com\\\/es\\\/automocion\\\/#primaryimage\"},\"image\":{\"@id\":\"https:\\\/\\\/innovaiot.com\\\/es\\\/automocion\\\/#primaryimage\"},\"thumbnailUrl\":\"https:\\\/\\\/innovaiot.com\\\/wp-content\\\/uploads\\\/2024\\\/03\\\/1_M0SKpctImpjR6fUMhenLDw.png\",\"datePublished\":\"2024-03-05T22:10:21+00:00\",\"dateModified\":\"2025-12-16T08:02:04+00:00\",\"description\":\"Tenemos una gran experiencia en I+D de soluciones de conectividad y control inal\u00e1mbrico IoT. Esto puede aplicarse para lograr soluciones innovadoras pero fiables para el sector de la automoci\u00f3n en sus diversos aspectos. Abarcando I+D en HW, FW o SW, podemos ofrecer soluciones parciales o completas de principio a fin, desde la aplicaci\u00f3n o creaci\u00f3n de sensores hasta el desarrollo de controladores muy robustos y fiables.\",\"breadcrumb\":{\"@id\":\"https:\\\/\\\/innovaiot.com\\\/es\\\/automocion\\\/#breadcrumb\"},\"inLanguage\":\"es\",\"potentialAction\":[{\"@type\":\"ReadAction\",\"target\":[\"https:\\\/\\\/innovaiot.com\\\/es\\\/automocion\\\/\"]}]},{\"@type\":\"ImageObject\",\"inLanguage\":\"es\",\"@id\":\"https:\\\/\\\/innovaiot.com\\\/es\\\/automocion\\\/#primaryimage\",\"url\":\"https:\\\/\\\/innovaiot.com\\\/wp-content\\\/uploads\\\/2024\\\/03\\\/1_M0SKpctImpjR6fUMhenLDw.png\",\"contentUrl\":\"https:\\\/\\\/innovaiot.com\\\/wp-content\\\/uploads\\\/2024\\\/03\\\/1_M0SKpctImpjR6fUMhenLDw.png\"},{\"@type\":\"BreadcrumbList\",\"@id\":\"https:\\\/\\\/innovaiot.com\\\/es\\\/automocion\\\/#breadcrumb\",\"itemListElement\":[{\"@type\":\"ListItem\",\"position\":1,\"name\":\"Home\",\"item\":\"https:\\\/\\\/innovaiot.com\\\/es\\\/inicio\\\/\"},{\"@type\":\"ListItem\",\"position\":2,\"name\":\"Automoci\u00f3n\"}]},{\"@type\":\"WebSite\",\"@id\":\"https:\\\/\\\/innovaiot.com\\\/es\\\/#website\",\"url\":\"https:\\\/\\\/innovaiot.com\\\/es\\\/\",\"name\":\"INNONVA IOT\",\"description\":\"Innovation &amp; Design Tech Consultancy\",\"publisher\":{\"@id\":\"https:\\\/\\\/innovaiot.com\\\/es\\\/#organization\"},\"potentialAction\":[{\"@type\":\"SearchAction\",\"target\":{\"@type\":\"EntryPoint\",\"urlTemplate\":\"https:\\\/\\\/innovaiot.com\\\/es\\\/?s={search_term_string}\"},\"query-input\":{\"@type\":\"PropertyValueSpecification\",\"valueRequired\":true,\"valueName\":\"search_term_string\"}}],\"inLanguage\":\"es\"},{\"@type\":\"Organization\",\"@id\":\"https:\\\/\\\/innovaiot.com\\\/es\\\/#organization\",\"name\":\"INNONVA IOT\",\"url\":\"https:\\\/\\\/innovaiot.com\\\/es\\\/\",\"logo\":{\"@type\":\"ImageObject\",\"inLanguage\":\"es\",\"@id\":\"https:\\\/\\\/innovaiot.com\\\/es\\\/#\\\/schema\\\/logo\\\/image\\\/\",\"url\":\"https:\\\/\\\/innovaiot.com\\\/wp-content\\\/uploads\\\/2024\\\/02\\\/innoviot-logo.png\",\"contentUrl\":\"https:\\\/\\\/innovaiot.com\\\/wp-content\\\/uploads\\\/2024\\\/02\\\/innoviot-logo.png\",\"width\":450,\"height\":166,\"caption\":\"INNONVA IOT\"},\"image\":{\"@id\":\"https:\\\/\\\/innovaiot.com\\\/es\\\/#\\\/schema\\\/logo\\\/image\\\/\"}}]}<\/script>\n<!-- \/ Yoast SEO plugin. -->","yoast_head_json":{"title":"Automoci\u00f3n","description":"Tenemos una gran experiencia en I+D de soluciones de conectividad y control inal\u00e1mbrico IoT. Esto puede aplicarse para lograr soluciones innovadoras pero fiables para el sector de la automoci\u00f3n en sus diversos aspectos. Abarcando I+D en HW, FW o SW, podemos ofrecer soluciones parciales o completas de principio a fin, desde la aplicaci\u00f3n o creaci\u00f3n de sensores hasta el desarrollo de controladores muy robustos y fiables.","robots":{"index":"index","follow":"follow","max-snippet":"max-snippet:-1","max-image-preview":"max-image-preview:large","max-video-preview":"max-video-preview:-1"},"canonical":"https:\/\/innovaiot.com\/es\/automocion\/","og_locale":"es_ES","og_type":"article","og_title":"Automoci\u00f3n","og_description":"Tenemos una gran experiencia en I+D de soluciones de conectividad y control inal\u00e1mbrico IoT. Esto puede aplicarse para lograr soluciones innovadoras pero fiables para el sector de la automoci\u00f3n en sus diversos aspectos. Abarcando I+D en HW, FW o SW, podemos ofrecer soluciones parciales o completas de principio a fin, desde la aplicaci\u00f3n o creaci\u00f3n de sensores hasta el desarrollo de controladores muy robustos y fiables.","og_url":"https:\/\/innovaiot.com\/es\/automocion\/","og_site_name":"INNONVA IOT","article_modified_time":"2025-12-16T08:02:04+00:00","og_image":[{"width":770,"height":450,"url":"https:\/\/innovaiot.com\/wp-content\/uploads\/2024\/03\/1_M0SKpctImpjR6fUMhenLDw.png","type":"image\/png"}],"schema":{"@context":"https:\/\/schema.org","@graph":[{"@type":"WebPage","@id":"https:\/\/innovaiot.com\/es\/automocion\/","url":"https:\/\/innovaiot.com\/es\/automocion\/","name":"Automoci\u00f3n","isPartOf":{"@id":"https:\/\/innovaiot.com\/es\/#website"},"primaryImageOfPage":{"@id":"https:\/\/innovaiot.com\/es\/automocion\/#primaryimage"},"image":{"@id":"https:\/\/innovaiot.com\/es\/automocion\/#primaryimage"},"thumbnailUrl":"https:\/\/innovaiot.com\/wp-content\/uploads\/2024\/03\/1_M0SKpctImpjR6fUMhenLDw.png","datePublished":"2024-03-05T22:10:21+00:00","dateModified":"2025-12-16T08:02:04+00:00","description":"Tenemos una gran experiencia en I+D de soluciones de conectividad y control inal\u00e1mbrico IoT. Esto puede aplicarse para lograr soluciones innovadoras pero fiables para el sector de la automoci\u00f3n en sus diversos aspectos. Abarcando I+D en HW, FW o SW, podemos ofrecer soluciones parciales o completas de principio a fin, desde la aplicaci\u00f3n o creaci\u00f3n de sensores hasta el desarrollo de controladores muy robustos y fiables.","breadcrumb":{"@id":"https:\/\/innovaiot.com\/es\/automocion\/#breadcrumb"},"inLanguage":"es","potentialAction":[{"@type":"ReadAction","target":["https:\/\/innovaiot.com\/es\/automocion\/"]}]},{"@type":"ImageObject","inLanguage":"es","@id":"https:\/\/innovaiot.com\/es\/automocion\/#primaryimage","url":"https:\/\/innovaiot.com\/wp-content\/uploads\/2024\/03\/1_M0SKpctImpjR6fUMhenLDw.png","contentUrl":"https:\/\/innovaiot.com\/wp-content\/uploads\/2024\/03\/1_M0SKpctImpjR6fUMhenLDw.png"},{"@type":"BreadcrumbList","@id":"https:\/\/innovaiot.com\/es\/automocion\/#breadcrumb","itemListElement":[{"@type":"ListItem","position":1,"name":"Home","item":"https:\/\/innovaiot.com\/es\/inicio\/"},{"@type":"ListItem","position":2,"name":"Automoci\u00f3n"}]},{"@type":"WebSite","@id":"https:\/\/innovaiot.com\/es\/#website","url":"https:\/\/innovaiot.com\/es\/","name":"INNONVA IOT","description":"Innovation &amp; Design Tech Consultancy","publisher":{"@id":"https:\/\/innovaiot.com\/es\/#organization"},"potentialAction":[{"@type":"SearchAction","target":{"@type":"EntryPoint","urlTemplate":"https:\/\/innovaiot.com\/es\/?s={search_term_string}"},"query-input":{"@type":"PropertyValueSpecification","valueRequired":true,"valueName":"search_term_string"}}],"inLanguage":"es"},{"@type":"Organization","@id":"https:\/\/innovaiot.com\/es\/#organization","name":"INNONVA IOT","url":"https:\/\/innovaiot.com\/es\/","logo":{"@type":"ImageObject","inLanguage":"es","@id":"https:\/\/innovaiot.com\/es\/#\/schema\/logo\/image\/","url":"https:\/\/innovaiot.com\/wp-content\/uploads\/2024\/02\/innoviot-logo.png","contentUrl":"https:\/\/innovaiot.com\/wp-content\/uploads\/2024\/02\/innoviot-logo.png","width":450,"height":166,"caption":"INNONVA IOT"},"image":{"@id":"https:\/\/innovaiot.com\/es\/#\/schema\/logo\/image\/"}}]}},"_links":{"self":[{"href":"https:\/\/innovaiot.com\/es\/wp-json\/wp\/v2\/pages\/2897","targetHints":{"allow":["GET"]}}],"collection":[{"href":"https:\/\/innovaiot.com\/es\/wp-json\/wp\/v2\/pages"}],"about":[{"href":"https:\/\/innovaiot.com\/es\/wp-json\/wp\/v2\/types\/page"}],"author":[{"embeddable":true,"href":"https:\/\/innovaiot.com\/es\/wp-json\/wp\/v2\/users\/1"}],"replies":[{"embeddable":true,"href":"https:\/\/innovaiot.com\/es\/wp-json\/wp\/v2\/comments?post=2897"}],"version-history":[{"count":2,"href":"https:\/\/innovaiot.com\/es\/wp-json\/wp\/v2\/pages\/2897\/revisions"}],"predecessor-version":[{"id":3548,"href":"https:\/\/innovaiot.com\/es\/wp-json\/wp\/v2\/pages\/2897\/revisions\/3548"}],"wp:attachment":[{"href":"https:\/\/innovaiot.com\/es\/wp-json\/wp\/v2\/media?parent=2897"}],"curies":[{"name":"wp","href":"https:\/\/api.w.org\/{rel}","templated":true}]}}