{"id":2893,"date":"2024-03-05T17:15:56","date_gmt":"2024-03-05T17:15:56","guid":{"rendered":"https:\/\/innovaiot.com\/investigacion-de-nuevos-mercados\/"},"modified":"2025-12-16T08:01:34","modified_gmt":"2025-12-16T08:01:34","slug":"investigacion-de-nuevos-mercados","status":"publish","type":"page","link":"https:\/\/innovaiot.com\/es\/investigacion-de-nuevos-mercados\/","title":{"rendered":"Investigaci\u00f3n de nuevos mercados"},"content":{"rendered":"\t\t<div data-elementor-type=\"wp-page\" data-elementor-id=\"2893\" class=\"elementor elementor-2893 elementor-1860\" data-elementor-post-type=\"page\">\n\t\t\t\t<div class=\"elementor-element elementor-element-3cea977 e-flex e-con-boxed e-con e-parent\" data-id=\"3cea977\" data-element_type=\"container\" data-e-type=\"container\">\n\t\t\t\t\t<div class=\"e-con-inner\">\n\t\t\t\t\t<\/div>\n\t\t\t\t<\/div>\n\t\t<div class=\"elementor-element elementor-element-bbe211f e-con-full e-flex e-con e-parent\" data-id=\"bbe211f\" data-element_type=\"container\" data-e-type=\"container\">\n\t\t<div class=\"elementor-element elementor-element-951b3d2 e-con-full e-flex e-con e-child\" data-id=\"951b3d2\" data-element_type=\"container\" data-e-type=\"container\" data-settings=\"{&quot;position&quot;:&quot;fixed&quot;}\">\n\t\t\t\t<div class=\"elementor-element elementor-element-010e034 elementor-view-default elementor-widget elementor-widget-icon\" data-id=\"010e034\" data-element_type=\"widget\" data-e-type=\"widget\" data-widget_type=\"icon.default\">\n\t\t\t\t<div class=\"elementor-widget-container\">\n\t\t\t\t\t\t\t<div class=\"elementor-icon-wrapper\">\n\t\t\t<a class=\"elementor-icon\" href=\"#elementor-action%3Aaction%3Dpopup%3Aopen%26settings%3DeyJpZCI6MjU5MCwidG9nZ2xlIjpmYWxzZX0%3D\" rel=\"nofollow\">\n\t\t\t<svg aria-hidden=\"true\" class=\"e-font-icon-svg e-fas-home\" viewBox=\"0 0 576 512\" xmlns=\"http:\/\/www.w3.org\/2000\/svg\"><path d=\"M280.37 148.26L96 300.11V464a16 16 0 0 0 16 16l112.06-.29a16 16 0 0 0 15.92-16V368a16 16 0 0 1 16-16h64a16 16 0 0 1 16 16v95.64a16 16 0 0 0 16 16.05L464 480a16 16 0 0 0 16-16V300L295.67 148.26a12.19 12.19 0 0 0-15.3 0zM571.6 251.47L488 182.56V44.05a12 12 0 0 0-12-12h-56a12 12 0 0 0-12 12v72.61L318.47 43a48 48 0 0 0-61 0L4.34 251.47a12 12 0 0 0-1.6 16.9l25.5 31A12 12 0 0 0 45.15 301l235.22-193.74a12.19 12.19 0 0 1 15.3 0L530.9 301a12 12 0 0 0 16.9-1.6l25.5-31a12 12 0 0 0-1.7-16.93z\"><\/path><\/svg>\t\t\t<\/a>\n\t\t<\/div>\n\t\t\t\t\t\t<\/div>\n\t\t\t\t<\/div>\n\t\t\t\t<\/div>\n\t\t\t\t<\/div>\n\t\t<div class=\"elementor-element elementor-element-95c45b1 e-flex e-con-boxed e-con e-parent\" data-id=\"95c45b1\" data-element_type=\"container\" data-e-type=\"container\">\n\t\t\t\t\t<div class=\"e-con-inner\">\n\t\t<div class=\"elementor-element elementor-element-7c80d92 e-con-full e-flex e-con e-child\" data-id=\"7c80d92\" data-element_type=\"container\" data-e-type=\"container\">\n\t\t<div class=\"elementor-element elementor-element-1019e1f e-flex e-con-boxed e-con e-child\" data-id=\"1019e1f\" data-element_type=\"container\" data-e-type=\"container\">\n\t\t\t\t\t<div class=\"e-con-inner\">\n\t\t\t\t<div class=\"elementor-element elementor-element-9add7fc elementor-widget elementor-widget-heading\" data-id=\"9add7fc\" data-element_type=\"widget\" data-e-type=\"widget\" data-widget_type=\"heading.default\">\n\t\t\t\t<div class=\"elementor-widget-container\">\n\t\t\t\t\t<h1 class=\"elementor-heading-title elementor-size-default\">Podemos ayudarle a innovar en su Modelo de Negocio investigando qu\u00e9 nuevos mercados pueden abrirse para su empresa.  <\/h1>\t\t\t\t<\/div>\n\t\t\t\t<\/div>\n\t\t\t\t<div class=\"elementor-element elementor-element-0b8a9c1 elementor-widget elementor-widget-heading\" data-id=\"0b8a9c1\" data-element_type=\"widget\" data-e-type=\"widget\" data-widget_type=\"heading.default\">\n\t\t\t\t<div class=\"elementor-widget-container\">\n\t\t\t\t\t<h3 class=\"elementor-heading-title elementor-size-default\">A trav\u00e9s de la aplicaci\u00f3n de metodolog\u00edas que nos permitan iniciar o impulsar un camino de Innovaci\u00f3n dentro de la empresa.<\/h3>\t\t\t\t<\/div>\n\t\t\t\t<\/div>\n\t\t\t\t\t<\/div>\n\t\t\t\t<\/div>\n\t\t\t\t<\/div>\n\t\t<div class=\"elementor-element elementor-element-6f3332d e-con-full e-flex e-con e-child\" data-id=\"6f3332d\" data-element_type=\"container\" data-e-type=\"container\">\n\t\t<div class=\"elementor-element elementor-element-6b82d4d e-flex e-con-boxed e-con e-child\" data-id=\"6b82d4d\" data-element_type=\"container\" data-e-type=\"container\" data-settings=\"{&quot;background_background&quot;:&quot;classic&quot;}\">\n\t\t\t\t\t<div class=\"e-con-inner\">\n\t\t\t\t<div class=\"elementor-element elementor-element-8ce311b elementor-widget elementor-widget-image\" data-id=\"8ce311b\" data-element_type=\"widget\" data-e-type=\"widget\" data-widget_type=\"image.default\">\n\t\t\t\t<div class=\"elementor-widget-container\">\n\t\t\t\t\t\t\t\t\t\t\t\t\t\t\t<img fetchpriority=\"high\" decoding=\"async\" width=\"800\" height=\"534\" src=\"https:\/\/innovaiot.com\/wp-content\/uploads\/2024\/03\/market-researcher-scrutinizing-a-chart-in-his-hand-2023-11-27-05-21-51-utc-1024x683.jpg\" class=\"attachment-large size-large wp-image-1865\" alt=\"\" srcset=\"https:\/\/innovaiot.com\/wp-content\/uploads\/2024\/03\/market-researcher-scrutinizing-a-chart-in-his-hand-2023-11-27-05-21-51-utc-1024x683.jpg 1024w, https:\/\/innovaiot.com\/wp-content\/uploads\/2024\/03\/market-researcher-scrutinizing-a-chart-in-his-hand-2023-11-27-05-21-51-utc-300x200.jpg 300w, https:\/\/innovaiot.com\/wp-content\/uploads\/2024\/03\/market-researcher-scrutinizing-a-chart-in-his-hand-2023-11-27-05-21-51-utc-768x512.jpg 768w, https:\/\/innovaiot.com\/wp-content\/uploads\/2024\/03\/market-researcher-scrutinizing-a-chart-in-his-hand-2023-11-27-05-21-51-utc.jpg 1200w\" sizes=\"(max-width: 800px) 100vw, 800px\" \/>\t\t\t\t\t\t\t\t\t\t\t\t\t\t\t<\/div>\n\t\t\t\t<\/div>\n\t\t\t\t\t<\/div>\n\t\t\t\t<\/div>\n\t\t<div class=\"elementor-element elementor-element-88dad51 e-con-full e-flex e-con e-child\" data-id=\"88dad51\" data-element_type=\"container\" data-e-type=\"container\">\n\t\t<div class=\"elementor-element elementor-element-3c1565b e-flex e-con-boxed e-con e-child\" data-id=\"3c1565b\" data-element_type=\"container\" data-e-type=\"container\">\n\t\t\t\t\t<div class=\"e-con-inner\">\n\t\t\t\t<div class=\"elementor-element elementor-element-41d47bd elementor-widget elementor-widget-heading\" data-id=\"41d47bd\" data-element_type=\"widget\" data-e-type=\"widget\" data-widget_type=\"heading.default\">\n\t\t\t\t<div class=\"elementor-widget-container\">\n\t\t\t\t\t<h3 class=\"elementor-heading-title elementor-size-default\">Poniendo a los clientes en el centro y aplicando metodolog\u00edas como Design Thinking o Lean Startup, combin\u00e1ndolo con an\u00e1lisis DAFO o PESTLE (con valoraciones objetivamente ponderadas) o incluyendo el uso de t\u00e9cnicas de Oc\u00e9ano Azul (como la t\u00e9cnica ERIC), podemos encontrar un Lienzo de Estrategia con resultados cuantitativos lo suficientemente precisos como para permitirnos definir un Lienzo de Modelo de Negocio refinado e innovador para su empresa.<\/h3>\t\t\t\t<\/div>\n\t\t\t\t<\/div>\n\t\t\t\t\t<\/div>\n\t\t\t\t<\/div>\n\t\t\t\t<\/div>\n\t\t\t\t<\/div>\n\t\t\t\t\t<\/div>\n\t\t\t\t<\/div>\n\t\t<div class=\"elementor-element elementor-element-c0ab9e4 e-flex e-con-boxed e-con e-parent\" data-id=\"c0ab9e4\" data-element_type=\"container\" data-e-type=\"container\" data-settings=\"{&quot;background_background&quot;:&quot;classic&quot;}\">\n\t\t\t\t\t<div class=\"e-con-inner\">\n\t\t<div class=\"elementor-element elementor-element-d6af0af e-flex e-con-boxed e-con e-child\" data-id=\"d6af0af\" data-element_type=\"container\" data-e-type=\"container\">\n\t\t\t\t\t<div class=\"e-con-inner\">\n\t\t\t\t<div class=\"elementor-element elementor-element-0985662 elementor-widget elementor-widget-heading\" data-id=\"0985662\" data-element_type=\"widget\" data-e-type=\"widget\" data-widget_type=\"heading.default\">\n\t\t\t\t<div class=\"elementor-widget-container\">\n\t\t\t\t\t<h5 class=\"elementor-heading-title elementor-size-default\">Algunos ejemplos para definir un Business Model Canvas refinado e innovador  <\/h5>\t\t\t\t<\/div>\n\t\t\t\t<\/div>\n\t\t\t\t\t<\/div>\n\t\t\t\t<\/div>\n\t\t\t\t\t<\/div>\n\t\t\t\t<\/div>\n\t\t<div class=\"elementor-element elementor-element-269c6f5 e-flex e-con-boxed e-con e-parent\" data-id=\"269c6f5\" data-element_type=\"container\" data-e-type=\"container\" data-settings=\"{&quot;background_background&quot;:&quot;classic&quot;}\">\n\t\t\t\t\t<div class=\"e-con-inner\">\n\t\t<div class=\"elementor-element elementor-element-0e59d1f e-flex e-con-boxed e-con e-child\" data-id=\"0e59d1f\" data-element_type=\"container\" data-e-type=\"container\">\n\t\t\t\t\t<div class=\"e-con-inner\">\n\t\t\t\t<div class=\"elementor-element elementor-element-35d1955 elementor-widget elementor-widget-image\" data-id=\"35d1955\" data-element_type=\"widget\" data-e-type=\"widget\" data-widget_type=\"image.default\">\n\t\t\t\t<div class=\"elementor-widget-container\">\n\t\t\t\t\t\t\t\t\t\t\t\t\t\t\t\t<a href=\"https:\/\/innovaiot.com\/wp-content\/uploads\/2024\/03\/taules-Market-Innovaiot.jpg\" data-elementor-open-lightbox=\"yes\" data-elementor-lightbox-title=\"taules Market Innovaiot\" data-e-action-hash=\"#elementor-action%3Aaction%3Dlightbox%26settings%3DeyJpZCI6MTg2OCwidXJsIjoiaHR0cHM6XC9cL2lubm92YWlvdC5jb21cL3dwLWNvbnRlbnRcL3VwbG9hZHNcLzIwMjRcLzAzXC90YXVsZXMtTWFya2V0LUlubm92YWlvdC5qcGcifQ%3D%3D\">\n\t\t\t\t\t\t\t<img decoding=\"async\" width=\"724\" height=\"1024\" src=\"https:\/\/innovaiot.com\/wp-content\/uploads\/2024\/03\/taules-Market-Innovaiot-724x1024.jpg\" class=\"attachment-large size-large wp-image-1868\" alt=\"\" srcset=\"https:\/\/innovaiot.com\/wp-content\/uploads\/2024\/03\/taules-Market-Innovaiot-724x1024.jpg 724w, https:\/\/innovaiot.com\/wp-content\/uploads\/2024\/03\/taules-Market-Innovaiot-212x300.jpg 212w, https:\/\/innovaiot.com\/wp-content\/uploads\/2024\/03\/taules-Market-Innovaiot-768x1086.jpg 768w, https:\/\/innovaiot.com\/wp-content\/uploads\/2024\/03\/taules-Market-Innovaiot-1086x1536.jpg 1086w, https:\/\/innovaiot.com\/wp-content\/uploads\/2024\/03\/taules-Market-Innovaiot.jpg 1240w\" sizes=\"(max-width: 724px) 100vw, 724px\" \/>\t\t\t\t\t\t\t\t<\/a>\n\t\t\t\t\t\t\t\t\t\t\t\t\t\t\t<\/div>\n\t\t\t\t<\/div>\n\t\t\t\t\t<\/div>\n\t\t\t\t<\/div>\n\t\t<div class=\"elementor-element elementor-element-09aac0c e-con-full e-flex e-con e-child\" data-id=\"09aac0c\" data-element_type=\"container\" data-e-type=\"container\">\n\t\t\t\t<div class=\"elementor-element elementor-element-626e4cf elementor-widget elementor-widget-image\" data-id=\"626e4cf\" data-element_type=\"widget\" data-e-type=\"widget\" data-widget_type=\"image.default\">\n\t\t\t\t<div class=\"elementor-widget-container\">\n\t\t\t\t\t\t\t\t\t\t\t\t\t\t\t\t<a href=\"https:\/\/innovaiot.com\/wp-content\/uploads\/2024\/03\/taules-Market-Innovaiot2.jpg\" data-elementor-open-lightbox=\"yes\" data-elementor-lightbox-title=\"taules Mercado Innovaiot2\" data-e-action-hash=\"#elementor-action%3Aaction%3Dlightbox%26settings%3DeyJpZCI6MTg3NCwidXJsIjoiaHR0cHM6XC9cL2lubm92YWlvdC5jb21cL3dwLWNvbnRlbnRcL3VwbG9hZHNcLzIwMjRcLzAzXC90YXVsZXMtTWFya2V0LUlubm92YWlvdDIuanBnIn0%3D\">\n\t\t\t\t\t\t\t<img decoding=\"async\" width=\"724\" height=\"1024\" src=\"https:\/\/innovaiot.com\/wp-content\/uploads\/2024\/03\/taules-Market-Innovaiot2-724x1024.jpg\" class=\"attachment-large size-large wp-image-1874\" alt=\"\" srcset=\"https:\/\/innovaiot.com\/wp-content\/uploads\/2024\/03\/taules-Market-Innovaiot2-724x1024.jpg 724w, https:\/\/innovaiot.com\/wp-content\/uploads\/2024\/03\/taules-Market-Innovaiot2-212x300.jpg 212w, https:\/\/innovaiot.com\/wp-content\/uploads\/2024\/03\/taules-Market-Innovaiot2-768x1086.jpg 768w, https:\/\/innovaiot.com\/wp-content\/uploads\/2024\/03\/taules-Market-Innovaiot2-1086x1536.jpg 1086w, https:\/\/innovaiot.com\/wp-content\/uploads\/2024\/03\/taules-Market-Innovaiot2.jpg 1240w\" sizes=\"(max-width: 724px) 100vw, 724px\" \/>\t\t\t\t\t\t\t\t<\/a>\n\t\t\t\t\t\t\t\t\t\t\t\t\t\t\t<\/div>\n\t\t\t\t<\/div>\n\t\t\t\t<\/div>\n\t\t<div class=\"elementor-element elementor-element-4e26e22 e-con-full e-flex e-con e-child\" data-id=\"4e26e22\" data-element_type=\"container\" data-e-type=\"container\">\n\t\t\t\t<div class=\"elementor-element elementor-element-2939338 elementor-widget elementor-widget-image\" data-id=\"2939338\" data-element_type=\"widget\" data-e-type=\"widget\" data-widget_type=\"image.default\">\n\t\t\t\t<div class=\"elementor-widget-container\">\n\t\t\t\t\t\t\t\t\t\t\t\t\t\t\t\t<a href=\"https:\/\/innovaiot.com\/wp-content\/uploads\/2024\/03\/taules-Market-Innovaiot3.jpg\" data-elementor-open-lightbox=\"yes\" data-elementor-lightbox-title=\"taules Mercado Innovaiot3\" data-e-action-hash=\"#elementor-action%3Aaction%3Dlightbox%26settings%3DeyJpZCI6MTg3MSwidXJsIjoiaHR0cHM6XC9cL2lubm92YWlvdC5jb21cL3dwLWNvbnRlbnRcL3VwbG9hZHNcLzIwMjRcLzAzXC90YXVsZXMtTWFya2V0LUlubm92YWlvdDMuanBnIn0%3D\">\n\t\t\t\t\t\t\t<img loading=\"lazy\" decoding=\"async\" width=\"724\" height=\"1024\" src=\"https:\/\/innovaiot.com\/wp-content\/uploads\/2024\/03\/taules-Market-Innovaiot3-724x1024.jpg\" class=\"attachment-large size-large wp-image-1871\" alt=\"\" srcset=\"https:\/\/innovaiot.com\/wp-content\/uploads\/2024\/03\/taules-Market-Innovaiot3-724x1024.jpg 724w, https:\/\/innovaiot.com\/wp-content\/uploads\/2024\/03\/taules-Market-Innovaiot3-212x300.jpg 212w, https:\/\/innovaiot.com\/wp-content\/uploads\/2024\/03\/taules-Market-Innovaiot3-768x1086.jpg 768w, https:\/\/innovaiot.com\/wp-content\/uploads\/2024\/03\/taules-Market-Innovaiot3-1086x1536.jpg 1086w, https:\/\/innovaiot.com\/wp-content\/uploads\/2024\/03\/taules-Market-Innovaiot3.jpg 1240w\" sizes=\"(max-width: 724px) 100vw, 724px\" \/>\t\t\t\t\t\t\t\t<\/a>\n\t\t\t\t\t\t\t\t\t\t\t\t\t\t\t<\/div>\n\t\t\t\t<\/div>\n\t\t\t\t<\/div>\n\t\t\t\t\t<\/div>\n\t\t\t\t<\/div>\n\t\t\t\t<\/div>\n\t\t","protected":false},"excerpt":{"rendered":"<p>Queremos ayudarle a pasar de hablar de innovaci\u00f3n a hacerla realidad.<\/p>\n","protected":false},"author":1,"featured_media":0,"parent":0,"menu_order":0,"comment_status":"closed","ping_status":"closed","template":"","meta":{"inline_featured_image":false,"footnotes":""},"class_list":["post-2893","page","type-page","status-publish","hentry"],"yoast_head":"<!-- This site is optimized with the Yoast SEO plugin v27.3 - https:\/\/yoast.com\/product\/yoast-seo-wordpress\/ -->\n<title>Investigaci\u00f3n de nuevos mercados<\/title>\n<meta name=\"description\" content=\"Podemos ayudarte a innovar en tu Modelo de Negocio investigando qu\u00e9 nuevos mercados pueden abrirse para tu empresa. A trav\u00e9s de la aplicaci\u00f3n de metodolog\u00edas que nos permitan iniciar o impulsar un camino de Innovaci\u00f3n dentro de la empresa.\" \/>\n<meta name=\"robots\" content=\"index, follow, max-snippet:-1, max-image-preview:large, max-video-preview:-1\" \/>\n<link rel=\"canonical\" href=\"https:\/\/innovaiot.com\/es\/investigacion-de-nuevos-mercados\/\" \/>\n<meta property=\"og:locale\" content=\"es_ES\" \/>\n<meta property=\"og:type\" content=\"article\" \/>\n<meta property=\"og:title\" content=\"Investigaci\u00f3n de nuevos mercados\" \/>\n<meta property=\"og:description\" content=\"Podemos ayudarte a innovar en tu Modelo de Negocio investigando qu\u00e9 nuevos mercados pueden abrirse para tu empresa. A trav\u00e9s de la aplicaci\u00f3n de metodolog\u00edas que nos permitan iniciar o impulsar un camino de Innovaci\u00f3n dentro de la empresa.\" \/>\n<meta property=\"og:url\" content=\"https:\/\/innovaiot.com\/es\/investigacion-de-nuevos-mercados\/\" \/>\n<meta property=\"og:site_name\" content=\"INNONVA IOT\" \/>\n<meta property=\"article:modified_time\" content=\"2025-12-16T08:01:34+00:00\" \/>\n<meta property=\"og:image\" content=\"https:\/\/innovaiot.com\/wp-content\/uploads\/2024\/03\/market-researcher-scrutinizing-a-chart-in-his-hand-2023-11-27-05-21-51-utc.jpg\" \/>\n\t<meta property=\"og:image:width\" content=\"1200\" \/>\n\t<meta property=\"og:image:height\" content=\"800\" \/>\n\t<meta property=\"og:image:type\" content=\"image\/jpeg\" \/>\n<script type=\"application\/ld+json\" class=\"yoast-schema-graph\">{\"@context\":\"https:\\\/\\\/schema.org\",\"@graph\":[{\"@type\":\"WebPage\",\"@id\":\"https:\\\/\\\/innovaiot.com\\\/es\\\/investigacion-de-nuevos-mercados\\\/\",\"url\":\"https:\\\/\\\/innovaiot.com\\\/es\\\/investigacion-de-nuevos-mercados\\\/\",\"name\":\"Investigaci\u00f3n de nuevos mercados\",\"isPartOf\":{\"@id\":\"https:\\\/\\\/innovaiot.com\\\/es\\\/#website\"},\"primaryImageOfPage\":{\"@id\":\"https:\\\/\\\/innovaiot.com\\\/es\\\/investigacion-de-nuevos-mercados\\\/#primaryimage\"},\"image\":{\"@id\":\"https:\\\/\\\/innovaiot.com\\\/es\\\/investigacion-de-nuevos-mercados\\\/#primaryimage\"},\"thumbnailUrl\":\"https:\\\/\\\/innovaiot.com\\\/wp-content\\\/uploads\\\/2024\\\/03\\\/market-researcher-scrutinizing-a-chart-in-his-hand-2023-11-27-05-21-51-utc-1024x683.jpg\",\"datePublished\":\"2024-03-05T17:15:56+00:00\",\"dateModified\":\"2025-12-16T08:01:34+00:00\",\"description\":\"Podemos ayudarte a innovar en tu Modelo de Negocio investigando qu\u00e9 nuevos mercados pueden abrirse para tu empresa. A trav\u00e9s de la aplicaci\u00f3n de metodolog\u00edas que nos permitan iniciar o impulsar un camino de Innovaci\u00f3n dentro de la empresa.\",\"breadcrumb\":{\"@id\":\"https:\\\/\\\/innovaiot.com\\\/es\\\/investigacion-de-nuevos-mercados\\\/#breadcrumb\"},\"inLanguage\":\"es\",\"potentialAction\":[{\"@type\":\"ReadAction\",\"target\":[\"https:\\\/\\\/innovaiot.com\\\/es\\\/investigacion-de-nuevos-mercados\\\/\"]}]},{\"@type\":\"ImageObject\",\"inLanguage\":\"es\",\"@id\":\"https:\\\/\\\/innovaiot.com\\\/es\\\/investigacion-de-nuevos-mercados\\\/#primaryimage\",\"url\":\"https:\\\/\\\/innovaiot.com\\\/wp-content\\\/uploads\\\/2024\\\/03\\\/market-researcher-scrutinizing-a-chart-in-his-hand-2023-11-27-05-21-51-utc-1024x683.jpg\",\"contentUrl\":\"https:\\\/\\\/innovaiot.com\\\/wp-content\\\/uploads\\\/2024\\\/03\\\/market-researcher-scrutinizing-a-chart-in-his-hand-2023-11-27-05-21-51-utc-1024x683.jpg\"},{\"@type\":\"BreadcrumbList\",\"@id\":\"https:\\\/\\\/innovaiot.com\\\/es\\\/investigacion-de-nuevos-mercados\\\/#breadcrumb\",\"itemListElement\":[{\"@type\":\"ListItem\",\"position\":1,\"name\":\"Home\",\"item\":\"https:\\\/\\\/innovaiot.com\\\/es\\\/inicio\\\/\"},{\"@type\":\"ListItem\",\"position\":2,\"name\":\"Investigaci\u00f3n de nuevos mercados\"}]},{\"@type\":\"WebSite\",\"@id\":\"https:\\\/\\\/innovaiot.com\\\/es\\\/#website\",\"url\":\"https:\\\/\\\/innovaiot.com\\\/es\\\/\",\"name\":\"INNONVA IOT\",\"description\":\"Innovation &amp; Design Tech Consultancy\",\"publisher\":{\"@id\":\"https:\\\/\\\/innovaiot.com\\\/es\\\/#organization\"},\"potentialAction\":[{\"@type\":\"SearchAction\",\"target\":{\"@type\":\"EntryPoint\",\"urlTemplate\":\"https:\\\/\\\/innovaiot.com\\\/es\\\/?s={search_term_string}\"},\"query-input\":{\"@type\":\"PropertyValueSpecification\",\"valueRequired\":true,\"valueName\":\"search_term_string\"}}],\"inLanguage\":\"es\"},{\"@type\":\"Organization\",\"@id\":\"https:\\\/\\\/innovaiot.com\\\/es\\\/#organization\",\"name\":\"INNONVA IOT\",\"url\":\"https:\\\/\\\/innovaiot.com\\\/es\\\/\",\"logo\":{\"@type\":\"ImageObject\",\"inLanguage\":\"es\",\"@id\":\"https:\\\/\\\/innovaiot.com\\\/es\\\/#\\\/schema\\\/logo\\\/image\\\/\",\"url\":\"https:\\\/\\\/innovaiot.com\\\/wp-content\\\/uploads\\\/2024\\\/02\\\/innoviot-logo.png\",\"contentUrl\":\"https:\\\/\\\/innovaiot.com\\\/wp-content\\\/uploads\\\/2024\\\/02\\\/innoviot-logo.png\",\"width\":450,\"height\":166,\"caption\":\"INNONVA IOT\"},\"image\":{\"@id\":\"https:\\\/\\\/innovaiot.com\\\/es\\\/#\\\/schema\\\/logo\\\/image\\\/\"}}]}<\/script>\n<!-- \/ Yoast SEO plugin. -->","yoast_head_json":{"title":"Investigaci\u00f3n de nuevos mercados","description":"Podemos ayudarte a innovar en tu Modelo de Negocio investigando qu\u00e9 nuevos mercados pueden abrirse para tu empresa. A trav\u00e9s de la aplicaci\u00f3n de metodolog\u00edas que nos permitan iniciar o impulsar un camino de Innovaci\u00f3n dentro de la empresa.","robots":{"index":"index","follow":"follow","max-snippet":"max-snippet:-1","max-image-preview":"max-image-preview:large","max-video-preview":"max-video-preview:-1"},"canonical":"https:\/\/innovaiot.com\/es\/investigacion-de-nuevos-mercados\/","og_locale":"es_ES","og_type":"article","og_title":"Investigaci\u00f3n de nuevos mercados","og_description":"Podemos ayudarte a innovar en tu Modelo de Negocio investigando qu\u00e9 nuevos mercados pueden abrirse para tu empresa. A trav\u00e9s de la aplicaci\u00f3n de metodolog\u00edas que nos permitan iniciar o impulsar un camino de Innovaci\u00f3n dentro de la empresa.","og_url":"https:\/\/innovaiot.com\/es\/investigacion-de-nuevos-mercados\/","og_site_name":"INNONVA IOT","article_modified_time":"2025-12-16T08:01:34+00:00","og_image":[{"width":1200,"height":800,"url":"https:\/\/innovaiot.com\/wp-content\/uploads\/2024\/03\/market-researcher-scrutinizing-a-chart-in-his-hand-2023-11-27-05-21-51-utc.jpg","type":"image\/jpeg"}],"schema":{"@context":"https:\/\/schema.org","@graph":[{"@type":"WebPage","@id":"https:\/\/innovaiot.com\/es\/investigacion-de-nuevos-mercados\/","url":"https:\/\/innovaiot.com\/es\/investigacion-de-nuevos-mercados\/","name":"Investigaci\u00f3n de nuevos mercados","isPartOf":{"@id":"https:\/\/innovaiot.com\/es\/#website"},"primaryImageOfPage":{"@id":"https:\/\/innovaiot.com\/es\/investigacion-de-nuevos-mercados\/#primaryimage"},"image":{"@id":"https:\/\/innovaiot.com\/es\/investigacion-de-nuevos-mercados\/#primaryimage"},"thumbnailUrl":"https:\/\/innovaiot.com\/wp-content\/uploads\/2024\/03\/market-researcher-scrutinizing-a-chart-in-his-hand-2023-11-27-05-21-51-utc-1024x683.jpg","datePublished":"2024-03-05T17:15:56+00:00","dateModified":"2025-12-16T08:01:34+00:00","description":"Podemos ayudarte a innovar en tu Modelo de Negocio investigando qu\u00e9 nuevos mercados pueden abrirse para tu empresa. A trav\u00e9s de la aplicaci\u00f3n de metodolog\u00edas que nos permitan iniciar o impulsar un camino de Innovaci\u00f3n dentro de la empresa.","breadcrumb":{"@id":"https:\/\/innovaiot.com\/es\/investigacion-de-nuevos-mercados\/#breadcrumb"},"inLanguage":"es","potentialAction":[{"@type":"ReadAction","target":["https:\/\/innovaiot.com\/es\/investigacion-de-nuevos-mercados\/"]}]},{"@type":"ImageObject","inLanguage":"es","@id":"https:\/\/innovaiot.com\/es\/investigacion-de-nuevos-mercados\/#primaryimage","url":"https:\/\/innovaiot.com\/wp-content\/uploads\/2024\/03\/market-researcher-scrutinizing-a-chart-in-his-hand-2023-11-27-05-21-51-utc-1024x683.jpg","contentUrl":"https:\/\/innovaiot.com\/wp-content\/uploads\/2024\/03\/market-researcher-scrutinizing-a-chart-in-his-hand-2023-11-27-05-21-51-utc-1024x683.jpg"},{"@type":"BreadcrumbList","@id":"https:\/\/innovaiot.com\/es\/investigacion-de-nuevos-mercados\/#breadcrumb","itemListElement":[{"@type":"ListItem","position":1,"name":"Home","item":"https:\/\/innovaiot.com\/es\/inicio\/"},{"@type":"ListItem","position":2,"name":"Investigaci\u00f3n de nuevos mercados"}]},{"@type":"WebSite","@id":"https:\/\/innovaiot.com\/es\/#website","url":"https:\/\/innovaiot.com\/es\/","name":"INNONVA IOT","description":"Innovation &amp; Design Tech Consultancy","publisher":{"@id":"https:\/\/innovaiot.com\/es\/#organization"},"potentialAction":[{"@type":"SearchAction","target":{"@type":"EntryPoint","urlTemplate":"https:\/\/innovaiot.com\/es\/?s={search_term_string}"},"query-input":{"@type":"PropertyValueSpecification","valueRequired":true,"valueName":"search_term_string"}}],"inLanguage":"es"},{"@type":"Organization","@id":"https:\/\/innovaiot.com\/es\/#organization","name":"INNONVA IOT","url":"https:\/\/innovaiot.com\/es\/","logo":{"@type":"ImageObject","inLanguage":"es","@id":"https:\/\/innovaiot.com\/es\/#\/schema\/logo\/image\/","url":"https:\/\/innovaiot.com\/wp-content\/uploads\/2024\/02\/innoviot-logo.png","contentUrl":"https:\/\/innovaiot.com\/wp-content\/uploads\/2024\/02\/innoviot-logo.png","width":450,"height":166,"caption":"INNONVA IOT"},"image":{"@id":"https:\/\/innovaiot.com\/es\/#\/schema\/logo\/image\/"}}]}},"_links":{"self":[{"href":"https:\/\/innovaiot.com\/es\/wp-json\/wp\/v2\/pages\/2893","targetHints":{"allow":["GET"]}}],"collection":[{"href":"https:\/\/innovaiot.com\/es\/wp-json\/wp\/v2\/pages"}],"about":[{"href":"https:\/\/innovaiot.com\/es\/wp-json\/wp\/v2\/types\/page"}],"author":[{"embeddable":true,"href":"https:\/\/innovaiot.com\/es\/wp-json\/wp\/v2\/users\/1"}],"replies":[{"embeddable":true,"href":"https:\/\/innovaiot.com\/es\/wp-json\/wp\/v2\/comments?post=2893"}],"version-history":[{"count":1,"href":"https:\/\/innovaiot.com\/es\/wp-json\/wp\/v2\/pages\/2893\/revisions"}],"predecessor-version":[{"id":3284,"href":"https:\/\/innovaiot.com\/es\/wp-json\/wp\/v2\/pages\/2893\/revisions\/3284"}],"wp:attachment":[{"href":"https:\/\/innovaiot.com\/es\/wp-json\/wp\/v2\/media?parent=2893"}],"curies":[{"name":"wp","href":"https:\/\/api.w.org\/{rel}","templated":true}]}}