{"id":3112,"date":"2024-04-05T10:37:26","date_gmt":"2024-04-05T10:37:26","guid":{"rendered":"https:\/\/innovaiot.com\/?page_id=3112"},"modified":"2024-09-30T08:44:59","modified_gmt":"2024-09-30T08:44:59","slug":"industrialitzacio-i-operacions-3","status":"publish","type":"page","link":"https:\/\/innovaiot.com\/ca\/industrialitzacio-i-operacions-3\/","title":{"rendered":"Assessorament en R+D Innovaci\u00f3 i Finan\u00e7ament T\u00e8cnic"},"content":{"rendered":"\t\t<div data-elementor-type=\"wp-page\" data-elementor-id=\"3112\" class=\"elementor elementor-3112 elementor-3111\" data-elementor-post-type=\"page\">\n\t\t\t\t<div class=\"elementor-element elementor-element-3cea977 e-flex e-con-boxed e-con e-parent\" data-id=\"3cea977\" data-element_type=\"container\" data-e-type=\"container\">\n\t\t\t\t\t<div class=\"e-con-inner\">\n\t\t\t\t\t<\/div>\n\t\t\t\t<\/div>\n\t\t<div class=\"elementor-element elementor-element-25a0e1a e-con-full e-flex e-con e-parent\" data-id=\"25a0e1a\" data-element_type=\"container\" data-e-type=\"container\">\n\t\t<div class=\"elementor-element elementor-element-120e259 e-con-full e-flex e-con e-child\" data-id=\"120e259\" data-element_type=\"container\" data-e-type=\"container\" data-settings=\"{&quot;position&quot;:&quot;fixed&quot;}\">\n\t\t\t\t<div class=\"elementor-element elementor-element-e8e879b elementor-view-default elementor-widget elementor-widget-icon\" data-id=\"e8e879b\" data-element_type=\"widget\" data-e-type=\"widget\" data-widget_type=\"icon.default\">\n\t\t\t\t<div class=\"elementor-widget-container\">\n\t\t\t\t\t\t\t<div class=\"elementor-icon-wrapper\">\n\t\t\t<a class=\"elementor-icon\" href=\"#elementor-action%3Aaction%3Dpopup%3Aopen%26settings%3DeyJpZCI6MjU0MywidG9nZ2xlIjpmYWxzZX0%3D\" rel=\"nofollow\">\n\t\t\t<svg aria-hidden=\"true\" class=\"e-font-icon-svg e-fas-home\" viewBox=\"0 0 576 512\" xmlns=\"http:\/\/www.w3.org\/2000\/svg\"><path d=\"M280.37 148.26L96 300.11V464a16 16 0 0 0 16 16l112.06-.29a16 16 0 0 0 15.92-16V368a16 16 0 0 1 16-16h64a16 16 0 0 1 16 16v95.64a16 16 0 0 0 16 16.05L464 480a16 16 0 0 0 16-16V300L295.67 148.26a12.19 12.19 0 0 0-15.3 0zM571.6 251.47L488 182.56V44.05a12 12 0 0 0-12-12h-56a12 12 0 0 0-12 12v72.61L318.47 43a48 48 0 0 0-61 0L4.34 251.47a12 12 0 0 0-1.6 16.9l25.5 31A12 12 0 0 0 45.15 301l235.22-193.74a12.19 12.19 0 0 1 15.3 0L530.9 301a12 12 0 0 0 16.9-1.6l25.5-31a12 12 0 0 0-1.7-16.93z\"><\/path><\/svg>\t\t\t<\/a>\n\t\t<\/div>\n\t\t\t\t\t\t<\/div>\n\t\t\t\t<\/div>\n\t\t\t\t<\/div>\n\t\t\t\t<\/div>\n\t\t<div class=\"elementor-element elementor-element-58a2a18 e-flex e-con-boxed e-con e-parent\" data-id=\"58a2a18\" data-element_type=\"container\" data-e-type=\"container\">\n\t\t\t\t\t<div class=\"e-con-inner\">\n\t\t<div class=\"elementor-element elementor-element-b3cb6bb e-con-full e-flex e-con e-child\" data-id=\"b3cb6bb\" data-element_type=\"container\" data-e-type=\"container\">\n\t\t<div class=\"elementor-element elementor-element-74a7582 e-con-full e-flex e-con e-child\" data-id=\"74a7582\" data-element_type=\"container\" data-e-type=\"container\">\n\t\t\t\t<div class=\"elementor-element elementor-element-9add7fc elementor-widget elementor-widget-heading\" data-id=\"9add7fc\" data-element_type=\"widget\" data-e-type=\"widget\" data-widget_type=\"heading.default\">\n\t\t\t\t<div class=\"elementor-widget-container\">\n\t\t\t\t\t<h1 class=\"elementor-heading-title elementor-size-default\">Som assessors tecnol\u00f2gics dedicats que s'han especialitzat a navegar per les complexitats d'assegurar i gestionar Next Generation, CDTi o una altra manera de finan\u00e7ar els vostres projectes.  \n<\/h1>\t\t\t\t<\/div>\n\t\t\t\t<\/div>\n\t\t\t\t<div class=\"elementor-element elementor-element-0b8a9c1 elementor-widget elementor-widget-heading\" data-id=\"0b8a9c1\" data-element_type=\"widget\" data-e-type=\"widget\" data-widget_type=\"heading.default\">\n\t\t\t\t<div class=\"elementor-widget-container\">\n\t\t\t\t\t<h3 class=\"elementor-heading-title elementor-size-default\">Tamb\u00e9 podem oferir el servei de definici\u00f3 i execuci\u00f3 d'eines per a la verificaci\u00f3 de plaques electr\u00f2niques, incloent HW i SW de control.<\/h3>\t\t\t\t<\/div>\n\t\t\t\t<\/div>\n\t\t\t\t<\/div>\n\t\t\t\t<\/div>\n\t\t<div class=\"elementor-element elementor-element-a5fcae4 e-con-full e-flex e-con e-child\" data-id=\"a5fcae4\" data-element_type=\"container\" data-e-type=\"container\">\n\t\t<div class=\"elementor-element elementor-element-4eb57e6 e-flex e-con-boxed e-con e-child\" data-id=\"4eb57e6\" data-element_type=\"container\" data-e-type=\"container\" data-settings=\"{&quot;background_background&quot;:&quot;classic&quot;}\">\n\t\t\t\t\t<div class=\"e-con-inner\">\n\t\t\t\t<div class=\"elementor-element elementor-element-8ce311b elementor-widget elementor-widget-image\" data-id=\"8ce311b\" data-element_type=\"widget\" data-e-type=\"widget\" data-widget_type=\"image.default\">\n\t\t\t\t<div class=\"elementor-widget-container\">\n\t\t\t\t\t\t\t\t\t\t\t\t\t\t\t\t<a href=\"https:\/\/innovaiot.com\/wp-content\/uploads\/2024\/04\/female-technician-modern-factory-technical-superv-2023-11-27-05-27-13-utc.jpg\" data-elementor-open-lightbox=\"yes\" data-elementor-lightbox-title=\"female-technician-modern-factory-technical-superv-2023-11-27-05-27-13-utc\" data-e-action-hash=\"#elementor-action%3Aaction%3Dlightbox%26settings%3DeyJpZCI6MzExOSwidXJsIjoiaHR0cHM6XC9cL2lubm92YWlvdC5jb21cL3dwLWNvbnRlbnRcL3VwbG9hZHNcLzIwMjRcLzA0XC9mZW1hbGUtdGVjaG5pY2lhbi1tb2Rlcm4tZmFjdG9yeS10ZWNobmljYWwtc3VwZXJ2LTIwMjMtMTEtMjctMDUtMjctMTMtdXRjLmpwZyJ9\">\n\t\t\t\t\t\t\t<img fetchpriority=\"high\" decoding=\"async\" width=\"800\" height=\"533\" src=\"https:\/\/innovaiot.com\/wp-content\/uploads\/2024\/04\/female-technician-modern-factory-technical-superv-2023-11-27-05-27-13-utc-1024x682.jpg\" class=\"attachment-large size-large wp-image-3119\" alt=\"\" srcset=\"https:\/\/innovaiot.com\/wp-content\/uploads\/2024\/04\/female-technician-modern-factory-technical-superv-2023-11-27-05-27-13-utc-1024x682.jpg 1024w, https:\/\/innovaiot.com\/wp-content\/uploads\/2024\/04\/female-technician-modern-factory-technical-superv-2023-11-27-05-27-13-utc-300x200.jpg 300w, https:\/\/innovaiot.com\/wp-content\/uploads\/2024\/04\/female-technician-modern-factory-technical-superv-2023-11-27-05-27-13-utc-768x512.jpg 768w, https:\/\/innovaiot.com\/wp-content\/uploads\/2024\/04\/female-technician-modern-factory-technical-superv-2023-11-27-05-27-13-utc.jpg 1280w\" sizes=\"(max-width: 800px) 100vw, 800px\" \/>\t\t\t\t\t\t\t\t<\/a>\n\t\t\t\t\t\t\t\t\t\t\t\t\t\t\t<\/div>\n\t\t\t\t<\/div>\n\t\t\t\t\t<\/div>\n\t\t\t\t<\/div>\n\t\t<div class=\"elementor-element elementor-element-be6ed95 e-con-full e-flex e-con e-child\" data-id=\"be6ed95\" data-element_type=\"container\" data-e-type=\"container\">\n\t\t<div class=\"elementor-element elementor-element-521b036 e-flex e-con-boxed e-con e-child\" data-id=\"521b036\" data-element_type=\"container\" data-e-type=\"container\">\n\t\t\t\t\t<div class=\"e-con-inner\">\n\t\t\t\t<div class=\"elementor-element elementor-element-0b775a4 elementor-widget elementor-widget-text-editor\" data-id=\"0b775a4\" data-element_type=\"widget\" data-e-type=\"widget\" data-widget_type=\"text-editor.default\">\n\t\t\t\t<div class=\"elementor-widget-container\">\n\t\t\t\t\t\t\t\t\t<ul>\n<li>Planificaci\u00f3 estrat\u00e8gica.<\/li>\n<li>Desenvolupament de la proposta.<\/li>\n<li>Supervisi\u00f3 del projecte.<\/li>\n<li>Compliment i Informes.<\/li>\n<li>Mitigaci\u00f3 de riscos.<\/li>\n<\/ul>\n\t\t\t\t\t\t\t\t<\/div>\n\t\t\t\t<\/div>\n\t\t\t\t<div class=\"elementor-element elementor-element-5b4f5ac elementor-widget elementor-widget-text-editor\" data-id=\"5b4f5ac\" data-element_type=\"widget\" data-e-type=\"widget\" data-widget_type=\"text-editor.default\">\n\t\t\t\t<div class=\"elementor-widget-container\">\n\t\t\t\t\t\t\t\t\t<p><strong>Amb la nostra experi\u00e8ncia i el nostre suport dedicat, podeu navegar amb confian\u00e7a pels diferents escenaris de finan\u00e7ament i maximitzar l&#8217;impacte dels vostres projectes.  <\/strong><\/p>\n\t\t\t\t\t\t\t\t<\/div>\n\t\t\t\t<\/div>\n\t\t\t\t\t<\/div>\n\t\t\t\t<\/div>\n\t\t\t\t<\/div>\n\t\t\t\t<\/div>\n\t\t\t\t\t<\/div>\n\t\t\t\t<\/div>\n\t\t<div class=\"elementor-element elementor-element-15eca0e e-flex e-con-boxed e-con e-parent\" data-id=\"15eca0e\" data-element_type=\"container\" data-e-type=\"container\" data-settings=\"{&quot;background_background&quot;:&quot;classic&quot;}\">\n\t\t\t\t\t<div class=\"e-con-inner\">\n\t\t<div class=\"elementor-element elementor-element-6b39b0a e-flex e-con-boxed e-con e-child\" data-id=\"6b39b0a\" data-element_type=\"container\" data-e-type=\"container\" data-settings=\"{&quot;background_background&quot;:&quot;classic&quot;}\">\n\t\t\t\t\t<div class=\"e-con-inner\">\n\t\t<div class=\"elementor-element elementor-element-2d26436 e-con-full e-flex e-con e-child\" data-id=\"2d26436\" data-element_type=\"container\" data-e-type=\"container\">\n\t\t\t\t<div class=\"elementor-element elementor-element-85d5b25 elementor-widget elementor-widget-text-editor\" data-id=\"85d5b25\" data-element_type=\"widget\" data-e-type=\"widget\" data-widget_type=\"text-editor.default\">\n\t\t\t\t<div class=\"elementor-widget-container\">\n\t\t\t\t\t\t\t\t\t<p><span style=\"color: #ff6600;\"><b>1. Planificaci\u00f3 estrat\u00e8gica:<\/b><\/span><\/p>\n\t\t\t\t\t\t\t\t<\/div>\n\t\t\t\t<\/div>\n\t\t\t\t<div class=\"elementor-element elementor-element-a6b3ef4 elementor-widget elementor-widget-text-editor\" data-id=\"a6b3ef4\" data-element_type=\"widget\" data-e-type=\"widget\" data-widget_type=\"text-editor.default\">\n\t\t\t\t<div class=\"elementor-widget-container\">\n\t\t\t\t\t\t\t\t\t<p>Treballem estretament amb tu per desenvolupar una estrat\u00e8gia de finan\u00e7ament integral adaptada a les necessitats i objectius \u00fanics del teu projecte. Des de la identificaci\u00f3 de fonts de finan\u00e7ament fins a la creaci\u00f3 d&#8217;un full de ruta per a l&#8217;execuci\u00f3, m&#8217;asseguro que cada pas estigui alineat estrat\u00e8gicament.<\/p>\n\t\t\t\t\t\t\t\t<\/div>\n\t\t\t\t<\/div>\n\t\t\t\t<\/div>\n\t\t<div class=\"elementor-element elementor-element-0986ea5 e-con-full e-flex e-con e-child\" data-id=\"0986ea5\" data-element_type=\"container\" data-e-type=\"container\" data-settings=\"{&quot;background_background&quot;:&quot;classic&quot;}\">\n\t\t\t\t<div class=\"elementor-element elementor-element-ceb417b elementor-widget elementor-widget-text-editor\" data-id=\"ceb417b\" data-element_type=\"widget\" data-e-type=\"widget\" data-widget_type=\"text-editor.default\">\n\t\t\t\t<div class=\"elementor-widget-container\">\n\t\t\t\t\t\t\t\t\t<p><span style=\"color: #ff6600;\"><b>2. Desenvolupament de la proposta:<\/b><\/span><\/p>\n\t\t\t\t\t\t\t\t<\/div>\n\t\t\t\t<\/div>\n\t\t\t\t<div class=\"elementor-element elementor-element-51318ea elementor-widget elementor-widget-text-editor\" data-id=\"51318ea\" data-element_type=\"widget\" data-e-type=\"widget\" data-widget_type=\"text-editor.default\">\n\t\t\t\t<div class=\"elementor-widget-container\">\n\t\t\t\t\t\t\t\t\t<p>Elaborar propostes convincents \u00e9s clau per aconseguir finan\u00e7ament. Oferim experi\u00e8ncia en el desenvolupament de propostes persuasives que comuniquin de manera efectiva la visi\u00f3, l&#8217;impacte potencial i la proposta de valor del vostre projecte als inversors i ag\u00e8ncies de finan\u00e7ament.<\/p>\n\t\t\t\t\t\t\t\t<\/div>\n\t\t\t\t<\/div>\n\t\t\t\t<\/div>\n\t\t\t\t\t<\/div>\n\t\t\t\t<\/div>\n\t\t\t\t\t<\/div>\n\t\t\t\t<\/div>\n\t\t<div class=\"elementor-element elementor-element-d36cf25 e-flex e-con-boxed e-con e-parent\" data-id=\"d36cf25\" data-element_type=\"container\" data-e-type=\"container\" data-settings=\"{&quot;background_background&quot;:&quot;classic&quot;}\">\n\t\t\t\t\t<div class=\"e-con-inner\">\n\t\t<div class=\"elementor-element elementor-element-eb8ba50 e-flex e-con-boxed e-con e-child\" data-id=\"eb8ba50\" data-element_type=\"container\" data-e-type=\"container\" data-settings=\"{&quot;background_background&quot;:&quot;classic&quot;}\">\n\t\t\t\t\t<div class=\"e-con-inner\">\n\t\t<div class=\"elementor-element elementor-element-b5b99e6 e-con-full e-flex e-con e-child\" data-id=\"b5b99e6\" data-element_type=\"container\" data-e-type=\"container\">\n\t\t\t\t<div class=\"elementor-element elementor-element-75438df elementor-widget elementor-widget-text-editor\" data-id=\"75438df\" data-element_type=\"widget\" data-e-type=\"widget\" data-widget_type=\"text-editor.default\">\n\t\t\t\t<div class=\"elementor-widget-container\">\n\t\t\t\t\t\t\t\t\t<p><span style=\"color: #ff6600;\"><b>3. Supervisi\u00f3 del projecte:<\/b><\/span><\/p>\n\t\t\t\t\t\t\t\t<\/div>\n\t\t\t\t<\/div>\n\t\t\t\t<div class=\"elementor-element elementor-element-e98a845 elementor-widget elementor-widget-text-editor\" data-id=\"e98a845\" data-element_type=\"widget\" data-e-type=\"widget\" data-widget_type=\"text-editor.default\">\n\t\t\t\t<div class=\"elementor-widget-container\">\n\t\t\t\t\t\t\t\t\t<p>Un cop s&#8217;aconsegueix el finan\u00e7ament, oferim suport continu a la gesti\u00f3 del projecte per garantir una execuci\u00f3 correcta i una entrega oportuna. Des de la gesti\u00f3 del pressupost fins al seguiment de fites, mantenim el vostre projecte en bon cam\u00ed i dins de l&#8217;abast. Tamb\u00e9 podem ajudar-te en l&#8217;execuci\u00f3 de les diferents tasques definides.<\/p>\n\t\t\t\t\t\t\t\t<\/div>\n\t\t\t\t<\/div>\n\t\t\t\t<\/div>\n\t\t<div class=\"elementor-element elementor-element-1e6db09 e-con-full e-flex e-con e-child\" data-id=\"1e6db09\" data-element_type=\"container\" data-e-type=\"container\">\n\t\t\t\t<div class=\"elementor-element elementor-element-47e9d9a elementor-widget elementor-widget-text-editor\" data-id=\"47e9d9a\" data-element_type=\"widget\" data-e-type=\"widget\" data-widget_type=\"text-editor.default\">\n\t\t\t\t<div class=\"elementor-widget-container\">\n\t\t\t\t\t\t\t\t\t<p><span style=\"color: #ff6600;\"><b>4. Compliment i informes:<\/b><\/span><\/p>\n\t\t\t\t\t\t\t\t<\/div>\n\t\t\t\t<\/div>\n\t\t\t\t<div class=\"elementor-element elementor-element-9e6b106 elementor-widget elementor-widget-text-editor\" data-id=\"9e6b106\" data-element_type=\"widget\" data-e-type=\"widget\" data-widget_type=\"text-editor.default\">\n\t\t\t\t<div class=\"elementor-widget-container\">\n\t\t\t\t\t\t\t\t\t<p>Navegar pel panorama regulador pot ser un repte. Ens assegurem que el vostre projecte segueixi complint els requisits de finan\u00e7ament i l&#8217;ajudem a preparar informes de progr\u00e9s complets per mantenir informats les parts interessades.<\/p>\n\t\t\t\t\t\t\t\t<\/div>\n\t\t\t\t<\/div>\n\t\t\t\t<\/div>\n\t\t<div class=\"elementor-element elementor-element-cbd3d95 e-con-full e-flex e-con e-child\" data-id=\"cbd3d95\" data-element_type=\"container\" data-e-type=\"container\">\n\t\t\t\t<div class=\"elementor-element elementor-element-7367861 elementor-widget elementor-widget-text-editor\" data-id=\"7367861\" data-element_type=\"widget\" data-e-type=\"widget\" data-widget_type=\"text-editor.default\">\n\t\t\t\t<div class=\"elementor-widget-container\">\n\t\t\t\t\t\t\t\t\t<p><span style=\"color: #ff6600;\"><b>5. Mitigaci\u00f3 de riscos:<\/b><\/span><\/p>\n\t\t\t\t\t\t\t\t<\/div>\n\t\t\t\t<\/div>\n\t\t\t\t<div class=\"elementor-element elementor-element-6b5d63a elementor-widget elementor-widget-text-editor\" data-id=\"6b5d63a\" data-element_type=\"widget\" data-e-type=\"widget\" data-widget_type=\"text-editor.default\">\n\t\t\t\t<div class=\"elementor-widget-container\">\n\t\t\t\t\t\t\t\t\t<p>Cada projecte comporta el seu propi conjunt de riscos. Identifiquem de manera proactiva els possibles reptes i desenvolupem estrat\u00e8gies de mitigaci\u00f3 de riscos per salvaguardar l&#8217;\u00e8xit del vostre projecte.<\/p>\n\t\t\t\t\t\t\t\t<\/div>\n\t\t\t\t<\/div>\n\t\t\t\t<\/div>\n\t\t\t\t\t<\/div>\n\t\t\t\t<\/div>\n\t\t\t\t\t<\/div>\n\t\t\t\t<\/div>\n\t\t\t\t<\/div>\n\t\t","protected":false},"excerpt":{"rendered":"<p>Ens agradaria ajudar-te en el teu cam\u00ed des de parlar d&#8217;Innovaci\u00f3 fins a fer-ho realitat.<\/p>\n","protected":false},"author":1,"featured_media":0,"parent":0,"menu_order":0,"comment_status":"closed","ping_status":"closed","template":"","meta":{"inline_featured_image":false,"footnotes":""},"class_list":["post-3112","page","type-page","status-publish","hentry"],"yoast_head":"<!-- This site is optimized with the Yoast SEO plugin v27.3 - https:\/\/yoast.com\/product\/yoast-seo-wordpress\/ -->\n<title>Assessorament en R+D Innovaci\u00f3 i Finan\u00e7ament T\u00e8cnic<\/title>\n<meta name=\"description\" content=\"Som assessors tecnol\u00f2gics dedicats que s&#039;han especialitzat a navegar per les complexitats d&#039;assegurar i gestionar Next Generation, CDTi o una altra manera de finan\u00e7ar els vostres projectes. Tamb\u00e9 podem oferir el servei de definici\u00f3 i execuci\u00f3 d&#039;eines per a la verificaci\u00f3 de plaques electr\u00f2niques, incloent HW i SW de control.\" \/>\n<meta name=\"robots\" content=\"index, follow, max-snippet:-1, max-image-preview:large, max-video-preview:-1\" \/>\n<link rel=\"canonical\" href=\"https:\/\/innovaiot.com\/ca\/industrialitzacio-i-operacions-3\/\" \/>\n<meta property=\"og:locale\" content=\"ca_ES\" \/>\n<meta property=\"og:type\" content=\"article\" \/>\n<meta property=\"og:title\" content=\"Assessorament en R+D Innovaci\u00f3 i Finan\u00e7ament T\u00e8cnic\" \/>\n<meta property=\"og:description\" content=\"Som assessors tecnol\u00f2gics dedicats que s&#039;han especialitzat a navegar per les complexitats d&#039;assegurar i gestionar Next Generation, CDTi o una altra manera de finan\u00e7ar els vostres projectes. Tamb\u00e9 podem oferir el servei de definici\u00f3 i execuci\u00f3 d&#039;eines per a la verificaci\u00f3 de plaques electr\u00f2niques, incloent HW i SW de control.\" \/>\n<meta property=\"og:url\" content=\"https:\/\/innovaiot.com\/ca\/industrialitzacio-i-operacions-3\/\" \/>\n<meta property=\"og:site_name\" content=\"INNONVA IOT\" \/>\n<meta property=\"article:modified_time\" content=\"2024-09-30T08:44:59+00:00\" \/>\n<meta property=\"og:image\" content=\"https:\/\/innovaiot.com\/wp-content\/uploads\/2024\/04\/female-technician-modern-factory-technical-superv-2023-11-27-05-27-13-utc-1024x682.jpg\" \/>\n<script type=\"application\/ld+json\" class=\"yoast-schema-graph\">{\"@context\":\"https:\\\/\\\/schema.org\",\"@graph\":[{\"@type\":\"WebPage\",\"@id\":\"https:\\\/\\\/innovaiot.com\\\/ca\\\/industrialitzacio-i-operacions-3\\\/\",\"url\":\"https:\\\/\\\/innovaiot.com\\\/ca\\\/industrialitzacio-i-operacions-3\\\/\",\"name\":\"Assessorament en R+D Innovaci\u00f3 i Finan\u00e7ament T\u00e8cnic\",\"isPartOf\":{\"@id\":\"https:\\\/\\\/innovaiot.com\\\/ca\\\/#website\"},\"primaryImageOfPage\":{\"@id\":\"https:\\\/\\\/innovaiot.com\\\/ca\\\/industrialitzacio-i-operacions-3\\\/#primaryimage\"},\"image\":{\"@id\":\"https:\\\/\\\/innovaiot.com\\\/ca\\\/industrialitzacio-i-operacions-3\\\/#primaryimage\"},\"thumbnailUrl\":\"https:\\\/\\\/innovaiot.com\\\/wp-content\\\/uploads\\\/2024\\\/04\\\/female-technician-modern-factory-technical-superv-2023-11-27-05-27-13-utc-1024x682.jpg\",\"datePublished\":\"2024-04-05T10:37:26+00:00\",\"dateModified\":\"2024-09-30T08:44:59+00:00\",\"description\":\"Som assessors tecnol\u00f2gics dedicats que s'han especialitzat a navegar per les complexitats d'assegurar i gestionar Next Generation, CDTi o una altra manera de finan\u00e7ar els vostres projectes. Tamb\u00e9 podem oferir el servei de definici\u00f3 i execuci\u00f3 d'eines per a la verificaci\u00f3 de plaques electr\u00f2niques, incloent HW i SW de control.\",\"breadcrumb\":{\"@id\":\"https:\\\/\\\/innovaiot.com\\\/ca\\\/industrialitzacio-i-operacions-3\\\/#breadcrumb\"},\"inLanguage\":\"ca\",\"potentialAction\":[{\"@type\":\"ReadAction\",\"target\":[\"https:\\\/\\\/innovaiot.com\\\/ca\\\/industrialitzacio-i-operacions-3\\\/\"]}]},{\"@type\":\"ImageObject\",\"inLanguage\":\"ca\",\"@id\":\"https:\\\/\\\/innovaiot.com\\\/ca\\\/industrialitzacio-i-operacions-3\\\/#primaryimage\",\"url\":\"https:\\\/\\\/innovaiot.com\\\/wp-content\\\/uploads\\\/2024\\\/04\\\/female-technician-modern-factory-technical-superv-2023-11-27-05-27-13-utc-1024x682.jpg\",\"contentUrl\":\"https:\\\/\\\/innovaiot.com\\\/wp-content\\\/uploads\\\/2024\\\/04\\\/female-technician-modern-factory-technical-superv-2023-11-27-05-27-13-utc-1024x682.jpg\"},{\"@type\":\"BreadcrumbList\",\"@id\":\"https:\\\/\\\/innovaiot.com\\\/ca\\\/industrialitzacio-i-operacions-3\\\/#breadcrumb\",\"itemListElement\":[{\"@type\":\"ListItem\",\"position\":1,\"name\":\"Home\",\"item\":\"https:\\\/\\\/innovaiot.com\\\/ca\\\/\"},{\"@type\":\"ListItem\",\"position\":2,\"name\":\"Assessorament en R+D Innovaci\u00f3 i Finan\u00e7ament T\u00e8cnic\"}]},{\"@type\":\"WebSite\",\"@id\":\"https:\\\/\\\/innovaiot.com\\\/ca\\\/#website\",\"url\":\"https:\\\/\\\/innovaiot.com\\\/ca\\\/\",\"name\":\"INNONVA IOT\",\"description\":\"Innovation &amp; Design Tech Consultancy\",\"publisher\":{\"@id\":\"https:\\\/\\\/innovaiot.com\\\/ca\\\/#organization\"},\"potentialAction\":[{\"@type\":\"SearchAction\",\"target\":{\"@type\":\"EntryPoint\",\"urlTemplate\":\"https:\\\/\\\/innovaiot.com\\\/ca\\\/?s={search_term_string}\"},\"query-input\":{\"@type\":\"PropertyValueSpecification\",\"valueRequired\":true,\"valueName\":\"search_term_string\"}}],\"inLanguage\":\"ca\"},{\"@type\":\"Organization\",\"@id\":\"https:\\\/\\\/innovaiot.com\\\/ca\\\/#organization\",\"name\":\"INNONVA IOT\",\"url\":\"https:\\\/\\\/innovaiot.com\\\/ca\\\/\",\"logo\":{\"@type\":\"ImageObject\",\"inLanguage\":\"ca\",\"@id\":\"https:\\\/\\\/innovaiot.com\\\/ca\\\/#\\\/schema\\\/logo\\\/image\\\/\",\"url\":\"https:\\\/\\\/innovaiot.com\\\/wp-content\\\/uploads\\\/2024\\\/02\\\/innoviot-logo.png\",\"contentUrl\":\"https:\\\/\\\/innovaiot.com\\\/wp-content\\\/uploads\\\/2024\\\/02\\\/innoviot-logo.png\",\"width\":450,\"height\":166,\"caption\":\"INNONVA IOT\"},\"image\":{\"@id\":\"https:\\\/\\\/innovaiot.com\\\/ca\\\/#\\\/schema\\\/logo\\\/image\\\/\"}}]}<\/script>\n<!-- \/ Yoast SEO plugin. -->","yoast_head_json":{"title":"Assessorament en R+D Innovaci\u00f3 i Finan\u00e7ament T\u00e8cnic","description":"Som assessors tecnol\u00f2gics dedicats que s'han especialitzat a navegar per les complexitats d'assegurar i gestionar Next Generation, CDTi o una altra manera de finan\u00e7ar els vostres projectes. Tamb\u00e9 podem oferir el servei de definici\u00f3 i execuci\u00f3 d'eines per a la verificaci\u00f3 de plaques electr\u00f2niques, incloent HW i SW de control.","robots":{"index":"index","follow":"follow","max-snippet":"max-snippet:-1","max-image-preview":"max-image-preview:large","max-video-preview":"max-video-preview:-1"},"canonical":"https:\/\/innovaiot.com\/ca\/industrialitzacio-i-operacions-3\/","og_locale":"ca_ES","og_type":"article","og_title":"Assessorament en R+D Innovaci\u00f3 i Finan\u00e7ament T\u00e8cnic","og_description":"Som assessors tecnol\u00f2gics dedicats que s'han especialitzat a navegar per les complexitats d'assegurar i gestionar Next Generation, CDTi o una altra manera de finan\u00e7ar els vostres projectes. Tamb\u00e9 podem oferir el servei de definici\u00f3 i execuci\u00f3 d'eines per a la verificaci\u00f3 de plaques electr\u00f2niques, incloent HW i SW de control.","og_url":"https:\/\/innovaiot.com\/ca\/industrialitzacio-i-operacions-3\/","og_site_name":"INNONVA IOT","article_modified_time":"2024-09-30T08:44:59+00:00","og_image":[{"url":"https:\/\/innovaiot.com\/wp-content\/uploads\/2024\/04\/female-technician-modern-factory-technical-superv-2023-11-27-05-27-13-utc-1024x682.jpg","type":"","width":"","height":""}],"schema":{"@context":"https:\/\/schema.org","@graph":[{"@type":"WebPage","@id":"https:\/\/innovaiot.com\/ca\/industrialitzacio-i-operacions-3\/","url":"https:\/\/innovaiot.com\/ca\/industrialitzacio-i-operacions-3\/","name":"Assessorament en R+D Innovaci\u00f3 i Finan\u00e7ament T\u00e8cnic","isPartOf":{"@id":"https:\/\/innovaiot.com\/ca\/#website"},"primaryImageOfPage":{"@id":"https:\/\/innovaiot.com\/ca\/industrialitzacio-i-operacions-3\/#primaryimage"},"image":{"@id":"https:\/\/innovaiot.com\/ca\/industrialitzacio-i-operacions-3\/#primaryimage"},"thumbnailUrl":"https:\/\/innovaiot.com\/wp-content\/uploads\/2024\/04\/female-technician-modern-factory-technical-superv-2023-11-27-05-27-13-utc-1024x682.jpg","datePublished":"2024-04-05T10:37:26+00:00","dateModified":"2024-09-30T08:44:59+00:00","description":"Som assessors tecnol\u00f2gics dedicats que s'han especialitzat a navegar per les complexitats d'assegurar i gestionar Next Generation, CDTi o una altra manera de finan\u00e7ar els vostres projectes. Tamb\u00e9 podem oferir el servei de definici\u00f3 i execuci\u00f3 d'eines per a la verificaci\u00f3 de plaques electr\u00f2niques, incloent HW i SW de control.","breadcrumb":{"@id":"https:\/\/innovaiot.com\/ca\/industrialitzacio-i-operacions-3\/#breadcrumb"},"inLanguage":"ca","potentialAction":[{"@type":"ReadAction","target":["https:\/\/innovaiot.com\/ca\/industrialitzacio-i-operacions-3\/"]}]},{"@type":"ImageObject","inLanguage":"ca","@id":"https:\/\/innovaiot.com\/ca\/industrialitzacio-i-operacions-3\/#primaryimage","url":"https:\/\/innovaiot.com\/wp-content\/uploads\/2024\/04\/female-technician-modern-factory-technical-superv-2023-11-27-05-27-13-utc-1024x682.jpg","contentUrl":"https:\/\/innovaiot.com\/wp-content\/uploads\/2024\/04\/female-technician-modern-factory-technical-superv-2023-11-27-05-27-13-utc-1024x682.jpg"},{"@type":"BreadcrumbList","@id":"https:\/\/innovaiot.com\/ca\/industrialitzacio-i-operacions-3\/#breadcrumb","itemListElement":[{"@type":"ListItem","position":1,"name":"Home","item":"https:\/\/innovaiot.com\/ca\/"},{"@type":"ListItem","position":2,"name":"Assessorament en R+D Innovaci\u00f3 i Finan\u00e7ament T\u00e8cnic"}]},{"@type":"WebSite","@id":"https:\/\/innovaiot.com\/ca\/#website","url":"https:\/\/innovaiot.com\/ca\/","name":"INNONVA IOT","description":"Innovation &amp; Design Tech Consultancy","publisher":{"@id":"https:\/\/innovaiot.com\/ca\/#organization"},"potentialAction":[{"@type":"SearchAction","target":{"@type":"EntryPoint","urlTemplate":"https:\/\/innovaiot.com\/ca\/?s={search_term_string}"},"query-input":{"@type":"PropertyValueSpecification","valueRequired":true,"valueName":"search_term_string"}}],"inLanguage":"ca"},{"@type":"Organization","@id":"https:\/\/innovaiot.com\/ca\/#organization","name":"INNONVA IOT","url":"https:\/\/innovaiot.com\/ca\/","logo":{"@type":"ImageObject","inLanguage":"ca","@id":"https:\/\/innovaiot.com\/ca\/#\/schema\/logo\/image\/","url":"https:\/\/innovaiot.com\/wp-content\/uploads\/2024\/02\/innoviot-logo.png","contentUrl":"https:\/\/innovaiot.com\/wp-content\/uploads\/2024\/02\/innoviot-logo.png","width":450,"height":166,"caption":"INNONVA IOT"},"image":{"@id":"https:\/\/innovaiot.com\/ca\/#\/schema\/logo\/image\/"}}]}},"_links":{"self":[{"href":"https:\/\/innovaiot.com\/ca\/wp-json\/wp\/v2\/pages\/3112","targetHints":{"allow":["GET"]}}],"collection":[{"href":"https:\/\/innovaiot.com\/ca\/wp-json\/wp\/v2\/pages"}],"about":[{"href":"https:\/\/innovaiot.com\/ca\/wp-json\/wp\/v2\/types\/page"}],"author":[{"embeddable":true,"href":"https:\/\/innovaiot.com\/ca\/wp-json\/wp\/v2\/users\/1"}],"replies":[{"embeddable":true,"href":"https:\/\/innovaiot.com\/ca\/wp-json\/wp\/v2\/comments?post=3112"}],"version-history":[{"count":1,"href":"https:\/\/innovaiot.com\/ca\/wp-json\/wp\/v2\/pages\/3112\/revisions"}],"predecessor-version":[{"id":3380,"href":"https:\/\/innovaiot.com\/ca\/wp-json\/wp\/v2\/pages\/3112\/revisions\/3380"}],"wp:attachment":[{"href":"https:\/\/innovaiot.com\/ca\/wp-json\/wp\/v2\/media?parent=3112"}],"curies":[{"name":"wp","href":"https:\/\/api.w.org\/{rel}","templated":true}]}}