{"id":2933,"date":"2024-03-04T19:53:36","date_gmt":"2024-03-04T19:53:36","guid":{"rendered":"https:\/\/innovaiot.com\/industrialitzacio-i-operacions\/"},"modified":"2025-12-16T08:02:46","modified_gmt":"2025-12-16T08:02:46","slug":"industrialitzacio-i-operacions","status":"publish","type":"page","link":"https:\/\/innovaiot.com\/ca\/industrialitzacio-i-operacions\/","title":{"rendered":"Industrialitzaci\u00f3 i operacions"},"content":{"rendered":"\t\t<div data-elementor-type=\"wp-page\" data-elementor-id=\"2933\" class=\"elementor elementor-2933 elementor-1708\" data-elementor-post-type=\"page\">\n\t\t\t\t<div class=\"elementor-element elementor-element-3cea977 e-flex e-con-boxed e-con e-parent\" data-id=\"3cea977\" data-element_type=\"container\" data-e-type=\"container\">\n\t\t\t\t\t<div class=\"e-con-inner\">\n\t\t\t\t\t<\/div>\n\t\t\t\t<\/div>\n\t\t<div class=\"elementor-element elementor-element-25a0e1a e-con-full e-flex e-con e-parent\" data-id=\"25a0e1a\" data-element_type=\"container\" data-e-type=\"container\">\n\t\t<div class=\"elementor-element elementor-element-120e259 e-con-full e-flex e-con e-child\" data-id=\"120e259\" data-element_type=\"container\" data-e-type=\"container\" data-settings=\"{&quot;position&quot;:&quot;fixed&quot;}\">\n\t\t\t\t<div class=\"elementor-element elementor-element-e8e879b elementor-view-default elementor-widget elementor-widget-icon\" data-id=\"e8e879b\" data-element_type=\"widget\" data-e-type=\"widget\" data-widget_type=\"icon.default\">\n\t\t\t\t<div class=\"elementor-widget-container\">\n\t\t\t\t\t\t\t<div class=\"elementor-icon-wrapper\">\n\t\t\t<a class=\"elementor-icon\" href=\"#elementor-action%3Aaction%3Dpopup%3Aopen%26settings%3DeyJpZCI6MjU0MywidG9nZ2xlIjpmYWxzZX0%3D\" rel=\"nofollow\">\n\t\t\t<svg aria-hidden=\"true\" class=\"e-font-icon-svg e-fas-home\" viewBox=\"0 0 576 512\" xmlns=\"http:\/\/www.w3.org\/2000\/svg\"><path d=\"M280.37 148.26L96 300.11V464a16 16 0 0 0 16 16l112.06-.29a16 16 0 0 0 15.92-16V368a16 16 0 0 1 16-16h64a16 16 0 0 1 16 16v95.64a16 16 0 0 0 16 16.05L464 480a16 16 0 0 0 16-16V300L295.67 148.26a12.19 12.19 0 0 0-15.3 0zM571.6 251.47L488 182.56V44.05a12 12 0 0 0-12-12h-56a12 12 0 0 0-12 12v72.61L318.47 43a48 48 0 0 0-61 0L4.34 251.47a12 12 0 0 0-1.6 16.9l25.5 31A12 12 0 0 0 45.15 301l235.22-193.74a12.19 12.19 0 0 1 15.3 0L530.9 301a12 12 0 0 0 16.9-1.6l25.5-31a12 12 0 0 0-1.7-16.93z\"><\/path><\/svg>\t\t\t<\/a>\n\t\t<\/div>\n\t\t\t\t\t\t<\/div>\n\t\t\t\t<\/div>\n\t\t\t\t<\/div>\n\t\t\t\t<\/div>\n\t\t<div class=\"elementor-element elementor-element-58a2a18 e-flex e-con-boxed e-con e-parent\" data-id=\"58a2a18\" data-element_type=\"container\" data-e-type=\"container\">\n\t\t\t\t\t<div class=\"e-con-inner\">\n\t\t<div class=\"elementor-element elementor-element-b3cb6bb e-con-full e-flex e-con e-child\" data-id=\"b3cb6bb\" data-element_type=\"container\" data-e-type=\"container\">\n\t\t<div class=\"elementor-element elementor-element-74a7582 e-flex e-con-boxed e-con e-child\" data-id=\"74a7582\" data-element_type=\"container\" data-e-type=\"container\">\n\t\t\t\t\t<div class=\"e-con-inner\">\n\t\t\t\t<div class=\"elementor-element elementor-element-9add7fc elementor-widget elementor-widget-heading\" data-id=\"9add7fc\" data-element_type=\"widget\" data-e-type=\"widget\" data-widget_type=\"heading.default\">\n\t\t\t\t<div class=\"elementor-widget-container\">\n\t\t\t\t\t<h1 class=\"elementor-heading-title elementor-size-default\">Tenim m\u00e9s de 30 anys d'experi\u00e8ncia en la industrialitzaci\u00f3 de productes electr\u00f2nics. Podem ajudar els equips d'R+D a desenvolupar productes tenint en compte aquesta industrialitzaci\u00f3.  <\/h1>\t\t\t\t<\/div>\n\t\t\t\t<\/div>\n\t\t\t\t<div class=\"elementor-element elementor-element-0b8a9c1 elementor-widget elementor-widget-heading\" data-id=\"0b8a9c1\" data-element_type=\"widget\" data-e-type=\"widget\" data-widget_type=\"heading.default\">\n\t\t\t\t<div class=\"elementor-widget-container\">\n\t\t\t\t\t<h3 class=\"elementor-heading-title elementor-size-default\">Tamb\u00e9 podem oferir el servei de definici\u00f3 i execuci\u00f3 d'eines per a la verificaci\u00f3 de plaques electr\u00f2niques, incloent HW i SW de control.<\/h3>\t\t\t\t<\/div>\n\t\t\t\t<\/div>\n\t\t\t\t\t<\/div>\n\t\t\t\t<\/div>\n\t\t\t\t<\/div>\n\t\t<div class=\"elementor-element elementor-element-a5fcae4 e-con-full e-flex e-con e-child\" data-id=\"a5fcae4\" data-element_type=\"container\" data-e-type=\"container\">\n\t\t<div class=\"elementor-element elementor-element-4eb57e6 e-flex e-con-boxed e-con e-child\" data-id=\"4eb57e6\" data-element_type=\"container\" data-e-type=\"container\" data-settings=\"{&quot;background_background&quot;:&quot;classic&quot;}\">\n\t\t\t\t\t<div class=\"e-con-inner\">\n\t\t\t\t<div class=\"elementor-element elementor-element-8ce311b elementor-widget elementor-widget-image\" data-id=\"8ce311b\" data-element_type=\"widget\" data-e-type=\"widget\" data-widget_type=\"image.default\">\n\t\t\t\t<div class=\"elementor-widget-container\">\n\t\t\t\t\t\t\t\t\t\t\t\t\t\t\t\t<a href=\"https:\/\/innovaiot.com\/wp-content\/uploads\/2024\/03\/factory-of-production-microchip-electronic-or-com.jpg\" data-elementor-open-lightbox=\"yes\" data-elementor-lightbox-title=\"f\u00e0brica-de-producci\u00f3-microxip-electr\u00f2nic-o-com\" data-e-action-hash=\"#elementor-action%3Aaction%3Dlightbox%26settings%3DeyJpZCI6MTcxMiwidXJsIjoiaHR0cHM6XC9cL2lubm92YWlvdC5jb21cL3dwLWNvbnRlbnRcL3VwbG9hZHNcLzIwMjRcLzAzXC9mYWN0b3J5LW9mLXByb2R1Y3Rpb24tbWljcm9jaGlwLWVsZWN0cm9uaWMtb3ItY29tLmpwZyJ9\">\n\t\t\t\t\t\t\t<img fetchpriority=\"high\" decoding=\"async\" width=\"800\" height=\"534\" src=\"https:\/\/innovaiot.com\/wp-content\/uploads\/2024\/03\/factory-of-production-microchip-electronic-or-com-1024x683.jpg\" class=\"attachment-large size-large wp-image-1712\" alt=\"\" srcset=\"https:\/\/innovaiot.com\/wp-content\/uploads\/2024\/03\/factory-of-production-microchip-electronic-or-com-1024x683.jpg 1024w, https:\/\/innovaiot.com\/wp-content\/uploads\/2024\/03\/factory-of-production-microchip-electronic-or-com-300x200.jpg 300w, https:\/\/innovaiot.com\/wp-content\/uploads\/2024\/03\/factory-of-production-microchip-electronic-or-com-768x512.jpg 768w, https:\/\/innovaiot.com\/wp-content\/uploads\/2024\/03\/factory-of-production-microchip-electronic-or-com.jpg 1080w\" sizes=\"(max-width: 800px) 100vw, 800px\" \/>\t\t\t\t\t\t\t\t<\/a>\n\t\t\t\t\t\t\t\t\t\t\t\t\t\t\t<\/div>\n\t\t\t\t<\/div>\n\t\t\t\t\t<\/div>\n\t\t\t\t<\/div>\n\t\t<div class=\"elementor-element elementor-element-be6ed95 e-con-full e-flex e-con e-child\" data-id=\"be6ed95\" data-element_type=\"container\" data-e-type=\"container\">\n\t\t<div class=\"elementor-element elementor-element-521b036 e-flex e-con-boxed e-con e-child\" data-id=\"521b036\" data-element_type=\"container\" data-e-type=\"container\">\n\t\t\t\t\t<div class=\"e-con-inner\">\n\t\t\t\t<div class=\"elementor-element elementor-element-41d47bd elementor-widget elementor-widget-heading\" data-id=\"41d47bd\" data-element_type=\"widget\" data-e-type=\"widget\" data-widget_type=\"heading.default\">\n\t\t\t\t<div class=\"elementor-widget-container\">\n\t\t\t\t\t<h3 class=\"elementor-heading-title elementor-size-default\">Podem ajudar en la generaci\u00f3 i gesti\u00f3 dels procediments operatius per a la industrialitzaci\u00f3 dels productes. Tamb\u00e9 podem ajudar a establir la cadena de subministrament de components, gr\u00e0cies a l'ampli coneixement adquirit del mercat electr\u00f2nic europeu, americ\u00e0 i asi\u00e0tic.<\/h3>\t\t\t\t<\/div>\n\t\t\t\t<\/div>\n\t\t\t\t\t<\/div>\n\t\t\t\t<\/div>\n\t\t\t\t<\/div>\n\t\t\t\t<\/div>\n\t\t\t\t\t<\/div>\n\t\t\t\t<\/div>\n\t\t\t\t<\/div>\n\t\t","protected":false},"excerpt":{"rendered":"<p>Ens agradaria ajudar-te en el teu cam\u00ed des de parlar d&#8217;Innovaci\u00f3 fins a fer-ho realitat.<\/p>\n","protected":false},"author":1,"featured_media":0,"parent":0,"menu_order":0,"comment_status":"closed","ping_status":"closed","template":"","meta":{"inline_featured_image":false,"footnotes":""},"class_list":["post-2933","page","type-page","status-publish","hentry"],"yoast_head":"<!-- This site is optimized with the Yoast SEO plugin v27.3 - https:\/\/yoast.com\/product\/yoast-seo-wordpress\/ -->\n<title>Industrialitzaci\u00f3 i operacions<\/title>\n<meta name=\"description\" content=\"Podem ajudar en la generaci\u00f3 i gesti\u00f3 dels procediments operatius per a la industrialitzaci\u00f3 dels productes. Tamb\u00e9 podem ajudar a establir la cadena de subministrament de components, gr\u00e0cies a l&#039;ampli coneixement adquirit del mercat electr\u00f2nic europeu, americ\u00e0 i asi\u00e0tic.\" \/>\n<meta name=\"robots\" content=\"index, follow, max-snippet:-1, max-image-preview:large, max-video-preview:-1\" \/>\n<link rel=\"canonical\" href=\"https:\/\/innovaiot.com\/ca\/industrialitzacio-i-operacions\/\" \/>\n<meta property=\"og:locale\" content=\"ca_ES\" \/>\n<meta property=\"og:type\" content=\"article\" \/>\n<meta property=\"og:title\" content=\"Industrialitzaci\u00f3 i operacions\" \/>\n<meta property=\"og:description\" content=\"Podem ajudar en la generaci\u00f3 i gesti\u00f3 dels procediments operatius per a la industrialitzaci\u00f3 dels productes. Tamb\u00e9 podem ajudar a establir la cadena de subministrament de components, gr\u00e0cies a l&#039;ampli coneixement adquirit del mercat electr\u00f2nic europeu, americ\u00e0 i asi\u00e0tic.\" \/>\n<meta property=\"og:url\" content=\"https:\/\/innovaiot.com\/ca\/industrialitzacio-i-operacions\/\" \/>\n<meta property=\"og:site_name\" content=\"INNONVA IOT\" \/>\n<meta property=\"article:modified_time\" content=\"2025-12-16T08:02:46+00:00\" \/>\n<meta property=\"og:image\" content=\"https:\/\/innovaiot.com\/wp-content\/uploads\/2024\/03\/factory-of-production-microchip-electronic-or-com.jpg\" \/>\n\t<meta property=\"og:image:width\" content=\"1080\" \/>\n\t<meta property=\"og:image:height\" content=\"720\" \/>\n\t<meta property=\"og:image:type\" content=\"image\/jpeg\" \/>\n<script type=\"application\/ld+json\" class=\"yoast-schema-graph\">{\"@context\":\"https:\\\/\\\/schema.org\",\"@graph\":[{\"@type\":\"WebPage\",\"@id\":\"https:\\\/\\\/innovaiot.com\\\/ca\\\/industrialitzacio-i-operacions\\\/\",\"url\":\"https:\\\/\\\/innovaiot.com\\\/ca\\\/industrialitzacio-i-operacions\\\/\",\"name\":\"Industrialitzaci\u00f3 i operacions\",\"isPartOf\":{\"@id\":\"https:\\\/\\\/innovaiot.com\\\/ca\\\/#website\"},\"primaryImageOfPage\":{\"@id\":\"https:\\\/\\\/innovaiot.com\\\/ca\\\/industrialitzacio-i-operacions\\\/#primaryimage\"},\"image\":{\"@id\":\"https:\\\/\\\/innovaiot.com\\\/ca\\\/industrialitzacio-i-operacions\\\/#primaryimage\"},\"thumbnailUrl\":\"https:\\\/\\\/innovaiot.com\\\/wp-content\\\/uploads\\\/2024\\\/03\\\/factory-of-production-microchip-electronic-or-com-1024x683.jpg\",\"datePublished\":\"2024-03-04T19:53:36+00:00\",\"dateModified\":\"2025-12-16T08:02:46+00:00\",\"description\":\"Podem ajudar en la generaci\u00f3 i gesti\u00f3 dels procediments operatius per a la industrialitzaci\u00f3 dels productes. Tamb\u00e9 podem ajudar a establir la cadena de subministrament de components, gr\u00e0cies a l'ampli coneixement adquirit del mercat electr\u00f2nic europeu, americ\u00e0 i asi\u00e0tic.\",\"breadcrumb\":{\"@id\":\"https:\\\/\\\/innovaiot.com\\\/ca\\\/industrialitzacio-i-operacions\\\/#breadcrumb\"},\"inLanguage\":\"ca\",\"potentialAction\":[{\"@type\":\"ReadAction\",\"target\":[\"https:\\\/\\\/innovaiot.com\\\/ca\\\/industrialitzacio-i-operacions\\\/\"]}]},{\"@type\":\"ImageObject\",\"inLanguage\":\"ca\",\"@id\":\"https:\\\/\\\/innovaiot.com\\\/ca\\\/industrialitzacio-i-operacions\\\/#primaryimage\",\"url\":\"https:\\\/\\\/innovaiot.com\\\/wp-content\\\/uploads\\\/2024\\\/03\\\/factory-of-production-microchip-electronic-or-com-1024x683.jpg\",\"contentUrl\":\"https:\\\/\\\/innovaiot.com\\\/wp-content\\\/uploads\\\/2024\\\/03\\\/factory-of-production-microchip-electronic-or-com-1024x683.jpg\"},{\"@type\":\"BreadcrumbList\",\"@id\":\"https:\\\/\\\/innovaiot.com\\\/ca\\\/industrialitzacio-i-operacions\\\/#breadcrumb\",\"itemListElement\":[{\"@type\":\"ListItem\",\"position\":1,\"name\":\"Home\",\"item\":\"https:\\\/\\\/innovaiot.com\\\/ca\\\/\"},{\"@type\":\"ListItem\",\"position\":2,\"name\":\"Industrialitzaci\u00f3 i operacions\"}]},{\"@type\":\"WebSite\",\"@id\":\"https:\\\/\\\/innovaiot.com\\\/ca\\\/#website\",\"url\":\"https:\\\/\\\/innovaiot.com\\\/ca\\\/\",\"name\":\"INNONVA IOT\",\"description\":\"Innovation &amp; Design Tech Consultancy\",\"publisher\":{\"@id\":\"https:\\\/\\\/innovaiot.com\\\/ca\\\/#organization\"},\"potentialAction\":[{\"@type\":\"SearchAction\",\"target\":{\"@type\":\"EntryPoint\",\"urlTemplate\":\"https:\\\/\\\/innovaiot.com\\\/ca\\\/?s={search_term_string}\"},\"query-input\":{\"@type\":\"PropertyValueSpecification\",\"valueRequired\":true,\"valueName\":\"search_term_string\"}}],\"inLanguage\":\"ca\"},{\"@type\":\"Organization\",\"@id\":\"https:\\\/\\\/innovaiot.com\\\/ca\\\/#organization\",\"name\":\"INNONVA IOT\",\"url\":\"https:\\\/\\\/innovaiot.com\\\/ca\\\/\",\"logo\":{\"@type\":\"ImageObject\",\"inLanguage\":\"ca\",\"@id\":\"https:\\\/\\\/innovaiot.com\\\/ca\\\/#\\\/schema\\\/logo\\\/image\\\/\",\"url\":\"https:\\\/\\\/innovaiot.com\\\/wp-content\\\/uploads\\\/2024\\\/02\\\/innoviot-logo.png\",\"contentUrl\":\"https:\\\/\\\/innovaiot.com\\\/wp-content\\\/uploads\\\/2024\\\/02\\\/innoviot-logo.png\",\"width\":450,\"height\":166,\"caption\":\"INNONVA IOT\"},\"image\":{\"@id\":\"https:\\\/\\\/innovaiot.com\\\/ca\\\/#\\\/schema\\\/logo\\\/image\\\/\"}}]}<\/script>\n<!-- \/ Yoast SEO plugin. -->","yoast_head_json":{"title":"Industrialitzaci\u00f3 i operacions","description":"Podem ajudar en la generaci\u00f3 i gesti\u00f3 dels procediments operatius per a la industrialitzaci\u00f3 dels productes. Tamb\u00e9 podem ajudar a establir la cadena de subministrament de components, gr\u00e0cies a l'ampli coneixement adquirit del mercat electr\u00f2nic europeu, americ\u00e0 i asi\u00e0tic.","robots":{"index":"index","follow":"follow","max-snippet":"max-snippet:-1","max-image-preview":"max-image-preview:large","max-video-preview":"max-video-preview:-1"},"canonical":"https:\/\/innovaiot.com\/ca\/industrialitzacio-i-operacions\/","og_locale":"ca_ES","og_type":"article","og_title":"Industrialitzaci\u00f3 i operacions","og_description":"Podem ajudar en la generaci\u00f3 i gesti\u00f3 dels procediments operatius per a la industrialitzaci\u00f3 dels productes. Tamb\u00e9 podem ajudar a establir la cadena de subministrament de components, gr\u00e0cies a l'ampli coneixement adquirit del mercat electr\u00f2nic europeu, americ\u00e0 i asi\u00e0tic.","og_url":"https:\/\/innovaiot.com\/ca\/industrialitzacio-i-operacions\/","og_site_name":"INNONVA IOT","article_modified_time":"2025-12-16T08:02:46+00:00","og_image":[{"width":1080,"height":720,"url":"https:\/\/innovaiot.com\/wp-content\/uploads\/2024\/03\/factory-of-production-microchip-electronic-or-com.jpg","type":"image\/jpeg"}],"schema":{"@context":"https:\/\/schema.org","@graph":[{"@type":"WebPage","@id":"https:\/\/innovaiot.com\/ca\/industrialitzacio-i-operacions\/","url":"https:\/\/innovaiot.com\/ca\/industrialitzacio-i-operacions\/","name":"Industrialitzaci\u00f3 i operacions","isPartOf":{"@id":"https:\/\/innovaiot.com\/ca\/#website"},"primaryImageOfPage":{"@id":"https:\/\/innovaiot.com\/ca\/industrialitzacio-i-operacions\/#primaryimage"},"image":{"@id":"https:\/\/innovaiot.com\/ca\/industrialitzacio-i-operacions\/#primaryimage"},"thumbnailUrl":"https:\/\/innovaiot.com\/wp-content\/uploads\/2024\/03\/factory-of-production-microchip-electronic-or-com-1024x683.jpg","datePublished":"2024-03-04T19:53:36+00:00","dateModified":"2025-12-16T08:02:46+00:00","description":"Podem ajudar en la generaci\u00f3 i gesti\u00f3 dels procediments operatius per a la industrialitzaci\u00f3 dels productes. Tamb\u00e9 podem ajudar a establir la cadena de subministrament de components, gr\u00e0cies a l'ampli coneixement adquirit del mercat electr\u00f2nic europeu, americ\u00e0 i asi\u00e0tic.","breadcrumb":{"@id":"https:\/\/innovaiot.com\/ca\/industrialitzacio-i-operacions\/#breadcrumb"},"inLanguage":"ca","potentialAction":[{"@type":"ReadAction","target":["https:\/\/innovaiot.com\/ca\/industrialitzacio-i-operacions\/"]}]},{"@type":"ImageObject","inLanguage":"ca","@id":"https:\/\/innovaiot.com\/ca\/industrialitzacio-i-operacions\/#primaryimage","url":"https:\/\/innovaiot.com\/wp-content\/uploads\/2024\/03\/factory-of-production-microchip-electronic-or-com-1024x683.jpg","contentUrl":"https:\/\/innovaiot.com\/wp-content\/uploads\/2024\/03\/factory-of-production-microchip-electronic-or-com-1024x683.jpg"},{"@type":"BreadcrumbList","@id":"https:\/\/innovaiot.com\/ca\/industrialitzacio-i-operacions\/#breadcrumb","itemListElement":[{"@type":"ListItem","position":1,"name":"Home","item":"https:\/\/innovaiot.com\/ca\/"},{"@type":"ListItem","position":2,"name":"Industrialitzaci\u00f3 i operacions"}]},{"@type":"WebSite","@id":"https:\/\/innovaiot.com\/ca\/#website","url":"https:\/\/innovaiot.com\/ca\/","name":"INNONVA IOT","description":"Innovation &amp; Design Tech Consultancy","publisher":{"@id":"https:\/\/innovaiot.com\/ca\/#organization"},"potentialAction":[{"@type":"SearchAction","target":{"@type":"EntryPoint","urlTemplate":"https:\/\/innovaiot.com\/ca\/?s={search_term_string}"},"query-input":{"@type":"PropertyValueSpecification","valueRequired":true,"valueName":"search_term_string"}}],"inLanguage":"ca"},{"@type":"Organization","@id":"https:\/\/innovaiot.com\/ca\/#organization","name":"INNONVA IOT","url":"https:\/\/innovaiot.com\/ca\/","logo":{"@type":"ImageObject","inLanguage":"ca","@id":"https:\/\/innovaiot.com\/ca\/#\/schema\/logo\/image\/","url":"https:\/\/innovaiot.com\/wp-content\/uploads\/2024\/02\/innoviot-logo.png","contentUrl":"https:\/\/innovaiot.com\/wp-content\/uploads\/2024\/02\/innoviot-logo.png","width":450,"height":166,"caption":"INNONVA IOT"},"image":{"@id":"https:\/\/innovaiot.com\/ca\/#\/schema\/logo\/image\/"}}]}},"_links":{"self":[{"href":"https:\/\/innovaiot.com\/ca\/wp-json\/wp\/v2\/pages\/2933","targetHints":{"allow":["GET"]}}],"collection":[{"href":"https:\/\/innovaiot.com\/ca\/wp-json\/wp\/v2\/pages"}],"about":[{"href":"https:\/\/innovaiot.com\/ca\/wp-json\/wp\/v2\/types\/page"}],"author":[{"embeddable":true,"href":"https:\/\/innovaiot.com\/ca\/wp-json\/wp\/v2\/users\/1"}],"replies":[{"embeddable":true,"href":"https:\/\/innovaiot.com\/ca\/wp-json\/wp\/v2\/comments?post=2933"}],"version-history":[{"count":1,"href":"https:\/\/innovaiot.com\/ca\/wp-json\/wp\/v2\/pages\/2933\/revisions"}],"predecessor-version":[{"id":3366,"href":"https:\/\/innovaiot.com\/ca\/wp-json\/wp\/v2\/pages\/2933\/revisions\/3366"}],"wp:attachment":[{"href":"https:\/\/innovaiot.com\/ca\/wp-json\/wp\/v2\/media?parent=2933"}],"curies":[{"name":"wp","href":"https:\/\/api.w.org\/{rel}","templated":true}]}}