{"id":2901,"date":"2024-03-04T22:35:36","date_gmt":"2024-03-04T22:35:36","guid":{"rendered":"https:\/\/innovaiot.com\/gestio-interina\/"},"modified":"2025-12-16T08:03:51","modified_gmt":"2025-12-16T08:03:51","slug":"gestio-interina","status":"publish","type":"page","link":"https:\/\/innovaiot.com\/ca\/gestio-interina\/","title":{"rendered":"Gesti\u00f3 interina"},"content":{"rendered":"\t\t<div data-elementor-type=\"wp-page\" data-elementor-id=\"2901\" class=\"elementor elementor-2901 elementor-1787\" data-elementor-post-type=\"page\">\n\t\t\t\t<div class=\"elementor-element elementor-element-3cea977 e-flex e-con-boxed e-con e-parent\" data-id=\"3cea977\" data-element_type=\"container\" data-e-type=\"container\" data-settings=\"{&quot;background_background&quot;:&quot;classic&quot;}\">\n\t\t\t\t\t<div class=\"e-con-inner\">\n\t\t\t\t\t<\/div>\n\t\t\t\t<\/div>\n\t\t<div class=\"elementor-element elementor-element-5d97f52 e-con-full e-flex e-con e-parent\" data-id=\"5d97f52\" data-element_type=\"container\" data-e-type=\"container\">\n\t\t<div class=\"elementor-element elementor-element-c9b6461 e-con-full e-flex e-con e-child\" data-id=\"c9b6461\" data-element_type=\"container\" data-e-type=\"container\" data-settings=\"{&quot;position&quot;:&quot;fixed&quot;}\">\n\t\t\t\t<div class=\"elementor-element elementor-element-de06aca elementor-view-default elementor-widget elementor-widget-icon\" data-id=\"de06aca\" data-element_type=\"widget\" data-e-type=\"widget\" data-widget_type=\"icon.default\">\n\t\t\t\t<div class=\"elementor-widget-container\">\n\t\t\t\t\t\t\t<div class=\"elementor-icon-wrapper\">\n\t\t\t<a class=\"elementor-icon\" href=\"#elementor-action%3Aaction%3Dpopup%3Aopen%26settings%3DeyJpZCI6MjU4NSwidG9nZ2xlIjpmYWxzZX0%3D\" rel=\"nofollow\">\n\t\t\t<svg aria-hidden=\"true\" class=\"e-font-icon-svg e-fas-home\" viewBox=\"0 0 576 512\" xmlns=\"http:\/\/www.w3.org\/2000\/svg\"><path d=\"M280.37 148.26L96 300.11V464a16 16 0 0 0 16 16l112.06-.29a16 16 0 0 0 15.92-16V368a16 16 0 0 1 16-16h64a16 16 0 0 1 16 16v95.64a16 16 0 0 0 16 16.05L464 480a16 16 0 0 0 16-16V300L295.67 148.26a12.19 12.19 0 0 0-15.3 0zM571.6 251.47L488 182.56V44.05a12 12 0 0 0-12-12h-56a12 12 0 0 0-12 12v72.61L318.47 43a48 48 0 0 0-61 0L4.34 251.47a12 12 0 0 0-1.6 16.9l25.5 31A12 12 0 0 0 45.15 301l235.22-193.74a12.19 12.19 0 0 1 15.3 0L530.9 301a12 12 0 0 0 16.9-1.6l25.5-31a12 12 0 0 0-1.7-16.93z\"><\/path><\/svg>\t\t\t<\/a>\n\t\t<\/div>\n\t\t\t\t\t\t<\/div>\n\t\t\t\t<\/div>\n\t\t\t\t<\/div>\n\t\t\t\t<\/div>\n\t\t<div class=\"elementor-element elementor-element-686e0bd e-flex e-con-boxed e-con e-parent\" data-id=\"686e0bd\" data-element_type=\"container\" data-e-type=\"container\">\n\t\t\t\t\t<div class=\"e-con-inner\">\n\t\t<div class=\"elementor-element elementor-element-83037c6 e-con-full e-flex e-con e-child\" data-id=\"83037c6\" data-element_type=\"container\" data-e-type=\"container\">\n\t\t<div class=\"elementor-element elementor-element-4a7639e e-flex e-con-boxed e-con e-child\" data-id=\"4a7639e\" data-element_type=\"container\" data-e-type=\"container\">\n\t\t\t\t\t<div class=\"e-con-inner\">\n\t\t\t\t<div class=\"elementor-element elementor-element-9add7fc elementor-widget elementor-widget-heading\" data-id=\"9add7fc\" data-element_type=\"widget\" data-e-type=\"widget\" data-widget_type=\"heading.default\">\n\t\t\t\t<div class=\"elementor-widget-container\">\n\t\t\t\t\t<h1 class=\"elementor-heading-title elementor-size-default\">Segons l'Interim Management Association, \"La gesti\u00f3 provisional \u00e9s la prestaci\u00f3 r\u00e0pida d'alts executius per gestionar el canvi o la transici\u00f3\".  <\/h1>\t\t\t\t<\/div>\n\t\t\t\t<\/div>\n\t\t\t\t\t<\/div>\n\t\t\t\t<\/div>\n\t\t\t\t<\/div>\n\t\t<div class=\"elementor-element elementor-element-4065f1f e-con-full e-flex e-con e-child\" data-id=\"4065f1f\" data-element_type=\"container\" data-e-type=\"container\">\n\t\t<div class=\"elementor-element elementor-element-2e51193 e-flex e-con-boxed e-con e-child\" data-id=\"2e51193\" data-element_type=\"container\" data-e-type=\"container\">\n\t\t\t\t\t<div class=\"e-con-inner\">\n\t\t<div class=\"elementor-element elementor-element-d9ebef6 e-flex e-con-boxed e-con e-child\" data-id=\"d9ebef6\" data-element_type=\"container\" data-e-type=\"container\">\n\t\t\t\t\t<div class=\"e-con-inner\">\n\t\t\t\t<div class=\"elementor-element elementor-element-0b8a9c1 elementor-widget elementor-widget-heading\" data-id=\"0b8a9c1\" data-element_type=\"widget\" data-e-type=\"widget\" data-widget_type=\"heading.default\">\n\t\t\t\t<div class=\"elementor-widget-container\">\n\t\t\t\t\t<h3 class=\"elementor-heading-title elementor-size-default\">En termes m\u00e9s senzills, un gerent inter\u00ed \u00e9s un executiu molt experimentat i especialitzat a qui pots contractar durant un curt per\u00edode de temps per resoldre un problema empresarial espec\u00edfic. \u00c9s un gestor de projectes mestre que no nom\u00e9s us assessorar\u00e0, sin\u00f3 que tamb\u00e9 implementar\u00e0 la vostra soluci\u00f3. O de vegades podr\u00edeu necessitar un executiu s\u00e8nior que us ajudi a crear un nou departament o comen\u00e7ar un nou concepte de negoci.  <\/h3>\t\t\t\t<\/div>\n\t\t\t\t<\/div>\n\t\t\t\t\t<\/div>\n\t\t\t\t<\/div>\n\t\t\t\t\t<\/div>\n\t\t\t\t<\/div>\n\t\t\t\t<\/div>\n\t\t\t\t\t<\/div>\n\t\t\t\t<\/div>\n\t\t<div class=\"elementor-element elementor-element-636c2e5 e-flex e-con-boxed e-con e-parent\" data-id=\"636c2e5\" data-element_type=\"container\" data-e-type=\"container\" data-settings=\"{&quot;background_background&quot;:&quot;classic&quot;}\">\n\t\t\t\t\t<div class=\"e-con-inner\">\n\t\t<div class=\"elementor-element elementor-element-26e98cf e-con-full e-flex e-con e-child\" data-id=\"26e98cf\" data-element_type=\"container\" data-e-type=\"container\">\n\t\t\t\t<div class=\"elementor-element elementor-element-b11bcca elementor-widget elementor-widget-spacer\" data-id=\"b11bcca\" data-element_type=\"widget\" data-e-type=\"widget\" data-widget_type=\"spacer.default\">\n\t\t\t\t<div class=\"elementor-widget-container\">\n\t\t\t\t\t\t\t<div class=\"elementor-spacer\">\n\t\t\t<div class=\"elementor-spacer-inner\"><\/div>\n\t\t<\/div>\n\t\t\t\t\t\t<\/div>\n\t\t\t\t<\/div>\n\t\t\t\t<\/div>\n\t\t\t\t\t<\/div>\n\t\t\t\t<\/div>\n\t\t<div class=\"elementor-element elementor-element-dbc5794 e-flex e-con-boxed e-con e-parent\" data-id=\"dbc5794\" data-element_type=\"container\" data-e-type=\"container\">\n\t\t\t\t\t<div class=\"e-con-inner\">\n\t\t<div class=\"elementor-element elementor-element-0ea5fb0 e-flex e-con-boxed e-con e-child\" data-id=\"0ea5fb0\" data-element_type=\"container\" data-e-type=\"container\">\n\t\t\t\t\t<div class=\"e-con-inner\">\n\t\t\t\t<div class=\"elementor-element elementor-element-7f354f9 elementor-widget elementor-widget-text-editor\" data-id=\"7f354f9\" data-element_type=\"widget\" data-e-type=\"widget\" data-widget_type=\"text-editor.default\">\n\t\t\t\t<div class=\"elementor-widget-container\">\n\t\t\t\t\t\t\t\t\t<p style=\"text-align: center;\">En tots aquests casos, contractar un alt executiu com a gerent intern temporal pot ajudar-te a integrar experi\u00e8ncia, coneixements especialitzats, formar el teu equip per al futur i reduir els teus costos operatius. A m\u00e9s, una visi\u00f3 externa de l&#8217;empresa per part d&#8217;executius que no tinguin por de l&#8217;statu quo us pot ajudar.<\/p>\t\t\t\t\t\t\t\t<\/div>\n\t\t\t\t<\/div>\n\t\t\t\t\t<\/div>\n\t\t\t\t<\/div>\n\t\t\t\t\t<\/div>\n\t\t\t\t<\/div>\n\t\t\t\t<\/div>\n\t\t","protected":false},"excerpt":{"rendered":"<p>Ens agradaria ajudar-te en el teu cam\u00ed des de parlar d&#8217;Innovaci\u00f3 fins a fer-ho realitat.<\/p>\n","protected":false},"author":1,"featured_media":0,"parent":0,"menu_order":0,"comment_status":"closed","ping_status":"closed","template":"","meta":{"inline_featured_image":false,"footnotes":""},"class_list":["post-2901","page","type-page","status-publish","hentry"],"yoast_head":"<!-- This site is optimized with the Yoast SEO plugin v27.3 - https:\/\/yoast.com\/product\/yoast-seo-wordpress\/ -->\n<title>Gesti\u00f3 interina<\/title>\n<meta name=\"description\" content=\"Segons l&#039;Interim Management Association, &quot;la gesti\u00f3 interina \u00e9s la provisi\u00f3 r\u00e0pida d&#039;alts executius per gestionar el canvi o la transici\u00f3&quot;. En termes m\u00e9s senzills, un gerent inter\u00ed \u00e9s un executiu molt experimentat i especialitzat a qui pots contractar durant un curt per\u00edode de temps per resoldre un problema empresarial espec\u00edfic.\" \/>\n<meta name=\"robots\" content=\"index, follow, max-snippet:-1, max-image-preview:large, max-video-preview:-1\" \/>\n<link rel=\"canonical\" href=\"https:\/\/innovaiot.com\/ca\/gestio-interina\/\" \/>\n<meta property=\"og:locale\" content=\"ca_ES\" \/>\n<meta property=\"og:type\" content=\"article\" \/>\n<meta property=\"og:title\" content=\"Gesti\u00f3 interina\" \/>\n<meta property=\"og:description\" content=\"Segons l&#039;Interim Management Association, &quot;la gesti\u00f3 interina \u00e9s la provisi\u00f3 r\u00e0pida d&#039;alts executius per gestionar el canvi o la transici\u00f3&quot;. En termes m\u00e9s senzills, un gerent inter\u00ed \u00e9s un executiu molt experimentat i especialitzat a qui pots contractar durant un curt per\u00edode de temps per resoldre un problema empresarial espec\u00edfic.\" \/>\n<meta property=\"og:url\" content=\"https:\/\/innovaiot.com\/ca\/gestio-interina\/\" \/>\n<meta property=\"og:site_name\" content=\"INNONVA IOT\" \/>\n<meta property=\"article:modified_time\" content=\"2025-12-16T08:03:51+00:00\" \/>\n<script type=\"application\/ld+json\" class=\"yoast-schema-graph\">{\"@context\":\"https:\\\/\\\/schema.org\",\"@graph\":[{\"@type\":\"WebPage\",\"@id\":\"https:\\\/\\\/innovaiot.com\\\/ca\\\/gestio-interina\\\/\",\"url\":\"https:\\\/\\\/innovaiot.com\\\/ca\\\/gestio-interina\\\/\",\"name\":\"Gesti\u00f3 interina\",\"isPartOf\":{\"@id\":\"https:\\\/\\\/innovaiot.com\\\/ca\\\/#website\"},\"datePublished\":\"2024-03-04T22:35:36+00:00\",\"dateModified\":\"2025-12-16T08:03:51+00:00\",\"description\":\"Segons l'Interim Management Association, \\\"la gesti\u00f3 interina \u00e9s la provisi\u00f3 r\u00e0pida d'alts executius per gestionar el canvi o la transici\u00f3\\\". En termes m\u00e9s senzills, un gerent inter\u00ed \u00e9s un executiu molt experimentat i especialitzat a qui pots contractar durant un curt per\u00edode de temps per resoldre un problema empresarial espec\u00edfic.\",\"breadcrumb\":{\"@id\":\"https:\\\/\\\/innovaiot.com\\\/ca\\\/gestio-interina\\\/#breadcrumb\"},\"inLanguage\":\"ca\",\"potentialAction\":[{\"@type\":\"ReadAction\",\"target\":[\"https:\\\/\\\/innovaiot.com\\\/ca\\\/gestio-interina\\\/\"]}]},{\"@type\":\"BreadcrumbList\",\"@id\":\"https:\\\/\\\/innovaiot.com\\\/ca\\\/gestio-interina\\\/#breadcrumb\",\"itemListElement\":[{\"@type\":\"ListItem\",\"position\":1,\"name\":\"Home\",\"item\":\"https:\\\/\\\/innovaiot.com\\\/ca\\\/\"},{\"@type\":\"ListItem\",\"position\":2,\"name\":\"Gesti\u00f3 interina\"}]},{\"@type\":\"WebSite\",\"@id\":\"https:\\\/\\\/innovaiot.com\\\/ca\\\/#website\",\"url\":\"https:\\\/\\\/innovaiot.com\\\/ca\\\/\",\"name\":\"INNONVA IOT\",\"description\":\"Innovation &amp; Design Tech Consultancy\",\"publisher\":{\"@id\":\"https:\\\/\\\/innovaiot.com\\\/ca\\\/#organization\"},\"potentialAction\":[{\"@type\":\"SearchAction\",\"target\":{\"@type\":\"EntryPoint\",\"urlTemplate\":\"https:\\\/\\\/innovaiot.com\\\/ca\\\/?s={search_term_string}\"},\"query-input\":{\"@type\":\"PropertyValueSpecification\",\"valueRequired\":true,\"valueName\":\"search_term_string\"}}],\"inLanguage\":\"ca\"},{\"@type\":\"Organization\",\"@id\":\"https:\\\/\\\/innovaiot.com\\\/ca\\\/#organization\",\"name\":\"INNONVA IOT\",\"url\":\"https:\\\/\\\/innovaiot.com\\\/ca\\\/\",\"logo\":{\"@type\":\"ImageObject\",\"inLanguage\":\"ca\",\"@id\":\"https:\\\/\\\/innovaiot.com\\\/ca\\\/#\\\/schema\\\/logo\\\/image\\\/\",\"url\":\"https:\\\/\\\/innovaiot.com\\\/wp-content\\\/uploads\\\/2024\\\/02\\\/innoviot-logo.png\",\"contentUrl\":\"https:\\\/\\\/innovaiot.com\\\/wp-content\\\/uploads\\\/2024\\\/02\\\/innoviot-logo.png\",\"width\":450,\"height\":166,\"caption\":\"INNONVA IOT\"},\"image\":{\"@id\":\"https:\\\/\\\/innovaiot.com\\\/ca\\\/#\\\/schema\\\/logo\\\/image\\\/\"}}]}<\/script>\n<!-- \/ Yoast SEO plugin. -->","yoast_head_json":{"title":"Gesti\u00f3 interina","description":"Segons l'Interim Management Association, \"la gesti\u00f3 interina \u00e9s la provisi\u00f3 r\u00e0pida d'alts executius per gestionar el canvi o la transici\u00f3\". En termes m\u00e9s senzills, un gerent inter\u00ed \u00e9s un executiu molt experimentat i especialitzat a qui pots contractar durant un curt per\u00edode de temps per resoldre un problema empresarial espec\u00edfic.","robots":{"index":"index","follow":"follow","max-snippet":"max-snippet:-1","max-image-preview":"max-image-preview:large","max-video-preview":"max-video-preview:-1"},"canonical":"https:\/\/innovaiot.com\/ca\/gestio-interina\/","og_locale":"ca_ES","og_type":"article","og_title":"Gesti\u00f3 interina","og_description":"Segons l'Interim Management Association, \"la gesti\u00f3 interina \u00e9s la provisi\u00f3 r\u00e0pida d'alts executius per gestionar el canvi o la transici\u00f3\". En termes m\u00e9s senzills, un gerent inter\u00ed \u00e9s un executiu molt experimentat i especialitzat a qui pots contractar durant un curt per\u00edode de temps per resoldre un problema empresarial espec\u00edfic.","og_url":"https:\/\/innovaiot.com\/ca\/gestio-interina\/","og_site_name":"INNONVA IOT","article_modified_time":"2025-12-16T08:03:51+00:00","schema":{"@context":"https:\/\/schema.org","@graph":[{"@type":"WebPage","@id":"https:\/\/innovaiot.com\/ca\/gestio-interina\/","url":"https:\/\/innovaiot.com\/ca\/gestio-interina\/","name":"Gesti\u00f3 interina","isPartOf":{"@id":"https:\/\/innovaiot.com\/ca\/#website"},"datePublished":"2024-03-04T22:35:36+00:00","dateModified":"2025-12-16T08:03:51+00:00","description":"Segons l'Interim Management Association, \"la gesti\u00f3 interina \u00e9s la provisi\u00f3 r\u00e0pida d'alts executius per gestionar el canvi o la transici\u00f3\". En termes m\u00e9s senzills, un gerent inter\u00ed \u00e9s un executiu molt experimentat i especialitzat a qui pots contractar durant un curt per\u00edode de temps per resoldre un problema empresarial espec\u00edfic.","breadcrumb":{"@id":"https:\/\/innovaiot.com\/ca\/gestio-interina\/#breadcrumb"},"inLanguage":"ca","potentialAction":[{"@type":"ReadAction","target":["https:\/\/innovaiot.com\/ca\/gestio-interina\/"]}]},{"@type":"BreadcrumbList","@id":"https:\/\/innovaiot.com\/ca\/gestio-interina\/#breadcrumb","itemListElement":[{"@type":"ListItem","position":1,"name":"Home","item":"https:\/\/innovaiot.com\/ca\/"},{"@type":"ListItem","position":2,"name":"Gesti\u00f3 interina"}]},{"@type":"WebSite","@id":"https:\/\/innovaiot.com\/ca\/#website","url":"https:\/\/innovaiot.com\/ca\/","name":"INNONVA IOT","description":"Innovation &amp; Design Tech Consultancy","publisher":{"@id":"https:\/\/innovaiot.com\/ca\/#organization"},"potentialAction":[{"@type":"SearchAction","target":{"@type":"EntryPoint","urlTemplate":"https:\/\/innovaiot.com\/ca\/?s={search_term_string}"},"query-input":{"@type":"PropertyValueSpecification","valueRequired":true,"valueName":"search_term_string"}}],"inLanguage":"ca"},{"@type":"Organization","@id":"https:\/\/innovaiot.com\/ca\/#organization","name":"INNONVA IOT","url":"https:\/\/innovaiot.com\/ca\/","logo":{"@type":"ImageObject","inLanguage":"ca","@id":"https:\/\/innovaiot.com\/ca\/#\/schema\/logo\/image\/","url":"https:\/\/innovaiot.com\/wp-content\/uploads\/2024\/02\/innoviot-logo.png","contentUrl":"https:\/\/innovaiot.com\/wp-content\/uploads\/2024\/02\/innoviot-logo.png","width":450,"height":166,"caption":"INNONVA IOT"},"image":{"@id":"https:\/\/innovaiot.com\/ca\/#\/schema\/logo\/image\/"}}]}},"_links":{"self":[{"href":"https:\/\/innovaiot.com\/ca\/wp-json\/wp\/v2\/pages\/2901","targetHints":{"allow":["GET"]}}],"collection":[{"href":"https:\/\/innovaiot.com\/ca\/wp-json\/wp\/v2\/pages"}],"about":[{"href":"https:\/\/innovaiot.com\/ca\/wp-json\/wp\/v2\/types\/page"}],"author":[{"embeddable":true,"href":"https:\/\/innovaiot.com\/ca\/wp-json\/wp\/v2\/users\/1"}],"replies":[{"embeddable":true,"href":"https:\/\/innovaiot.com\/ca\/wp-json\/wp\/v2\/comments?post=2901"}],"version-history":[{"count":2,"href":"https:\/\/innovaiot.com\/ca\/wp-json\/wp\/v2\/pages\/2901\/revisions"}],"predecessor-version":[{"id":3559,"href":"https:\/\/innovaiot.com\/ca\/wp-json\/wp\/v2\/pages\/2901\/revisions\/3559"}],"wp:attachment":[{"href":"https:\/\/innovaiot.com\/ca\/wp-json\/wp\/v2\/media?parent=2901"}],"curies":[{"name":"wp","href":"https:\/\/api.w.org\/{rel}","templated":true}]}}