{"id":2890,"date":"2024-03-05T22:10:21","date_gmt":"2024-03-05T22:10:21","guid":{"rendered":"https:\/\/innovaiot.com\/automocio\/"},"modified":"2024-09-30T08:46:00","modified_gmt":"2024-09-30T08:46:00","slug":"automocio","status":"publish","type":"page","link":"https:\/\/innovaiot.com\/ca\/automocio\/","title":{"rendered":"Automoci\u00f3"},"content":{"rendered":"\t\t<div data-elementor-type=\"wp-page\" data-elementor-id=\"2890\" class=\"elementor elementor-2890 elementor-1995\" data-elementor-post-type=\"page\">\n\t\t\t\t<div class=\"elementor-element elementor-element-3cea977 e-flex e-con-boxed e-con e-parent\" data-id=\"3cea977\" data-element_type=\"container\" data-e-type=\"container\">\n\t\t\t\t\t<div class=\"e-con-inner\">\n\t\t\t\t\t<\/div>\n\t\t\t\t<\/div>\n\t\t<div class=\"elementor-element elementor-element-6c97d9e e-con-full e-flex e-con e-parent\" data-id=\"6c97d9e\" data-element_type=\"container\" data-e-type=\"container\">\n\t\t<div class=\"elementor-element elementor-element-1852df5 e-con-full e-flex e-con e-child\" data-id=\"1852df5\" data-element_type=\"container\" data-e-type=\"container\" data-settings=\"{&quot;position&quot;:&quot;fixed&quot;}\">\n\t\t\t\t<div class=\"elementor-element elementor-element-61b2bfb elementor-view-default elementor-widget elementor-widget-icon\" data-id=\"61b2bfb\" data-element_type=\"widget\" data-e-type=\"widget\" data-widget_type=\"icon.default\">\n\t\t\t\t<div class=\"elementor-widget-container\">\n\t\t\t\t\t\t\t<div class=\"elementor-icon-wrapper\">\n\t\t\t<a class=\"elementor-icon\" href=\"#elementor-action%3Aaction%3Dpopup%3Aopen%26settings%3DeyJpZCI6MjU5MCwidG9nZ2xlIjpmYWxzZX0%3D\" rel=\"nofollow\">\n\t\t\t<svg aria-hidden=\"true\" class=\"e-font-icon-svg e-fas-home\" viewBox=\"0 0 576 512\" xmlns=\"http:\/\/www.w3.org\/2000\/svg\"><path d=\"M280.37 148.26L96 300.11V464a16 16 0 0 0 16 16l112.06-.29a16 16 0 0 0 15.92-16V368a16 16 0 0 1 16-16h64a16 16 0 0 1 16 16v95.64a16 16 0 0 0 16 16.05L464 480a16 16 0 0 0 16-16V300L295.67 148.26a12.19 12.19 0 0 0-15.3 0zM571.6 251.47L488 182.56V44.05a12 12 0 0 0-12-12h-56a12 12 0 0 0-12 12v72.61L318.47 43a48 48 0 0 0-61 0L4.34 251.47a12 12 0 0 0-1.6 16.9l25.5 31A12 12 0 0 0 45.15 301l235.22-193.74a12.19 12.19 0 0 1 15.3 0L530.9 301a12 12 0 0 0 16.9-1.6l25.5-31a12 12 0 0 0-1.7-16.93z\"><\/path><\/svg>\t\t\t<\/a>\n\t\t<\/div>\n\t\t\t\t\t\t<\/div>\n\t\t\t\t<\/div>\n\t\t\t\t<\/div>\n\t\t\t\t<\/div>\n\t\t<div class=\"elementor-element elementor-element-fccf433 e-flex e-con-boxed e-con e-parent\" data-id=\"fccf433\" data-element_type=\"container\" data-e-type=\"container\">\n\t\t\t\t\t<div class=\"e-con-inner\">\n\t\t<div class=\"elementor-element elementor-element-b2aef75 e-con-full e-flex e-con e-child\" data-id=\"b2aef75\" data-element_type=\"container\" data-e-type=\"container\">\n\t\t\t\t<div class=\"elementor-element elementor-element-9add7fc elementor-widget elementor-widget-heading\" data-id=\"9add7fc\" data-element_type=\"widget\" data-e-type=\"widget\" data-widget_type=\"heading.default\">\n\t\t\t\t<div class=\"elementor-widget-container\">\n\t\t\t\t\t<h1 class=\"elementor-heading-title elementor-size-default\">Tenim una gran experi\u00e8ncia en l'R+D de solucions de connectivitat i control sense fil IoT.<\/h1>\t\t\t\t<\/div>\n\t\t\t\t<\/div>\n\t\t\t\t<div class=\"elementor-element elementor-element-0b8a9c1 elementor-widget elementor-widget-heading\" data-id=\"0b8a9c1\" data-element_type=\"widget\" data-e-type=\"widget\" data-widget_type=\"heading.default\">\n\t\t\t\t<div class=\"elementor-widget-container\">\n\t\t\t\t\t<h3 class=\"elementor-heading-title elementor-size-default\">Aix\u00f2 es pot aplicar per aconseguir solucions innovadores per\u00f2 fiables per al sector de l'automoci\u00f3 en les seves diferents vessants. Cobrint R+D HW, FW o SW, podem oferir solucions integrals parcials o completes des de l'aplicaci\u00f3 o creaci\u00f3 de Sensors o el desenvolupament de controladors molt robusts i fiables.<\/h3>\t\t\t\t<\/div>\n\t\t\t\t<\/div>\n\t\t\t\t<\/div>\n\t\t<div class=\"elementor-element elementor-element-1070d6b e-con-full e-flex e-con e-child\" data-id=\"1070d6b\" data-element_type=\"container\" data-e-type=\"container\">\n\t\t<div class=\"elementor-element elementor-element-1568936 e-flex e-con-boxed e-con e-child\" data-id=\"1568936\" data-element_type=\"container\" data-e-type=\"container\">\n\t\t\t\t\t<div class=\"e-con-inner\">\n\t\t\t\t<div class=\"elementor-element elementor-element-8ce311b elementor-widget elementor-widget-image\" data-id=\"8ce311b\" data-element_type=\"widget\" data-e-type=\"widget\" data-widget_type=\"image.default\">\n\t\t\t\t<div class=\"elementor-widget-container\">\n\t\t\t\t\t\t\t\t\t\t\t\t\t\t\t<img fetchpriority=\"high\" decoding=\"async\" width=\"770\" height=\"450\" src=\"https:\/\/innovaiot.com\/wp-content\/uploads\/2024\/03\/1_M0SKpctImpjR6fUMhenLDw.png\" class=\"attachment-large size-large wp-image-2000\" alt=\"\" srcset=\"https:\/\/innovaiot.com\/wp-content\/uploads\/2024\/03\/1_M0SKpctImpjR6fUMhenLDw.png 770w, https:\/\/innovaiot.com\/wp-content\/uploads\/2024\/03\/1_M0SKpctImpjR6fUMhenLDw-300x175.png 300w, https:\/\/innovaiot.com\/wp-content\/uploads\/2024\/03\/1_M0SKpctImpjR6fUMhenLDw-768x449.png 768w\" sizes=\"(max-width: 770px) 100vw, 770px\" \/>\t\t\t\t\t\t\t\t\t\t\t\t\t\t\t<\/div>\n\t\t\t\t<\/div>\n\t\t\t\t\t<\/div>\n\t\t\t\t<\/div>\n\t\t<div class=\"elementor-element elementor-element-cc2de59 e-flex e-con-boxed e-con e-child\" data-id=\"cc2de59\" data-element_type=\"container\" data-e-type=\"container\">\n\t\t\t\t\t<div class=\"e-con-inner\">\n\t\t\t\t<div class=\"elementor-element elementor-element-41d47bd elementor-widget elementor-widget-heading\" data-id=\"41d47bd\" data-element_type=\"widget\" data-e-type=\"widget\" data-widget_type=\"heading.default\">\n\t\t\t\t<div class=\"elementor-widget-container\">\n\t\t\t\t\t<h3 class=\"elementor-heading-title elementor-size-default\">(LoRA\/LoRAWAN, Sigfox, Bluetooth 4 i 5, WiFi, 3G. LTE NB-CatM-Cat1-Cat4, 5G, etc.) o per cable (Ethernet, CAN Bus, Modbus-RTU, Modbus-TCP, Profibus, etc. .)<\/h3>\t\t\t\t<\/div>\n\t\t\t\t<\/div>\n\t\t\t\t\t<\/div>\n\t\t\t\t<\/div>\n\t\t\t\t<\/div>\n\t\t\t\t\t<\/div>\n\t\t\t\t<\/div>\n\t\t<div class=\"elementor-element elementor-element-f520944 e-flex e-con-boxed e-con e-parent\" data-id=\"f520944\" data-element_type=\"container\" data-e-type=\"container\" data-settings=\"{&quot;background_background&quot;:&quot;classic&quot;}\">\n\t\t\t\t\t<div class=\"e-con-inner\">\n\t\t<div class=\"elementor-element elementor-element-fd59959 e-flex e-con-boxed e-con e-child\" data-id=\"fd59959\" data-element_type=\"container\" data-e-type=\"container\">\n\t\t\t\t\t<div class=\"e-con-inner\">\n\t\t\t\t<div class=\"elementor-element elementor-element-f9b7c1e elementor-widget elementor-widget-heading\" data-id=\"f9b7c1e\" data-element_type=\"widget\" data-e-type=\"widget\" data-widget_type=\"heading.default\">\n\t\t\t\t<div class=\"elementor-widget-container\">\n\t\t\t\t\t<h5 class=\"elementor-heading-title elementor-size-default\">Alguns exemples de solucions de connectivitat i control sense fil IoT<\/h5>\t\t\t\t<\/div>\n\t\t\t\t<\/div>\n\t\t\t\t\t<\/div>\n\t\t\t\t<\/div>\n\t\t\t\t\t<\/div>\n\t\t\t\t<\/div>\n\t\t<div class=\"elementor-element elementor-element-170aaf6 e-flex e-con-boxed e-con e-parent\" data-id=\"170aaf6\" data-element_type=\"container\" data-e-type=\"container\" data-settings=\"{&quot;background_background&quot;:&quot;classic&quot;}\">\n\t\t\t\t\t<div class=\"e-con-inner\">\n\t\t<div class=\"elementor-element elementor-element-f4103a8 e-con-full e-flex e-con e-child\" data-id=\"f4103a8\" data-element_type=\"container\" data-e-type=\"container\">\n\t\t\t\t<div class=\"elementor-element elementor-element-69ad2f1 elementor-widget elementor-widget-text-editor\" data-id=\"69ad2f1\" data-element_type=\"widget\" data-e-type=\"widget\" data-widget_type=\"text-editor.default\">\n\t\t\t\t<div class=\"elementor-widget-container\">\n\t\t\t\t\t\t\t\t\t<ul>\n<li style=\"text-align: left;\">LoRA\/LoRAWAN<\/li>\n<li style=\"text-align: left;\">Sigfox<\/li>\n<li style=\"text-align: left;\">Bluetooth 4 i 5<\/li>\n<li style=\"text-align: left;\">WiFi\n<ul>\n<li style=\"text-align: left;\">3G. LTE NB-CatM-Cat1-Cat4, 5G, etc.)  <\/li>\n<\/ul>\n<\/li>\n<li style=\"text-align: left;\">Ethernet,\n<ul>\n<li style=\"text-align: left;\">Bus CAN, Modbus-RTU, Modbus-TCP, Profibus<\/li>\n<\/ul>\n<\/li>\n<\/ul>\n\t\t\t\t\t\t\t\t<\/div>\n\t\t\t\t<\/div>\n\t\t\t\t<\/div>\n\t\t\t\t\t<\/div>\n\t\t\t\t<\/div>\n\t\t<div class=\"elementor-element elementor-element-c63ade8 e-flex e-con-boxed e-con e-parent\" data-id=\"c63ade8\" data-element_type=\"container\" data-e-type=\"container\" data-settings=\"{&quot;background_background&quot;:&quot;classic&quot;}\">\n\t\t\t\t\t<div class=\"e-con-inner\">\n\t\t\t\t<div class=\"elementor-element elementor-element-da48139 elementor-widget elementor-widget-image\" data-id=\"da48139\" data-element_type=\"widget\" data-e-type=\"widget\" data-widget_type=\"image.default\">\n\t\t\t\t<div class=\"elementor-widget-container\">\n\t\t\t\t\t\t\t\t\t\t\t\t<figure class=\"wp-caption\">\n\t\t\t\t\t\t\t\t\t\t<img decoding=\"async\" width=\"800\" height=\"540\" src=\"https:\/\/innovaiot.com\/wp-content\/uploads\/2024\/03\/Automotive-sensors.png\" class=\"attachment-large size-large wp-image-2003\" alt=\"\" srcset=\"https:\/\/innovaiot.com\/wp-content\/uploads\/2024\/03\/Automotive-sensors.png 888w, https:\/\/innovaiot.com\/wp-content\/uploads\/2024\/03\/Automotive-sensors-300x202.png 300w, https:\/\/innovaiot.com\/wp-content\/uploads\/2024\/03\/Automotive-sensors-768x518.png 768w\" sizes=\"(max-width: 800px) 100vw, 800px\" \/>\t\t\t\t\t\t\t\t\t\t\t<figcaption class=\"widget-image-caption wp-caption-text\">Robust and reliable controllers.<\/figcaption>\n\t\t\t\t\t\t\t\t\t\t<\/figure>\n\t\t\t\t\t\t\t\t\t<\/div>\n\t\t\t\t<\/div>\n\t\t\t\t\t<\/div>\n\t\t\t\t<\/div>\n\t\t\t\t<\/div>\n\t\t","protected":false},"excerpt":{"rendered":"<p>Ens agradaria ajudar-te en el teu cam\u00ed des de parlar d&#8217;Innovaci\u00f3 fins a fer-ho realitat.<\/p>\n","protected":false},"author":1,"featured_media":0,"parent":0,"menu_order":0,"comment_status":"closed","ping_status":"closed","template":"","meta":{"inline_featured_image":false,"footnotes":""},"class_list":["post-2890","page","type-page","status-publish","hentry"],"yoast_head":"<!-- This site is optimized with the Yoast SEO plugin v27.4 - https:\/\/yoast.com\/product\/yoast-seo-wordpress\/ -->\n<title>Automoci\u00f3<\/title>\n<meta name=\"description\" content=\"Tenim una gran experi\u00e8ncia en l&#039;R+D de solucions de connectivitat i control sense fil IoT.Aix\u00f2 es pot aplicar per aconseguir solucions innovadores per\u00f2 fiables per al sector de l&#039;automoci\u00f3 en les seves diferents vessants.\" \/>\n<meta name=\"robots\" content=\"index, follow, max-snippet:-1, max-image-preview:large, max-video-preview:-1\" \/>\n<link rel=\"canonical\" href=\"https:\/\/innovaiot.com\/ca\/automocio\/\" \/>\n<meta property=\"og:locale\" content=\"ca_ES\" \/>\n<meta property=\"og:type\" content=\"article\" \/>\n<meta property=\"og:title\" content=\"Automoci\u00f3\" \/>\n<meta property=\"og:description\" content=\"Tenim una gran experi\u00e8ncia en l&#039;R+D de solucions de connectivitat i control sense fil IoT.Aix\u00f2 es pot aplicar per aconseguir solucions innovadores per\u00f2 fiables per al sector de l&#039;automoci\u00f3 en les seves diferents vessants.\" \/>\n<meta property=\"og:url\" content=\"https:\/\/innovaiot.com\/ca\/automocio\/\" \/>\n<meta property=\"og:site_name\" content=\"INNONVA IOT\" \/>\n<meta property=\"article:modified_time\" content=\"2024-09-30T08:46:00+00:00\" \/>\n<meta property=\"og:image\" content=\"https:\/\/innovaiot.com\/wp-content\/uploads\/2024\/03\/1_M0SKpctImpjR6fUMhenLDw.png\" \/>\n<script type=\"application\/ld+json\" class=\"yoast-schema-graph\">{\"@context\":\"https:\\\/\\\/schema.org\",\"@graph\":[{\"@type\":\"WebPage\",\"@id\":\"https:\\\/\\\/innovaiot.com\\\/ca\\\/automocio\\\/\",\"url\":\"https:\\\/\\\/innovaiot.com\\\/ca\\\/automocio\\\/\",\"name\":\"Automoci\u00f3\",\"isPartOf\":{\"@id\":\"https:\\\/\\\/innovaiot.com\\\/ca\\\/#website\"},\"primaryImageOfPage\":{\"@id\":\"https:\\\/\\\/innovaiot.com\\\/ca\\\/automocio\\\/#primaryimage\"},\"image\":{\"@id\":\"https:\\\/\\\/innovaiot.com\\\/ca\\\/automocio\\\/#primaryimage\"},\"thumbnailUrl\":\"https:\\\/\\\/innovaiot.com\\\/wp-content\\\/uploads\\\/2024\\\/03\\\/1_M0SKpctImpjR6fUMhenLDw.png\",\"datePublished\":\"2024-03-05T22:10:21+00:00\",\"dateModified\":\"2024-09-30T08:46:00+00:00\",\"description\":\"Tenim una gran experi\u00e8ncia en l'R+D de solucions de connectivitat i control sense fil IoT.Aix\u00f2 es pot aplicar per aconseguir solucions innovadores per\u00f2 fiables per al sector de l'automoci\u00f3 en les seves diferents vessants.\",\"breadcrumb\":{\"@id\":\"https:\\\/\\\/innovaiot.com\\\/ca\\\/automocio\\\/#breadcrumb\"},\"inLanguage\":\"ca\",\"potentialAction\":[{\"@type\":\"ReadAction\",\"target\":[\"https:\\\/\\\/innovaiot.com\\\/ca\\\/automocio\\\/\"]}]},{\"@type\":\"ImageObject\",\"inLanguage\":\"ca\",\"@id\":\"https:\\\/\\\/innovaiot.com\\\/ca\\\/automocio\\\/#primaryimage\",\"url\":\"https:\\\/\\\/innovaiot.com\\\/wp-content\\\/uploads\\\/2024\\\/03\\\/1_M0SKpctImpjR6fUMhenLDw.png\",\"contentUrl\":\"https:\\\/\\\/innovaiot.com\\\/wp-content\\\/uploads\\\/2024\\\/03\\\/1_M0SKpctImpjR6fUMhenLDw.png\"},{\"@type\":\"BreadcrumbList\",\"@id\":\"https:\\\/\\\/innovaiot.com\\\/ca\\\/automocio\\\/#breadcrumb\",\"itemListElement\":[{\"@type\":\"ListItem\",\"position\":1,\"name\":\"Home\",\"item\":\"https:\\\/\\\/innovaiot.com\\\/ca\\\/\"},{\"@type\":\"ListItem\",\"position\":2,\"name\":\"Automoci\u00f3\"}]},{\"@type\":\"WebSite\",\"@id\":\"https:\\\/\\\/innovaiot.com\\\/ca\\\/#website\",\"url\":\"https:\\\/\\\/innovaiot.com\\\/ca\\\/\",\"name\":\"INNONVA IOT\",\"description\":\"Innovation &amp; Design Tech Consultancy\",\"publisher\":{\"@id\":\"https:\\\/\\\/innovaiot.com\\\/ca\\\/#organization\"},\"potentialAction\":[{\"@type\":\"SearchAction\",\"target\":{\"@type\":\"EntryPoint\",\"urlTemplate\":\"https:\\\/\\\/innovaiot.com\\\/ca\\\/?s={search_term_string}\"},\"query-input\":{\"@type\":\"PropertyValueSpecification\",\"valueRequired\":true,\"valueName\":\"search_term_string\"}}],\"inLanguage\":\"ca\"},{\"@type\":\"Organization\",\"@id\":\"https:\\\/\\\/innovaiot.com\\\/ca\\\/#organization\",\"name\":\"INNONVA IOT\",\"url\":\"https:\\\/\\\/innovaiot.com\\\/ca\\\/\",\"logo\":{\"@type\":\"ImageObject\",\"inLanguage\":\"ca\",\"@id\":\"https:\\\/\\\/innovaiot.com\\\/ca\\\/#\\\/schema\\\/logo\\\/image\\\/\",\"url\":\"https:\\\/\\\/innovaiot.com\\\/wp-content\\\/uploads\\\/2024\\\/02\\\/innoviot-logo.png\",\"contentUrl\":\"https:\\\/\\\/innovaiot.com\\\/wp-content\\\/uploads\\\/2024\\\/02\\\/innoviot-logo.png\",\"width\":450,\"height\":166,\"caption\":\"INNONVA IOT\"},\"image\":{\"@id\":\"https:\\\/\\\/innovaiot.com\\\/ca\\\/#\\\/schema\\\/logo\\\/image\\\/\"}}]}<\/script>\n<!-- \/ Yoast SEO plugin. -->","yoast_head_json":{"title":"Automoci\u00f3","description":"Tenim una gran experi\u00e8ncia en l'R+D de solucions de connectivitat i control sense fil IoT.Aix\u00f2 es pot aplicar per aconseguir solucions innovadores per\u00f2 fiables per al sector de l'automoci\u00f3 en les seves diferents vessants.","robots":{"index":"index","follow":"follow","max-snippet":"max-snippet:-1","max-image-preview":"max-image-preview:large","max-video-preview":"max-video-preview:-1"},"canonical":"https:\/\/innovaiot.com\/ca\/automocio\/","og_locale":"ca_ES","og_type":"article","og_title":"Automoci\u00f3","og_description":"Tenim una gran experi\u00e8ncia en l'R+D de solucions de connectivitat i control sense fil IoT.Aix\u00f2 es pot aplicar per aconseguir solucions innovadores per\u00f2 fiables per al sector de l'automoci\u00f3 en les seves diferents vessants.","og_url":"https:\/\/innovaiot.com\/ca\/automocio\/","og_site_name":"INNONVA IOT","article_modified_time":"2024-09-30T08:46:00+00:00","og_image":[{"url":"https:\/\/innovaiot.com\/wp-content\/uploads\/2024\/03\/1_M0SKpctImpjR6fUMhenLDw.png","type":"","width":"","height":""}],"schema":{"@context":"https:\/\/schema.org","@graph":[{"@type":"WebPage","@id":"https:\/\/innovaiot.com\/ca\/automocio\/","url":"https:\/\/innovaiot.com\/ca\/automocio\/","name":"Automoci\u00f3","isPartOf":{"@id":"https:\/\/innovaiot.com\/ca\/#website"},"primaryImageOfPage":{"@id":"https:\/\/innovaiot.com\/ca\/automocio\/#primaryimage"},"image":{"@id":"https:\/\/innovaiot.com\/ca\/automocio\/#primaryimage"},"thumbnailUrl":"https:\/\/innovaiot.com\/wp-content\/uploads\/2024\/03\/1_M0SKpctImpjR6fUMhenLDw.png","datePublished":"2024-03-05T22:10:21+00:00","dateModified":"2024-09-30T08:46:00+00:00","description":"Tenim una gran experi\u00e8ncia en l'R+D de solucions de connectivitat i control sense fil IoT.Aix\u00f2 es pot aplicar per aconseguir solucions innovadores per\u00f2 fiables per al sector de l'automoci\u00f3 en les seves diferents vessants.","breadcrumb":{"@id":"https:\/\/innovaiot.com\/ca\/automocio\/#breadcrumb"},"inLanguage":"ca","potentialAction":[{"@type":"ReadAction","target":["https:\/\/innovaiot.com\/ca\/automocio\/"]}]},{"@type":"ImageObject","inLanguage":"ca","@id":"https:\/\/innovaiot.com\/ca\/automocio\/#primaryimage","url":"https:\/\/innovaiot.com\/wp-content\/uploads\/2024\/03\/1_M0SKpctImpjR6fUMhenLDw.png","contentUrl":"https:\/\/innovaiot.com\/wp-content\/uploads\/2024\/03\/1_M0SKpctImpjR6fUMhenLDw.png"},{"@type":"BreadcrumbList","@id":"https:\/\/innovaiot.com\/ca\/automocio\/#breadcrumb","itemListElement":[{"@type":"ListItem","position":1,"name":"Home","item":"https:\/\/innovaiot.com\/ca\/"},{"@type":"ListItem","position":2,"name":"Automoci\u00f3"}]},{"@type":"WebSite","@id":"https:\/\/innovaiot.com\/ca\/#website","url":"https:\/\/innovaiot.com\/ca\/","name":"INNONVA IOT","description":"Innovation &amp; Design Tech Consultancy","publisher":{"@id":"https:\/\/innovaiot.com\/ca\/#organization"},"potentialAction":[{"@type":"SearchAction","target":{"@type":"EntryPoint","urlTemplate":"https:\/\/innovaiot.com\/ca\/?s={search_term_string}"},"query-input":{"@type":"PropertyValueSpecification","valueRequired":true,"valueName":"search_term_string"}}],"inLanguage":"ca"},{"@type":"Organization","@id":"https:\/\/innovaiot.com\/ca\/#organization","name":"INNONVA IOT","url":"https:\/\/innovaiot.com\/ca\/","logo":{"@type":"ImageObject","inLanguage":"ca","@id":"https:\/\/innovaiot.com\/ca\/#\/schema\/logo\/image\/","url":"https:\/\/innovaiot.com\/wp-content\/uploads\/2024\/02\/innoviot-logo.png","contentUrl":"https:\/\/innovaiot.com\/wp-content\/uploads\/2024\/02\/innoviot-logo.png","width":450,"height":166,"caption":"INNONVA IOT"},"image":{"@id":"https:\/\/innovaiot.com\/ca\/#\/schema\/logo\/image\/"}}]}},"_links":{"self":[{"href":"https:\/\/innovaiot.com\/ca\/wp-json\/wp\/v2\/pages\/2890","targetHints":{"allow":["GET"]}}],"collection":[{"href":"https:\/\/innovaiot.com\/ca\/wp-json\/wp\/v2\/pages"}],"about":[{"href":"https:\/\/innovaiot.com\/ca\/wp-json\/wp\/v2\/types\/page"}],"author":[{"embeddable":true,"href":"https:\/\/innovaiot.com\/ca\/wp-json\/wp\/v2\/users\/1"}],"replies":[{"embeddable":true,"href":"https:\/\/innovaiot.com\/ca\/wp-json\/wp\/v2\/comments?post=2890"}],"version-history":[{"count":1,"href":"https:\/\/innovaiot.com\/ca\/wp-json\/wp\/v2\/pages\/2890\/revisions"}],"predecessor-version":[{"id":3363,"href":"https:\/\/innovaiot.com\/ca\/wp-json\/wp\/v2\/pages\/2890\/revisions\/3363"}],"wp:attachment":[{"href":"https:\/\/innovaiot.com\/ca\/wp-json\/wp\/v2\/media?parent=2890"}],"curies":[{"name":"wp","href":"https:\/\/api.w.org\/{rel}","templated":true}]}}