{"id":2866,"date":"2024-03-04T21:16:10","date_gmt":"2024-03-04T21:16:10","guid":{"rendered":"https:\/\/innovaiot.com\/formacio\/"},"modified":"2025-12-16T08:02:46","modified_gmt":"2025-12-16T08:02:46","slug":"formacio","status":"publish","type":"page","link":"https:\/\/innovaiot.com\/ca\/formacio\/","title":{"rendered":"Formaci\u00f3"},"content":{"rendered":"\t\t<div data-elementor-type=\"wp-page\" data-elementor-id=\"2866\" class=\"elementor elementor-2866 elementor-1720\" data-elementor-post-type=\"page\">\n\t\t\t\t<div class=\"elementor-element elementor-element-3cea977 e-flex e-con-boxed e-con e-parent\" data-id=\"3cea977\" data-element_type=\"container\" data-e-type=\"container\" data-settings=\"{&quot;background_background&quot;:&quot;classic&quot;}\">\n\t\t\t\t\t<div class=\"e-con-inner\">\n\t\t\t\t<div class=\"elementor-element elementor-element-54b49ce elementor-widget elementor-widget-heading\" data-id=\"54b49ce\" data-element_type=\"widget\" data-e-type=\"widget\" data-widget_type=\"heading.default\">\n\t\t\t\t<div class=\"elementor-widget-container\">\n\t\t\t\t\t<h2 class=\"elementor-heading-title elementor-size-default\">Programa d'entrenament<\/h2>\t\t\t\t<\/div>\n\t\t\t\t<\/div>\n\t\t\t\t\t<\/div>\n\t\t\t\t<\/div>\n\t\t<div class=\"elementor-element elementor-element-75fb2a1 e-con-full e-flex e-con e-parent\" data-id=\"75fb2a1\" data-element_type=\"container\" data-e-type=\"container\">\n\t\t<div class=\"elementor-element elementor-element-6c91f27 e-con-full e-flex e-con e-child\" data-id=\"6c91f27\" data-element_type=\"container\" data-e-type=\"container\" data-settings=\"{&quot;position&quot;:&quot;fixed&quot;}\">\n\t\t\t\t<div class=\"elementor-element elementor-element-6120eaf elementor-view-default elementor-widget elementor-widget-icon\" data-id=\"6120eaf\" data-element_type=\"widget\" data-e-type=\"widget\" data-widget_type=\"icon.default\">\n\t\t\t\t<div class=\"elementor-widget-container\">\n\t\t\t\t\t\t\t<div class=\"elementor-icon-wrapper\">\n\t\t\t<a class=\"elementor-icon\" href=\"#elementor-action%3Aaction%3Dpopup%3Aopen%26settings%3DeyJpZCI6MjU4NSwidG9nZ2xlIjpmYWxzZX0%3D\" rel=\"nofollow\">\n\t\t\t<svg aria-hidden=\"true\" class=\"e-font-icon-svg e-fas-home\" viewBox=\"0 0 576 512\" xmlns=\"http:\/\/www.w3.org\/2000\/svg\"><path d=\"M280.37 148.26L96 300.11V464a16 16 0 0 0 16 16l112.06-.29a16 16 0 0 0 15.92-16V368a16 16 0 0 1 16-16h64a16 16 0 0 1 16 16v95.64a16 16 0 0 0 16 16.05L464 480a16 16 0 0 0 16-16V300L295.67 148.26a12.19 12.19 0 0 0-15.3 0zM571.6 251.47L488 182.56V44.05a12 12 0 0 0-12-12h-56a12 12 0 0 0-12 12v72.61L318.47 43a48 48 0 0 0-61 0L4.34 251.47a12 12 0 0 0-1.6 16.9l25.5 31A12 12 0 0 0 45.15 301l235.22-193.74a12.19 12.19 0 0 1 15.3 0L530.9 301a12 12 0 0 0 16.9-1.6l25.5-31a12 12 0 0 0-1.7-16.93z\"><\/path><\/svg>\t\t\t<\/a>\n\t\t<\/div>\n\t\t\t\t\t\t<\/div>\n\t\t\t\t<\/div>\n\t\t\t\t<\/div>\n\t\t\t\t<\/div>\n\t\t<div class=\"elementor-element elementor-element-54dada4 e-flex e-con-boxed e-con e-parent\" data-id=\"54dada4\" data-element_type=\"container\" data-e-type=\"container\">\n\t\t\t\t\t<div class=\"e-con-inner\">\n\t\t<div class=\"elementor-element elementor-element-5e55e1e e-con-full e-flex e-con e-child\" data-id=\"5e55e1e\" data-element_type=\"container\" data-e-type=\"container\">\n\t\t<div class=\"elementor-element elementor-element-068a1e1 e-flex e-con-boxed e-con e-child\" data-id=\"068a1e1\" data-element_type=\"container\" data-e-type=\"container\">\n\t\t\t\t\t<div class=\"e-con-inner\">\n\t\t\t\t<div class=\"elementor-element elementor-element-9add7fc elementor-widget elementor-widget-heading\" data-id=\"9add7fc\" data-element_type=\"widget\" data-e-type=\"widget\" data-widget_type=\"heading.default\">\n\t\t\t\t<div class=\"elementor-widget-container\">\n\t\t\t\t\t<h1 class=\"elementor-heading-title elementor-size-default\">Podem ajudar a la seva empresa a millorar el coneixement i l'experi\u00e8ncia dels seus t\u00e8cnics en els \u00e0mbits en qu\u00e8 som especialistes, mitjan\u00e7ant una assessoria pr\u00e0ctica i pr\u00e0ctica.  <\/h1>\t\t\t\t<\/div>\n\t\t\t\t<\/div>\n\t\t\t\t\t<\/div>\n\t\t\t\t<\/div>\n\t\t\t\t<\/div>\n\t\t<div class=\"elementor-element elementor-element-344c742 e-con-full e-flex e-con e-child\" data-id=\"344c742\" data-element_type=\"container\" data-e-type=\"container\">\n\t\t<div class=\"elementor-element elementor-element-2a1a9b1 e-flex e-con-boxed e-con e-child\" data-id=\"2a1a9b1\" data-element_type=\"container\" data-e-type=\"container\">\n\t\t\t\t\t<div class=\"e-con-inner\">\n\t\t<div class=\"elementor-element elementor-element-fd6f264 e-flex e-con-boxed e-con e-child\" data-id=\"fd6f264\" data-element_type=\"container\" data-e-type=\"container\">\n\t\t\t\t\t<div class=\"e-con-inner\">\n\t\t\t\t<div class=\"elementor-element elementor-element-0b8a9c1 elementor-widget elementor-widget-heading\" data-id=\"0b8a9c1\" data-element_type=\"widget\" data-e-type=\"widget\" data-widget_type=\"heading.default\">\n\t\t\t\t<div class=\"elementor-widget-container\">\n\t\t\t\t\t<h3 class=\"elementor-heading-title elementor-size-default\">Tamb\u00e9 som especialistes en formaci\u00f3 universit\u00e0ria reglada, la qual cosa ens permet ajudar a crear un programa a mida per a les empreses que es puguin beneficiar d'ajuts.<\/h3>\t\t\t\t<\/div>\n\t\t\t\t<\/div>\n\t\t\t\t\t<\/div>\n\t\t\t\t<\/div>\n\t\t\t\t\t<\/div>\n\t\t\t\t<\/div>\n\t\t\t\t<\/div>\n\t\t\t\t\t<\/div>\n\t\t\t\t<\/div>\n\t\t<div class=\"elementor-element elementor-element-636c2e5 e-flex e-con-boxed e-con e-parent\" data-id=\"636c2e5\" data-element_type=\"container\" data-e-type=\"container\">\n\t\t\t\t\t<div class=\"e-con-inner\">\n\t\t<div class=\"elementor-element elementor-element-26e98cf e-con-full e-flex e-con e-child\" data-id=\"26e98cf\" data-element_type=\"container\" data-e-type=\"container\">\n\t\t\t\t<div class=\"elementor-element elementor-element-70ca0ce uael-img-grid-tablet__column-2 uael-img-grid-mobile__column-1 uael-img-grid__column-4 uael-ins-normal elementor-widget elementor-widget-uael-image-gallery\" data-id=\"70ca0ce\" data-element_type=\"widget\" data-e-type=\"widget\" data-settings=\"{&quot;gallery_columns_tablet&quot;:&quot;2&quot;,&quot;gallery_columns_mobile&quot;:&quot;1&quot;,&quot;gallery_columns&quot;:&quot;4&quot;,&quot;column_gap&quot;:{&quot;unit&quot;:&quot;px&quot;,&quot;size&quot;:20,&quot;sizes&quot;:[]},&quot;column_gap_tablet&quot;:{&quot;unit&quot;:&quot;px&quot;,&quot;size&quot;:&quot;&quot;,&quot;sizes&quot;:[]},&quot;column_gap_mobile&quot;:{&quot;unit&quot;:&quot;px&quot;,&quot;size&quot;:&quot;&quot;,&quot;sizes&quot;:[]},&quot;row_gap&quot;:{&quot;unit&quot;:&quot;px&quot;,&quot;size&quot;:20,&quot;sizes&quot;:[]},&quot;row_gap_tablet&quot;:{&quot;unit&quot;:&quot;px&quot;,&quot;size&quot;:&quot;&quot;,&quot;sizes&quot;:[]},&quot;row_gap_mobile&quot;:{&quot;unit&quot;:&quot;px&quot;,&quot;size&quot;:&quot;&quot;,&quot;sizes&quot;:[]},&quot;images_valign&quot;:&quot;flex-start&quot;}\" data-widget_type=\"uael-image-gallery.default\">\n\t\t\t\t<div class=\"elementor-widget-container\">\n\t\t\t\t\t<div class=\"uael-gallery-parent uael-caption- uael-gallery-unjustified\"><div class=\"uael-img-gallery-wrap uael-img-grid-wrap uael-img-grid-masonry-wrap uael-image-lightbox-wrap\" data-filter-default=\"Tots\" data-lightbox_actions=\"[&quot;close&quot;]\" data-lightbox-gallery-loop=\"\"><div class=\"uael-grid-item  uael-img-gallery-item-1\"><div class=\"uael-grid-item-content\"><a class=\"uael-grid-img uael-grid-gallery-img uael-ins-hover elementor-clickable\" data-fancybox=\"uael-gallery\" href=\"https:\/\/innovaiot.com\/wp-content\/uploads\/2024\/03\/training1.png\" data-elementor-open-lightbox=\"no\"><div class=\"uael-grid-img-thumbnail uael-ins-target\"><img fetchpriority=\"high\" decoding=\"async\" width=\"768\" height=\"426\" src=\"https:\/\/innovaiot.com\/wp-content\/uploads\/2024\/03\/training1-768x426.png\" class=\"attachment-medium_large size-medium_large wp-image-1755\" alt=\"\" srcset=\"https:\/\/innovaiot.com\/wp-content\/uploads\/2024\/03\/training1-768x426.png 768w, https:\/\/innovaiot.com\/wp-content\/uploads\/2024\/03\/training1-300x166.png 300w, https:\/\/innovaiot.com\/wp-content\/uploads\/2024\/03\/training1.png 888w\" sizes=\"(max-width: 768px) 100vw, 768px\" \/><\/div><div class=\"uael-grid-img-overlay\"><\/div><\/a><\/div><\/div><div class=\"uael-grid-item  uael-img-gallery-item-2\"><div class=\"uael-grid-item-content\"><a class=\"uael-grid-img uael-grid-gallery-img uael-ins-hover elementor-clickable\" data-fancybox=\"uael-gallery\" href=\"https:\/\/innovaiot.com\/wp-content\/uploads\/2024\/03\/training2.png\" data-elementor-open-lightbox=\"no\"><div class=\"uael-grid-img-thumbnail uael-ins-target\"><img decoding=\"async\" width=\"768\" height=\"432\" src=\"https:\/\/innovaiot.com\/wp-content\/uploads\/2024\/03\/training2-768x432.png\" class=\"attachment-medium_large size-medium_large wp-image-1752\" alt=\"\" srcset=\"https:\/\/innovaiot.com\/wp-content\/uploads\/2024\/03\/training2-768x432.png 768w, https:\/\/innovaiot.com\/wp-content\/uploads\/2024\/03\/training2-300x169.png 300w, https:\/\/innovaiot.com\/wp-content\/uploads\/2024\/03\/training2.png 888w\" sizes=\"(max-width: 768px) 100vw, 768px\" \/><\/div><div class=\"uael-grid-img-overlay\"><\/div><\/a><\/div><\/div><div class=\"uael-grid-item  uael-img-gallery-item-3\"><div class=\"uael-grid-item-content\"><a class=\"uael-grid-img uael-grid-gallery-img uael-ins-hover elementor-clickable\" data-fancybox=\"uael-gallery\" href=\"https:\/\/innovaiot.com\/wp-content\/uploads\/2024\/03\/training3.png\" data-elementor-open-lightbox=\"no\"><div class=\"uael-grid-img-thumbnail uael-ins-target\"><img decoding=\"async\" width=\"768\" height=\"432\" src=\"https:\/\/innovaiot.com\/wp-content\/uploads\/2024\/03\/training3-768x432.png\" class=\"attachment-medium_large size-medium_large wp-image-1749\" alt=\"\" srcset=\"https:\/\/innovaiot.com\/wp-content\/uploads\/2024\/03\/training3-768x432.png 768w, https:\/\/innovaiot.com\/wp-content\/uploads\/2024\/03\/training3-300x169.png 300w, https:\/\/innovaiot.com\/wp-content\/uploads\/2024\/03\/training3.png 888w\" sizes=\"(max-width: 768px) 100vw, 768px\" \/><\/div><div class=\"uael-grid-img-overlay\"><\/div><\/a><\/div><\/div><div class=\"uael-grid-item  uael-img-gallery-item-4\"><div class=\"uael-grid-item-content\"><a class=\"uael-grid-img uael-grid-gallery-img uael-ins-hover elementor-clickable\" data-fancybox=\"uael-gallery\" href=\"https:\/\/innovaiot.com\/wp-content\/uploads\/2024\/03\/training4.png\" data-elementor-open-lightbox=\"no\"><div class=\"uael-grid-img-thumbnail uael-ins-target\"><img loading=\"lazy\" decoding=\"async\" width=\"768\" height=\"432\" src=\"https:\/\/innovaiot.com\/wp-content\/uploads\/2024\/03\/training4-768x432.png\" class=\"attachment-medium_large size-medium_large wp-image-1746\" alt=\"\" srcset=\"https:\/\/innovaiot.com\/wp-content\/uploads\/2024\/03\/training4-768x432.png 768w, https:\/\/innovaiot.com\/wp-content\/uploads\/2024\/03\/training4-300x169.png 300w, https:\/\/innovaiot.com\/wp-content\/uploads\/2024\/03\/training4.png 888w\" sizes=\"(max-width: 768px) 100vw, 768px\" \/><\/div><div class=\"uael-grid-img-overlay\"><\/div><\/a><\/div><\/div><\/div><\/div>\t\t\t\t<\/div>\n\t\t\t\t<\/div>\n\t\t\t\t<\/div>\n\t\t\t\t\t<\/div>\n\t\t\t\t<\/div>\n\t\t\t\t<\/div>\n\t\t","protected":false},"excerpt":{"rendered":"<p>Ens agradaria ajudar-te en el teu cam\u00ed des de parlar d&#8217;Innovaci\u00f3 fins a fer-ho realitat.<\/p>\n","protected":false},"author":1,"featured_media":0,"parent":0,"menu_order":0,"comment_status":"closed","ping_status":"closed","template":"","meta":{"inline_featured_image":false,"footnotes":""},"class_list":["post-2866","page","type-page","status-publish","hentry"],"yoast_head":"<!-- This site is optimized with the Yoast SEO plugin v27.3 - https:\/\/yoast.com\/product\/yoast-seo-wordpress\/ -->\n<title>Formaci\u00f3<\/title>\n<meta name=\"description\" content=\"Podem ajudar la vostra empresa a millorar els coneixements i l&#039;experi\u00e8ncia dels vostres t\u00e8cnics en els camps en qu\u00e8 som especialistes, mitjan\u00e7ant una consultoria pr\u00e0ctica i participativa.\" \/>\n<meta name=\"robots\" content=\"index, follow, max-snippet:-1, max-image-preview:large, max-video-preview:-1\" \/>\n<link rel=\"canonical\" href=\"https:\/\/innovaiot.com\/ca\/formacio\/\" \/>\n<meta property=\"og:locale\" content=\"ca_ES\" \/>\n<meta property=\"og:type\" content=\"article\" \/>\n<meta property=\"og:title\" content=\"Formaci\u00f3\" \/>\n<meta property=\"og:description\" content=\"Podem ajudar la vostra empresa a millorar els coneixements i l&#039;experi\u00e8ncia dels vostres t\u00e8cnics en els camps en qu\u00e8 som especialistes, mitjan\u00e7ant una consultoria pr\u00e0ctica i participativa.\" \/>\n<meta property=\"og:url\" content=\"https:\/\/innovaiot.com\/ca\/formacio\/\" \/>\n<meta property=\"og:site_name\" content=\"INNONVA IOT\" \/>\n<meta property=\"article:modified_time\" content=\"2025-12-16T08:02:46+00:00\" \/>\n<meta property=\"og:image\" content=\"https:\/\/innovaiot.com\/wp-content\/uploads\/2024\/03\/training1.png\" \/>\n\t<meta property=\"og:image:width\" content=\"888\" \/>\n\t<meta property=\"og:image:height\" content=\"492\" \/>\n\t<meta property=\"og:image:type\" content=\"image\/png\" \/>\n<script type=\"application\/ld+json\" class=\"yoast-schema-graph\">{\"@context\":\"https:\\\/\\\/schema.org\",\"@graph\":[{\"@type\":\"WebPage\",\"@id\":\"https:\\\/\\\/innovaiot.com\\\/ca\\\/formacio\\\/\",\"url\":\"https:\\\/\\\/innovaiot.com\\\/ca\\\/formacio\\\/\",\"name\":\"Formaci\u00f3\",\"isPartOf\":{\"@id\":\"https:\\\/\\\/innovaiot.com\\\/ca\\\/#website\"},\"primaryImageOfPage\":{\"@id\":\"https:\\\/\\\/innovaiot.com\\\/ca\\\/formacio\\\/#primaryimage\"},\"image\":{\"@id\":\"https:\\\/\\\/innovaiot.com\\\/ca\\\/formacio\\\/#primaryimage\"},\"thumbnailUrl\":\"https:\\\/\\\/innovaiot.com\\\/wp-content\\\/uploads\\\/2024\\\/03\\\/training1-768x426.png\",\"datePublished\":\"2024-03-04T21:16:10+00:00\",\"dateModified\":\"2025-12-16T08:02:46+00:00\",\"description\":\"Podem ajudar la vostra empresa a millorar els coneixements i l'experi\u00e8ncia dels vostres t\u00e8cnics en els camps en qu\u00e8 som especialistes, mitjan\u00e7ant una consultoria pr\u00e0ctica i participativa.\",\"breadcrumb\":{\"@id\":\"https:\\\/\\\/innovaiot.com\\\/ca\\\/formacio\\\/#breadcrumb\"},\"inLanguage\":\"ca\",\"potentialAction\":[{\"@type\":\"ReadAction\",\"target\":[\"https:\\\/\\\/innovaiot.com\\\/ca\\\/formacio\\\/\"]}]},{\"@type\":\"ImageObject\",\"inLanguage\":\"ca\",\"@id\":\"https:\\\/\\\/innovaiot.com\\\/ca\\\/formacio\\\/#primaryimage\",\"url\":\"https:\\\/\\\/innovaiot.com\\\/wp-content\\\/uploads\\\/2024\\\/03\\\/training1-768x426.png\",\"contentUrl\":\"https:\\\/\\\/innovaiot.com\\\/wp-content\\\/uploads\\\/2024\\\/03\\\/training1-768x426.png\"},{\"@type\":\"BreadcrumbList\",\"@id\":\"https:\\\/\\\/innovaiot.com\\\/ca\\\/formacio\\\/#breadcrumb\",\"itemListElement\":[{\"@type\":\"ListItem\",\"position\":1,\"name\":\"Home\",\"item\":\"https:\\\/\\\/innovaiot.com\\\/ca\\\/\"},{\"@type\":\"ListItem\",\"position\":2,\"name\":\"Formaci\u00f3\"}]},{\"@type\":\"WebSite\",\"@id\":\"https:\\\/\\\/innovaiot.com\\\/ca\\\/#website\",\"url\":\"https:\\\/\\\/innovaiot.com\\\/ca\\\/\",\"name\":\"INNONVA IOT\",\"description\":\"Innovation &amp; Design Tech Consultancy\",\"publisher\":{\"@id\":\"https:\\\/\\\/innovaiot.com\\\/ca\\\/#organization\"},\"potentialAction\":[{\"@type\":\"SearchAction\",\"target\":{\"@type\":\"EntryPoint\",\"urlTemplate\":\"https:\\\/\\\/innovaiot.com\\\/ca\\\/?s={search_term_string}\"},\"query-input\":{\"@type\":\"PropertyValueSpecification\",\"valueRequired\":true,\"valueName\":\"search_term_string\"}}],\"inLanguage\":\"ca\"},{\"@type\":\"Organization\",\"@id\":\"https:\\\/\\\/innovaiot.com\\\/ca\\\/#organization\",\"name\":\"INNONVA IOT\",\"url\":\"https:\\\/\\\/innovaiot.com\\\/ca\\\/\",\"logo\":{\"@type\":\"ImageObject\",\"inLanguage\":\"ca\",\"@id\":\"https:\\\/\\\/innovaiot.com\\\/ca\\\/#\\\/schema\\\/logo\\\/image\\\/\",\"url\":\"https:\\\/\\\/innovaiot.com\\\/wp-content\\\/uploads\\\/2024\\\/02\\\/innoviot-logo.png\",\"contentUrl\":\"https:\\\/\\\/innovaiot.com\\\/wp-content\\\/uploads\\\/2024\\\/02\\\/innoviot-logo.png\",\"width\":450,\"height\":166,\"caption\":\"INNONVA IOT\"},\"image\":{\"@id\":\"https:\\\/\\\/innovaiot.com\\\/ca\\\/#\\\/schema\\\/logo\\\/image\\\/\"}}]}<\/script>\n<!-- \/ Yoast SEO plugin. -->","yoast_head_json":{"title":"Formaci\u00f3","description":"Podem ajudar la vostra empresa a millorar els coneixements i l'experi\u00e8ncia dels vostres t\u00e8cnics en els camps en qu\u00e8 som especialistes, mitjan\u00e7ant una consultoria pr\u00e0ctica i participativa.","robots":{"index":"index","follow":"follow","max-snippet":"max-snippet:-1","max-image-preview":"max-image-preview:large","max-video-preview":"max-video-preview:-1"},"canonical":"https:\/\/innovaiot.com\/ca\/formacio\/","og_locale":"ca_ES","og_type":"article","og_title":"Formaci\u00f3","og_description":"Podem ajudar la vostra empresa a millorar els coneixements i l'experi\u00e8ncia dels vostres t\u00e8cnics en els camps en qu\u00e8 som especialistes, mitjan\u00e7ant una consultoria pr\u00e0ctica i participativa.","og_url":"https:\/\/innovaiot.com\/ca\/formacio\/","og_site_name":"INNONVA IOT","article_modified_time":"2025-12-16T08:02:46+00:00","og_image":[{"width":888,"height":492,"url":"https:\/\/innovaiot.com\/wp-content\/uploads\/2024\/03\/training1.png","type":"image\/png"}],"schema":{"@context":"https:\/\/schema.org","@graph":[{"@type":"WebPage","@id":"https:\/\/innovaiot.com\/ca\/formacio\/","url":"https:\/\/innovaiot.com\/ca\/formacio\/","name":"Formaci\u00f3","isPartOf":{"@id":"https:\/\/innovaiot.com\/ca\/#website"},"primaryImageOfPage":{"@id":"https:\/\/innovaiot.com\/ca\/formacio\/#primaryimage"},"image":{"@id":"https:\/\/innovaiot.com\/ca\/formacio\/#primaryimage"},"thumbnailUrl":"https:\/\/innovaiot.com\/wp-content\/uploads\/2024\/03\/training1-768x426.png","datePublished":"2024-03-04T21:16:10+00:00","dateModified":"2025-12-16T08:02:46+00:00","description":"Podem ajudar la vostra empresa a millorar els coneixements i l'experi\u00e8ncia dels vostres t\u00e8cnics en els camps en qu\u00e8 som especialistes, mitjan\u00e7ant una consultoria pr\u00e0ctica i participativa.","breadcrumb":{"@id":"https:\/\/innovaiot.com\/ca\/formacio\/#breadcrumb"},"inLanguage":"ca","potentialAction":[{"@type":"ReadAction","target":["https:\/\/innovaiot.com\/ca\/formacio\/"]}]},{"@type":"ImageObject","inLanguage":"ca","@id":"https:\/\/innovaiot.com\/ca\/formacio\/#primaryimage","url":"https:\/\/innovaiot.com\/wp-content\/uploads\/2024\/03\/training1-768x426.png","contentUrl":"https:\/\/innovaiot.com\/wp-content\/uploads\/2024\/03\/training1-768x426.png"},{"@type":"BreadcrumbList","@id":"https:\/\/innovaiot.com\/ca\/formacio\/#breadcrumb","itemListElement":[{"@type":"ListItem","position":1,"name":"Home","item":"https:\/\/innovaiot.com\/ca\/"},{"@type":"ListItem","position":2,"name":"Formaci\u00f3"}]},{"@type":"WebSite","@id":"https:\/\/innovaiot.com\/ca\/#website","url":"https:\/\/innovaiot.com\/ca\/","name":"INNONVA IOT","description":"Innovation &amp; Design Tech Consultancy","publisher":{"@id":"https:\/\/innovaiot.com\/ca\/#organization"},"potentialAction":[{"@type":"SearchAction","target":{"@type":"EntryPoint","urlTemplate":"https:\/\/innovaiot.com\/ca\/?s={search_term_string}"},"query-input":{"@type":"PropertyValueSpecification","valueRequired":true,"valueName":"search_term_string"}}],"inLanguage":"ca"},{"@type":"Organization","@id":"https:\/\/innovaiot.com\/ca\/#organization","name":"INNONVA IOT","url":"https:\/\/innovaiot.com\/ca\/","logo":{"@type":"ImageObject","inLanguage":"ca","@id":"https:\/\/innovaiot.com\/ca\/#\/schema\/logo\/image\/","url":"https:\/\/innovaiot.com\/wp-content\/uploads\/2024\/02\/innoviot-logo.png","contentUrl":"https:\/\/innovaiot.com\/wp-content\/uploads\/2024\/02\/innoviot-logo.png","width":450,"height":166,"caption":"INNONVA IOT"},"image":{"@id":"https:\/\/innovaiot.com\/ca\/#\/schema\/logo\/image\/"}}]}},"_links":{"self":[{"href":"https:\/\/innovaiot.com\/ca\/wp-json\/wp\/v2\/pages\/2866","targetHints":{"allow":["GET"]}}],"collection":[{"href":"https:\/\/innovaiot.com\/ca\/wp-json\/wp\/v2\/pages"}],"about":[{"href":"https:\/\/innovaiot.com\/ca\/wp-json\/wp\/v2\/types\/page"}],"author":[{"embeddable":true,"href":"https:\/\/innovaiot.com\/ca\/wp-json\/wp\/v2\/users\/1"}],"replies":[{"embeddable":true,"href":"https:\/\/innovaiot.com\/ca\/wp-json\/wp\/v2\/comments?post=2866"}],"version-history":[{"count":1,"href":"https:\/\/innovaiot.com\/ca\/wp-json\/wp\/v2\/pages\/2866\/revisions"}],"predecessor-version":[{"id":3392,"href":"https:\/\/innovaiot.com\/ca\/wp-json\/wp\/v2\/pages\/2866\/revisions\/3392"}],"wp:attachment":[{"href":"https:\/\/innovaiot.com\/ca\/wp-json\/wp\/v2\/media?parent=2866"}],"curies":[{"name":"wp","href":"https:\/\/api.w.org\/{rel}","templated":true}]}}