{"id":2858,"date":"2024-03-04T22:24:41","date_gmt":"2024-03-04T22:24:41","guid":{"rendered":"https:\/\/innovaiot.com\/revisio-del-disseny\/"},"modified":"2025-12-16T08:04:26","modified_gmt":"2025-12-16T08:04:26","slug":"revisio-del-disseny","status":"publish","type":"page","link":"https:\/\/innovaiot.com\/ca\/revisio-del-disseny\/","title":{"rendered":"Revisi\u00f3 del disseny"},"content":{"rendered":"\t\t<div data-elementor-type=\"wp-page\" data-elementor-id=\"2858\" class=\"elementor elementor-2858 elementor-1767\" data-elementor-post-type=\"page\">\n\t\t\t\t<div class=\"elementor-element elementor-element-3cea977 e-flex e-con-boxed e-con e-parent\" data-id=\"3cea977\" data-element_type=\"container\" data-e-type=\"container\" data-settings=\"{&quot;background_background&quot;:&quot;classic&quot;}\">\n\t\t\t\t\t<div class=\"e-con-inner\">\n\t\t\t\t\t<\/div>\n\t\t\t\t<\/div>\n\t\t<div class=\"elementor-element elementor-element-44b961d e-con-full e-flex e-con e-parent\" data-id=\"44b961d\" data-element_type=\"container\" data-e-type=\"container\">\n\t\t<div class=\"elementor-element elementor-element-1b26ad1 e-con-full e-flex e-con e-child\" data-id=\"1b26ad1\" data-element_type=\"container\" data-e-type=\"container\" data-settings=\"{&quot;position&quot;:&quot;fixed&quot;}\">\n\t\t\t\t<div class=\"elementor-element elementor-element-89c0fba elementor-view-default elementor-widget elementor-widget-icon\" data-id=\"89c0fba\" data-element_type=\"widget\" data-e-type=\"widget\" data-widget_type=\"icon.default\">\n\t\t\t\t<div class=\"elementor-widget-container\">\n\t\t\t\t\t\t\t<div class=\"elementor-icon-wrapper\">\n\t\t\t<a class=\"elementor-icon\" href=\"#elementor-action%3Aaction%3Dpopup%3Aopen%26settings%3DeyJpZCI6MjU4NSwidG9nZ2xlIjpmYWxzZX0%3D\" rel=\"nofollow\">\n\t\t\t<svg aria-hidden=\"true\" class=\"e-font-icon-svg e-fas-home\" viewBox=\"0 0 576 512\" xmlns=\"http:\/\/www.w3.org\/2000\/svg\"><path d=\"M280.37 148.26L96 300.11V464a16 16 0 0 0 16 16l112.06-.29a16 16 0 0 0 15.92-16V368a16 16 0 0 1 16-16h64a16 16 0 0 1 16 16v95.64a16 16 0 0 0 16 16.05L464 480a16 16 0 0 0 16-16V300L295.67 148.26a12.19 12.19 0 0 0-15.3 0zM571.6 251.47L488 182.56V44.05a12 12 0 0 0-12-12h-56a12 12 0 0 0-12 12v72.61L318.47 43a48 48 0 0 0-61 0L4.34 251.47a12 12 0 0 0-1.6 16.9l25.5 31A12 12 0 0 0 45.15 301l235.22-193.74a12.19 12.19 0 0 1 15.3 0L530.9 301a12 12 0 0 0 16.9-1.6l25.5-31a12 12 0 0 0-1.7-16.93z\"><\/path><\/svg>\t\t\t<\/a>\n\t\t<\/div>\n\t\t\t\t\t\t<\/div>\n\t\t\t\t<\/div>\n\t\t\t\t<\/div>\n\t\t\t\t<\/div>\n\t\t<div class=\"elementor-element elementor-element-7fcefc1 e-flex e-con-boxed e-con e-parent\" data-id=\"7fcefc1\" data-element_type=\"container\" data-e-type=\"container\">\n\t\t\t\t\t<div class=\"e-con-inner\">\n\t\t<div class=\"elementor-element elementor-element-bd30347 e-con-full e-flex e-con e-child\" data-id=\"bd30347\" data-element_type=\"container\" data-e-type=\"container\">\n\t\t<div class=\"elementor-element elementor-element-f29d806 e-flex e-con-boxed e-con e-child\" data-id=\"f29d806\" data-element_type=\"container\" data-e-type=\"container\">\n\t\t\t\t\t<div class=\"e-con-inner\">\n\t\t\t\t<div class=\"elementor-element elementor-element-9add7fc elementor-widget elementor-widget-heading\" data-id=\"9add7fc\" data-element_type=\"widget\" data-e-type=\"widget\" data-widget_type=\"heading.default\">\n\t\t\t\t<div class=\"elementor-widget-container\">\n\t\t\t\t\t<h1 class=\"elementor-heading-title elementor-size-default\">En alguns casos, una empresa pot requerir una consultoria independent que revisi el seu disseny (HW o FW) per tal de millorar-lo o validar-lo.<\/h1>\t\t\t\t<\/div>\n\t\t\t\t<\/div>\n\t\t\t\t\t<\/div>\n\t\t\t\t<\/div>\n\t\t\t\t<\/div>\n\t\t<div class=\"elementor-element elementor-element-9ef6860 e-con-full e-flex e-con e-child\" data-id=\"9ef6860\" data-element_type=\"container\" data-e-type=\"container\">\n\t\t<div class=\"elementor-element elementor-element-a113bca e-flex e-con-boxed e-con e-child\" data-id=\"a113bca\" data-element_type=\"container\" data-e-type=\"container\">\n\t\t\t\t\t<div class=\"e-con-inner\">\n\t\t<div class=\"elementor-element elementor-element-935b875 e-flex e-con-boxed e-con e-child\" data-id=\"935b875\" data-element_type=\"container\" data-e-type=\"container\">\n\t\t\t\t\t<div class=\"e-con-inner\">\n\t\t\t\t<div class=\"elementor-element elementor-element-0b8a9c1 elementor-widget elementor-widget-heading\" data-id=\"0b8a9c1\" data-element_type=\"widget\" data-e-type=\"widget\" data-widget_type=\"heading.default\">\n\t\t\t\t<div class=\"elementor-widget-container\">\n\t\t\t\t\t<h3 class=\"elementor-heading-title elementor-size-default\">De vegades perqu\u00e8 podr\u00edeu tenir alguns problemes pr\u00e0ctics i l'ajuda d'un especialista us pot permetre guanyar molt de temps (per exemple, problemes relacionats amb la superaci\u00f3 de proves de compatibilitat electromagn\u00e8tica), de vegades per tenir una opini\u00f3 independent perqu\u00e8 pot ser un disseny cr\u00edtic o de vegades per moltes altres raons.  <\/h3>\t\t\t\t<\/div>\n\t\t\t\t<\/div>\n\t\t\t\t\t<\/div>\n\t\t\t\t<\/div>\n\t\t\t\t\t<\/div>\n\t\t\t\t<\/div>\n\t\t\t\t<\/div>\n\t\t\t\t\t<\/div>\n\t\t\t\t<\/div>\n\t\t<div class=\"elementor-element elementor-element-636c2e5 e-flex e-con-boxed e-con e-parent\" data-id=\"636c2e5\" data-element_type=\"container\" data-e-type=\"container\">\n\t\t\t\t\t<div class=\"e-con-inner\">\n\t\t<div class=\"elementor-element elementor-element-26e98cf e-con-full e-flex e-con e-child\" data-id=\"26e98cf\" data-element_type=\"container\" data-e-type=\"container\">\n\t\t\t\t<div class=\"elementor-element elementor-element-70ca0ce uael-ins-normal elementor-widget elementor-widget-uael-image-gallery\" data-id=\"70ca0ce\" data-element_type=\"widget\" data-e-type=\"widget\" data-settings=\"{&quot;justified_margin_tablet&quot;:{&quot;unit&quot;:&quot;px&quot;,&quot;size&quot;:24,&quot;sizes&quot;:[]},&quot;justified_margin&quot;:{&quot;unit&quot;:&quot;px&quot;,&quot;size&quot;:3,&quot;sizes&quot;:[]},&quot;justified_margin_mobile&quot;:{&quot;unit&quot;:&quot;px&quot;,&quot;size&quot;:&quot;&quot;,&quot;sizes&quot;:[]}}\" data-widget_type=\"uael-image-gallery.default\">\n\t\t\t\t<div class=\"elementor-widget-container\">\n\t\t\t\t\t<div class=\"uael-gallery-parent uael-caption- \"><div class=\"uael-img-gallery-wrap uael-img-justified-wrap uael-img-grid-masonry-wrap uael-image-lightbox-wrap\" data-filter-default=\"Tots\" data-rowheight=\"313\" data-lastrow=\"justify\" data-lightbox_actions=\"[&quot;close&quot;]\" data-lightbox-gallery-loop=\"\"><div class=\"uael-grid-item \"><div class=\"uael-grid-item-content\"><a class=\"uael-grid-img uael-grid-gallery-img uael-ins-hover elementor-clickable\" data-fancybox=\"uael-gallery\" href=\"https:\/\/innovaiot.com\/wp-content\/uploads\/2024\/03\/design-review1.png\" data-elementor-open-lightbox=\"no\"><div class=\"uael-grid-img-thumbnail uael-ins-target\"><img fetchpriority=\"high\" decoding=\"async\" width=\"800\" height=\"600\" src=\"https:\/\/innovaiot.com\/wp-content\/uploads\/2024\/03\/design-review1.png\" class=\"attachment-large size-large wp-image-1778\" alt=\"\" srcset=\"https:\/\/innovaiot.com\/wp-content\/uploads\/2024\/03\/design-review1.png 888w, https:\/\/innovaiot.com\/wp-content\/uploads\/2024\/03\/design-review1-300x225.png 300w, https:\/\/innovaiot.com\/wp-content\/uploads\/2024\/03\/design-review1-768x576.png 768w\" sizes=\"(max-width: 800px) 100vw, 800px\" \/><\/div><div class=\"uael-grid-img-overlay\"><\/div><\/a><\/div><\/div><div class=\"uael-grid-item \"><div class=\"uael-grid-item-content\"><a class=\"uael-grid-img uael-grid-gallery-img uael-ins-hover elementor-clickable\" data-fancybox=\"uael-gallery\" href=\"https:\/\/innovaiot.com\/wp-content\/uploads\/2024\/03\/design-review2.png\" data-elementor-open-lightbox=\"no\"><div class=\"uael-grid-img-thumbnail uael-ins-target\"><img decoding=\"async\" width=\"796\" height=\"431\" src=\"https:\/\/innovaiot.com\/wp-content\/uploads\/2024\/03\/design-review2.png\" class=\"attachment-large size-large wp-image-1775\" alt=\"\" srcset=\"https:\/\/innovaiot.com\/wp-content\/uploads\/2024\/03\/design-review2.png 796w, https:\/\/innovaiot.com\/wp-content\/uploads\/2024\/03\/design-review2-300x162.png 300w, https:\/\/innovaiot.com\/wp-content\/uploads\/2024\/03\/design-review2-768x416.png 768w\" sizes=\"(max-width: 796px) 100vw, 796px\" \/><\/div><div class=\"uael-grid-img-overlay\"><\/div><\/a><\/div><\/div><\/div><\/div>\t\t\t\t<\/div>\n\t\t\t\t<\/div>\n\t\t\t\t<\/div>\n\t\t<div class=\"elementor-element elementor-element-19b21d8 e-flex e-con-boxed e-con e-child\" data-id=\"19b21d8\" data-element_type=\"container\" data-e-type=\"container\">\n\t\t\t\t\t<div class=\"e-con-inner\">\n\t\t<div class=\"elementor-element elementor-element-844b539 e-con-full e-flex e-con e-child\" data-id=\"844b539\" data-element_type=\"container\" data-e-type=\"container\">\n\t\t\t\t<div class=\"elementor-element elementor-element-7f354f9 elementor-widget elementor-widget-text-editor\" data-id=\"7f354f9\" data-element_type=\"widget\" data-e-type=\"widget\" data-widget_type=\"text-editor.default\">\n\t\t\t\t<div class=\"elementor-widget-container\">\n\t\t\t\t\t\t\t\t\t<p style=\"text-align: center;\">Tenim una \u00e0mplia experi\u00e8ncia en donar suport a les empreses que poden requerir aquest servei.<\/p><p style=\"text-align: center;\">I per <strong>garantir la confidencialitat<\/strong> del disseny que voleu revisar, estem oberts a iniciar el proc\u00e9s <strong>signant un Acord de confidencialitat.<\/strong><\/p>\t\t\t\t\t\t\t\t<\/div>\n\t\t\t\t<\/div>\n\t\t\t\t<\/div>\n\t\t\t\t\t<\/div>\n\t\t\t\t<\/div>\n\t\t\t\t\t<\/div>\n\t\t\t\t<\/div>\n\t\t\t\t<\/div>\n\t\t","protected":false},"excerpt":{"rendered":"<p>Ens agradaria ajudar-te en el teu cam\u00ed des de parlar d&#8217;Innovaci\u00f3 fins a fer-ho realitat.<\/p>\n","protected":false},"author":1,"featured_media":0,"parent":0,"menu_order":2,"comment_status":"closed","ping_status":"closed","template":"","meta":{"inline_featured_image":false,"footnotes":""},"class_list":["post-2858","page","type-page","status-publish","hentry"],"yoast_head":"<!-- This site is optimized with the Yoast SEO plugin v27.3 - https:\/\/yoast.com\/product\/yoast-seo-wordpress\/ -->\n<title>Revisi\u00f3 del disseny<\/title>\n<meta name=\"description\" content=\"En alguns casos, una empresa pot requerir una consultoria independent que revisi el seu disseny (HW o FW) per tal de millorar-lo o validar-lo.\" \/>\n<meta name=\"robots\" content=\"index, follow, max-snippet:-1, max-image-preview:large, max-video-preview:-1\" \/>\n<link rel=\"canonical\" href=\"https:\/\/innovaiot.com\/ca\/revisio-del-disseny\/\" \/>\n<meta property=\"og:locale\" content=\"ca_ES\" \/>\n<meta property=\"og:type\" content=\"article\" \/>\n<meta property=\"og:title\" content=\"Revisi\u00f3 del disseny\" \/>\n<meta property=\"og:description\" content=\"En alguns casos, una empresa pot requerir una consultoria independent que revisi el seu disseny (HW o FW) per tal de millorar-lo o validar-lo.\" \/>\n<meta property=\"og:url\" content=\"https:\/\/innovaiot.com\/ca\/revisio-del-disseny\/\" \/>\n<meta property=\"og:site_name\" content=\"INNONVA IOT\" \/>\n<meta property=\"article:modified_time\" content=\"2025-12-16T08:04:26+00:00\" \/>\n<meta property=\"og:image\" content=\"https:\/\/innovaiot.com\/wp-content\/uploads\/2024\/03\/design-review1.png\" \/>\n\t<meta property=\"og:image:width\" content=\"888\" \/>\n\t<meta property=\"og:image:height\" content=\"666\" \/>\n\t<meta property=\"og:image:type\" content=\"image\/png\" \/>\n<script type=\"application\/ld+json\" class=\"yoast-schema-graph\">{\"@context\":\"https:\\\/\\\/schema.org\",\"@graph\":[{\"@type\":\"WebPage\",\"@id\":\"https:\\\/\\\/innovaiot.com\\\/ca\\\/revisio-del-disseny\\\/\",\"url\":\"https:\\\/\\\/innovaiot.com\\\/ca\\\/revisio-del-disseny\\\/\",\"name\":\"Revisi\u00f3 del disseny\",\"isPartOf\":{\"@id\":\"https:\\\/\\\/innovaiot.com\\\/ca\\\/#website\"},\"primaryImageOfPage\":{\"@id\":\"https:\\\/\\\/innovaiot.com\\\/ca\\\/revisio-del-disseny\\\/#primaryimage\"},\"image\":{\"@id\":\"https:\\\/\\\/innovaiot.com\\\/ca\\\/revisio-del-disseny\\\/#primaryimage\"},\"thumbnailUrl\":\"https:\\\/\\\/innovaiot.com\\\/wp-content\\\/uploads\\\/2024\\\/03\\\/design-review1.png\",\"datePublished\":\"2024-03-04T22:24:41+00:00\",\"dateModified\":\"2025-12-16T08:04:26+00:00\",\"description\":\"En alguns casos, una empresa pot requerir una consultoria independent que revisi el seu disseny (HW o FW) per tal de millorar-lo o validar-lo.\",\"breadcrumb\":{\"@id\":\"https:\\\/\\\/innovaiot.com\\\/ca\\\/revisio-del-disseny\\\/#breadcrumb\"},\"inLanguage\":\"ca\",\"potentialAction\":[{\"@type\":\"ReadAction\",\"target\":[\"https:\\\/\\\/innovaiot.com\\\/ca\\\/revisio-del-disseny\\\/\"]}]},{\"@type\":\"ImageObject\",\"inLanguage\":\"ca\",\"@id\":\"https:\\\/\\\/innovaiot.com\\\/ca\\\/revisio-del-disseny\\\/#primaryimage\",\"url\":\"https:\\\/\\\/innovaiot.com\\\/wp-content\\\/uploads\\\/2024\\\/03\\\/design-review1.png\",\"contentUrl\":\"https:\\\/\\\/innovaiot.com\\\/wp-content\\\/uploads\\\/2024\\\/03\\\/design-review1.png\"},{\"@type\":\"BreadcrumbList\",\"@id\":\"https:\\\/\\\/innovaiot.com\\\/ca\\\/revisio-del-disseny\\\/#breadcrumb\",\"itemListElement\":[{\"@type\":\"ListItem\",\"position\":1,\"name\":\"Home\",\"item\":\"https:\\\/\\\/innovaiot.com\\\/ca\\\/\"},{\"@type\":\"ListItem\",\"position\":2,\"name\":\"Revisi\u00f3 del disseny\"}]},{\"@type\":\"WebSite\",\"@id\":\"https:\\\/\\\/innovaiot.com\\\/ca\\\/#website\",\"url\":\"https:\\\/\\\/innovaiot.com\\\/ca\\\/\",\"name\":\"INNONVA IOT\",\"description\":\"Innovation &amp; Design Tech Consultancy\",\"publisher\":{\"@id\":\"https:\\\/\\\/innovaiot.com\\\/ca\\\/#organization\"},\"potentialAction\":[{\"@type\":\"SearchAction\",\"target\":{\"@type\":\"EntryPoint\",\"urlTemplate\":\"https:\\\/\\\/innovaiot.com\\\/ca\\\/?s={search_term_string}\"},\"query-input\":{\"@type\":\"PropertyValueSpecification\",\"valueRequired\":true,\"valueName\":\"search_term_string\"}}],\"inLanguage\":\"ca\"},{\"@type\":\"Organization\",\"@id\":\"https:\\\/\\\/innovaiot.com\\\/ca\\\/#organization\",\"name\":\"INNONVA IOT\",\"url\":\"https:\\\/\\\/innovaiot.com\\\/ca\\\/\",\"logo\":{\"@type\":\"ImageObject\",\"inLanguage\":\"ca\",\"@id\":\"https:\\\/\\\/innovaiot.com\\\/ca\\\/#\\\/schema\\\/logo\\\/image\\\/\",\"url\":\"https:\\\/\\\/innovaiot.com\\\/wp-content\\\/uploads\\\/2024\\\/02\\\/innoviot-logo.png\",\"contentUrl\":\"https:\\\/\\\/innovaiot.com\\\/wp-content\\\/uploads\\\/2024\\\/02\\\/innoviot-logo.png\",\"width\":450,\"height\":166,\"caption\":\"INNONVA IOT\"},\"image\":{\"@id\":\"https:\\\/\\\/innovaiot.com\\\/ca\\\/#\\\/schema\\\/logo\\\/image\\\/\"}}]}<\/script>\n<!-- \/ Yoast SEO plugin. -->","yoast_head_json":{"title":"Revisi\u00f3 del disseny","description":"En alguns casos, una empresa pot requerir una consultoria independent que revisi el seu disseny (HW o FW) per tal de millorar-lo o validar-lo.","robots":{"index":"index","follow":"follow","max-snippet":"max-snippet:-1","max-image-preview":"max-image-preview:large","max-video-preview":"max-video-preview:-1"},"canonical":"https:\/\/innovaiot.com\/ca\/revisio-del-disseny\/","og_locale":"ca_ES","og_type":"article","og_title":"Revisi\u00f3 del disseny","og_description":"En alguns casos, una empresa pot requerir una consultoria independent que revisi el seu disseny (HW o FW) per tal de millorar-lo o validar-lo.","og_url":"https:\/\/innovaiot.com\/ca\/revisio-del-disseny\/","og_site_name":"INNONVA IOT","article_modified_time":"2025-12-16T08:04:26+00:00","og_image":[{"width":888,"height":666,"url":"https:\/\/innovaiot.com\/wp-content\/uploads\/2024\/03\/design-review1.png","type":"image\/png"}],"schema":{"@context":"https:\/\/schema.org","@graph":[{"@type":"WebPage","@id":"https:\/\/innovaiot.com\/ca\/revisio-del-disseny\/","url":"https:\/\/innovaiot.com\/ca\/revisio-del-disseny\/","name":"Revisi\u00f3 del disseny","isPartOf":{"@id":"https:\/\/innovaiot.com\/ca\/#website"},"primaryImageOfPage":{"@id":"https:\/\/innovaiot.com\/ca\/revisio-del-disseny\/#primaryimage"},"image":{"@id":"https:\/\/innovaiot.com\/ca\/revisio-del-disseny\/#primaryimage"},"thumbnailUrl":"https:\/\/innovaiot.com\/wp-content\/uploads\/2024\/03\/design-review1.png","datePublished":"2024-03-04T22:24:41+00:00","dateModified":"2025-12-16T08:04:26+00:00","description":"En alguns casos, una empresa pot requerir una consultoria independent que revisi el seu disseny (HW o FW) per tal de millorar-lo o validar-lo.","breadcrumb":{"@id":"https:\/\/innovaiot.com\/ca\/revisio-del-disseny\/#breadcrumb"},"inLanguage":"ca","potentialAction":[{"@type":"ReadAction","target":["https:\/\/innovaiot.com\/ca\/revisio-del-disseny\/"]}]},{"@type":"ImageObject","inLanguage":"ca","@id":"https:\/\/innovaiot.com\/ca\/revisio-del-disseny\/#primaryimage","url":"https:\/\/innovaiot.com\/wp-content\/uploads\/2024\/03\/design-review1.png","contentUrl":"https:\/\/innovaiot.com\/wp-content\/uploads\/2024\/03\/design-review1.png"},{"@type":"BreadcrumbList","@id":"https:\/\/innovaiot.com\/ca\/revisio-del-disseny\/#breadcrumb","itemListElement":[{"@type":"ListItem","position":1,"name":"Home","item":"https:\/\/innovaiot.com\/ca\/"},{"@type":"ListItem","position":2,"name":"Revisi\u00f3 del disseny"}]},{"@type":"WebSite","@id":"https:\/\/innovaiot.com\/ca\/#website","url":"https:\/\/innovaiot.com\/ca\/","name":"INNONVA IOT","description":"Innovation &amp; Design Tech Consultancy","publisher":{"@id":"https:\/\/innovaiot.com\/ca\/#organization"},"potentialAction":[{"@type":"SearchAction","target":{"@type":"EntryPoint","urlTemplate":"https:\/\/innovaiot.com\/ca\/?s={search_term_string}"},"query-input":{"@type":"PropertyValueSpecification","valueRequired":true,"valueName":"search_term_string"}}],"inLanguage":"ca"},{"@type":"Organization","@id":"https:\/\/innovaiot.com\/ca\/#organization","name":"INNONVA IOT","url":"https:\/\/innovaiot.com\/ca\/","logo":{"@type":"ImageObject","inLanguage":"ca","@id":"https:\/\/innovaiot.com\/ca\/#\/schema\/logo\/image\/","url":"https:\/\/innovaiot.com\/wp-content\/uploads\/2024\/02\/innoviot-logo.png","contentUrl":"https:\/\/innovaiot.com\/wp-content\/uploads\/2024\/02\/innoviot-logo.png","width":450,"height":166,"caption":"INNONVA IOT"},"image":{"@id":"https:\/\/innovaiot.com\/ca\/#\/schema\/logo\/image\/"}}]}},"_links":{"self":[{"href":"https:\/\/innovaiot.com\/ca\/wp-json\/wp\/v2\/pages\/2858","targetHints":{"allow":["GET"]}}],"collection":[{"href":"https:\/\/innovaiot.com\/ca\/wp-json\/wp\/v2\/pages"}],"about":[{"href":"https:\/\/innovaiot.com\/ca\/wp-json\/wp\/v2\/types\/page"}],"author":[{"embeddable":true,"href":"https:\/\/innovaiot.com\/ca\/wp-json\/wp\/v2\/users\/1"}],"replies":[{"embeddable":true,"href":"https:\/\/innovaiot.com\/ca\/wp-json\/wp\/v2\/comments?post=2858"}],"version-history":[{"count":2,"href":"https:\/\/innovaiot.com\/ca\/wp-json\/wp\/v2\/pages\/2858\/revisions"}],"predecessor-version":[{"id":3571,"href":"https:\/\/innovaiot.com\/ca\/wp-json\/wp\/v2\/pages\/2858\/revisions\/3571"}],"wp:attachment":[{"href":"https:\/\/innovaiot.com\/ca\/wp-json\/wp\/v2\/media?parent=2858"}],"curies":[{"name":"wp","href":"https:\/\/api.w.org\/{rel}","templated":true}]}}